{"id":540,"date":"2024-09-18T15:38:42","date_gmt":"2024-09-18T13:38:42","guid":{"rendered":"https:\/\/toscanelli.ms2.decms.eu\/?page_id=540"},"modified":"2024-10-22T17:00:39","modified_gmt":"2024-10-22T15:00:39","slug":"basilique-de-sainte-justine","status":"publish","type":"page","link":"https:\/\/www.toscanelli.com\/fr\/alentours\/basilique-de-sainte-justine\/","title":{"rendered":"Basilique de Sainte Justine"},"content":{"rendered":"<p>L\u2019Abbaye b\u00e9n\u00e9dictine de S.Justine, en plein centre de Padoue, est d\u00e9di\u00e9e \u00e0 <strong>la premi\u00e8re martyre de la ville<\/strong> et retrace ses origines au V\u00e8me si\u00e8cle. Selon la tradition, la basilique fut \u00e9rig\u00e9e \u00e0 proximit\u00e9 du lieu o\u00f9 Justine, jeune femme appartenant \u00e0 l\u2019aristocratie romaine, fut martyris\u00e9e en 304 ap.C. Le lieu de sa s\u00e9pulture devint la destination de nombreux fid\u00e8les. Entre la fin du V\u00e8me si\u00e8cle et les d\u00e9buts du VI\u00e8me si\u00e8cle le patricien romain Opilione fit construire la premi\u00e8re \u00e9glise en l\u2019honneur de Justine.<br \/>\nLe monast\u00e8re b\u00e9n\u00e9dictin annexe fut fond\u00e9 probablement vers la fin du XIX\u00e8me si\u00e8cle et subit diff\u00e9rents \u00e9v\u00e8nements, li\u00e9s \u00e0 l\u2019ascension et \u00e0 la d\u00e9cadence des ordres monastiques. Au XV\u00e8me si\u00e8cle il fut le centre d\u2019une grande r\u00e9forme, oeuvre de l\u2019abb\u00e9 Ludovico Barbo qui mena au renouvelement de tout l\u2019ordre b\u00e9n\u00e9dictin.<br \/>\nLa basilique de S.Justine, <strong>parmi les plus grandes d\u2019Europe<\/strong>, conserve \u00e0 l\u2019int\u00e9rieur le sacellum paleochr\u00e9tien d\u00e9di\u00e9 \u00e0 S.Prosdocimo (fin du V\u00e8me si\u00e8cle), une tr\u00e8s belle pelle v\u00e9ron\u00e8se d\u00e9di\u00e9e \u00e0 S.Justine, un choeur ancien de la seconde moiti\u00e9 du XV\u00e8me si\u00e8cle et un choeur en bois de noyer taill\u00e9 et sculpt\u00e9 par Riccardo Taurigny artiste du XVI\u00e8me si\u00e8cle, le couloir des Martyrs relie la Basilique et l\u2019Abbaye, o\u00f9 se trouve le puits des martyrs oeuvre de 1566. Tr\u00e8s belle \u00e9galement l\u2019arc de S. Luca, oeuvre de l\u2019\u00e9cole pisane de 1316. D\u2019une beaut\u00e9 toute particuli\u00e8re les cloitres annexes \u00e0 l\u2019abbaye.<br \/>\nL\u2019abbaye est \u00e9galement le si\u00e8ge d\u2019un prestigieux<strong> centre de restauration de livres.<\/strong><\/p>\n","protected":false},"excerpt":{"rendered":"<p>L\u2019Abbaye b\u00e9n\u00e9dictine de S.Justine, en plein centre de Padoue, est d\u00e9di\u00e9e \u00e0 la premi\u00e8re martyre de la ville et retrace ses origines au V\u00e8me si\u00e8cle. Selon la tradition, la basilique fut \u00e9rig\u00e9e \u00e0 proximit\u00e9 du lieu o\u00f9 Justine, jeune femme appartenant \u00e0 l\u2019aristocratie romaine, fut martyris\u00e9e en 304 ap.C. Le lieu de sa s\u00e9pulture devint [&hellip;]<\/p>\n","protected":false},"author":26,"featured_media":0,"parent":510,"menu_order":50,"comment_status":"closed","ping_status":"closed","template":"template-default-4.php","meta":{"footnotes":""},"class_list":["post-540","page","type-page","status-publish","hentry"],"yoast_head":"<!-- This site is optimized with the Yoast SEO plugin v27.3 - https:\/\/yoast.com\/product\/yoast-seo-wordpress\/ -->\n<title>Basilique de Sainte Justine &#183; Hotel Majestic Toscanelli &#183;<\/title>\n<meta name=\"description\" content=\"L\u2019Abbaye b\u00e9n\u00e9dictine de S.Justine, en plein centre de Padoue, est d\u00e9di\u00e9e \u00e0 la premi\u00e8re martyre de la ville et retrace ses origines au V\u00e8me si\u00e8cle. Selon la tradition, la basilique fut \u00e9rig\u00e9e \u00e0 proximit\u00e9 du lieu o\u00f9 Justine, jeune femme appartenant \u00e0 l\u2019aristocratie romaine, fut martyris\u00e9e en 304 ap.C\" \/>\n<meta name=\"robots\" content=\"index, follow, max-snippet:-1, max-image-preview:large, max-video-preview:-1\" \/>\n<link rel=\"canonical\" href=\"https:\/\/www.toscanelli.com\/fr\/alentours\/basilique-de-sainte-justine\/\" \/>\n<meta property=\"og:locale\" content=\"fr_FR\" \/>\n<meta property=\"og:type\" content=\"article\" \/>\n<meta property=\"og:title\" content=\"Basilique de Sainte Justine &#183; Hotel Majestic Toscanelli &#183;\" \/>\n<meta property=\"og:description\" content=\"L\u2019Abbaye b\u00e9n\u00e9dictine de S.Justine, en plein centre de Padoue, est d\u00e9di\u00e9e \u00e0 la premi\u00e8re martyre de la ville et retrace ses origines au V\u00e8me si\u00e8cle. Selon la tradition, la basilique fut \u00e9rig\u00e9e \u00e0 proximit\u00e9 du lieu o\u00f9 Justine, jeune femme appartenant \u00e0 l\u2019aristocratie romaine, fut martyris\u00e9e en 304 ap.C\" \/>\n<meta property=\"og:url\" content=\"https:\/\/www.toscanelli.com\/fr\/alentours\/basilique-de-sainte-justine\/\" \/>\n<meta property=\"og:site_name\" content=\"Hotel Majestic Toscanelli\" \/>\n<meta property=\"article:publisher\" content=\"https:\/\/www.facebook.com\/pages\/Majestic-Toscanelli-Hotel\/114599601894384\" \/>\n<meta property=\"article:modified_time\" content=\"2024-10-22T15:00:39+00:00\" \/>\n<meta name=\"twitter:card\" content=\"summary_large_image\" \/>\n<meta name=\"twitter:label1\" content=\"Dur\u00e9e de lecture estim\u00e9e\" \/>\n\t<meta name=\"twitter:data1\" content=\"2 minutes\" \/>\n<script type=\"application\/ld+json\" class=\"yoast-schema-graph\">{\"@context\":\"https:\\\/\\\/schema.org\",\"@graph\":[{\"@type\":\"WebPage\",\"@id\":\"https:\\\/\\\/www.toscanelli.com\\\/fr\\\/alentours\\\/basilique-de-sainte-justine\\\/\",\"url\":\"https:\\\/\\\/www.toscanelli.com\\\/fr\\\/alentours\\\/basilique-de-sainte-justine\\\/\",\"name\":\"Basilique de Sainte Justine &#183; Hotel Majestic Toscanelli &#183;\",\"isPartOf\":{\"@id\":\"https:\\\/\\\/www.toscanelli.com\\\/fr\\\/#website\"},\"datePublished\":\"2024-09-18T13:38:42+00:00\",\"dateModified\":\"2024-10-22T15:00:39+00:00\",\"description\":\"L\u2019Abbaye b\u00e9n\u00e9dictine de S.Justine, en plein centre de Padoue, est d\u00e9di\u00e9e \u00e0 la premi\u00e8re martyre de la ville et retrace ses origines au V\u00e8me si\u00e8cle. Selon la tradition, la basilique fut \u00e9rig\u00e9e \u00e0 proximit\u00e9 du lieu o\u00f9 Justine, jeune femme appartenant \u00e0 l\u2019aristocratie romaine, fut martyris\u00e9e en 304 ap.C\",\"breadcrumb\":{\"@id\":\"https:\\\/\\\/www.toscanelli.com\\\/fr\\\/alentours\\\/basilique-de-sainte-justine\\\/#breadcrumb\"},\"inLanguage\":\"fr-FR\",\"potentialAction\":[{\"@type\":\"ReadAction\",\"target\":[\"https:\\\/\\\/www.toscanelli.com\\\/fr\\\/alentours\\\/basilique-de-sainte-justine\\\/\"]}]},{\"@type\":\"BreadcrumbList\",\"@id\":\"https:\\\/\\\/www.toscanelli.com\\\/fr\\\/alentours\\\/basilique-de-sainte-justine\\\/#breadcrumb\",\"itemListElement\":[{\"@type\":\"ListItem\",\"position\":1,\"name\":\"Home\",\"item\":\"https:\\\/\\\/www.toscanelli.com\\\/fr\\\/\"},{\"@type\":\"ListItem\",\"position\":2,\"name\":\"Alentours\",\"item\":\"https:\\\/\\\/www.toscanelli.com\\\/fr\\\/dintorni\\\/\"},{\"@type\":\"ListItem\",\"position\":3,\"name\":\"Basilique de Sainte Justine\"}]},{\"@type\":\"WebSite\",\"@id\":\"https:\\\/\\\/www.toscanelli.com\\\/fr\\\/#website\",\"url\":\"https:\\\/\\\/www.toscanelli.com\\\/fr\\\/\",\"name\":\"Hotel Majestic Toscanelli\",\"description\":\"\",\"potentialAction\":[{\"@type\":\"SearchAction\",\"target\":{\"@type\":\"EntryPoint\",\"urlTemplate\":\"https:\\\/\\\/www.toscanelli.com\\\/fr\\\/?s={search_term_string}\"},\"query-input\":{\"@type\":\"PropertyValueSpecification\",\"valueRequired\":true,\"valueName\":\"search_term_string\"}}],\"inLanguage\":\"fr-FR\"}]}<\/script>\n<!-- \/ Yoast SEO plugin. -->","yoast_head_json":{"title":"Basilique de Sainte Justine &#183; Hotel Majestic Toscanelli &#183;","description":"L\u2019Abbaye b\u00e9n\u00e9dictine de S.Justine, en plein centre de Padoue, est d\u00e9di\u00e9e \u00e0 la premi\u00e8re martyre de la ville et retrace ses origines au V\u00e8me si\u00e8cle. Selon la tradition, la basilique fut \u00e9rig\u00e9e \u00e0 proximit\u00e9 du lieu o\u00f9 Justine, jeune femme appartenant \u00e0 l\u2019aristocratie romaine, fut martyris\u00e9e en 304 ap.C","robots":{"index":"index","follow":"follow","max-snippet":"max-snippet:-1","max-image-preview":"max-image-preview:large","max-video-preview":"max-video-preview:-1"},"canonical":"https:\/\/www.toscanelli.com\/fr\/alentours\/basilique-de-sainte-justine\/","og_locale":"fr_FR","og_type":"article","og_title":"Basilique de Sainte Justine &#183; Hotel Majestic Toscanelli &#183;","og_description":"L\u2019Abbaye b\u00e9n\u00e9dictine de S.Justine, en plein centre de Padoue, est d\u00e9di\u00e9e \u00e0 la premi\u00e8re martyre de la ville et retrace ses origines au V\u00e8me si\u00e8cle. Selon la tradition, la basilique fut \u00e9rig\u00e9e \u00e0 proximit\u00e9 du lieu o\u00f9 Justine, jeune femme appartenant \u00e0 l\u2019aristocratie romaine, fut martyris\u00e9e en 304 ap.C","og_url":"https:\/\/www.toscanelli.com\/fr\/alentours\/basilique-de-sainte-justine\/","og_site_name":"Hotel Majestic Toscanelli","article_publisher":"https:\/\/www.facebook.com\/pages\/Majestic-Toscanelli-Hotel\/114599601894384","article_modified_time":"2024-10-22T15:00:39+00:00","twitter_card":"summary_large_image","twitter_misc":{"Dur\u00e9e de lecture estim\u00e9e":"2 minutes"},"schema":{"@context":"https:\/\/schema.org","@graph":[{"@type":"WebPage","@id":"https:\/\/www.toscanelli.com\/fr\/alentours\/basilique-de-sainte-justine\/","url":"https:\/\/www.toscanelli.com\/fr\/alentours\/basilique-de-sainte-justine\/","name":"Basilique de Sainte Justine &#183; Hotel Majestic Toscanelli &#183;","isPartOf":{"@id":"https:\/\/www.toscanelli.com\/fr\/#website"},"datePublished":"2024-09-18T13:38:42+00:00","dateModified":"2024-10-22T15:00:39+00:00","description":"L\u2019Abbaye b\u00e9n\u00e9dictine de S.Justine, en plein centre de Padoue, est d\u00e9di\u00e9e \u00e0 la premi\u00e8re martyre de la ville et retrace ses origines au V\u00e8me si\u00e8cle. Selon la tradition, la basilique fut \u00e9rig\u00e9e \u00e0 proximit\u00e9 du lieu o\u00f9 Justine, jeune femme appartenant \u00e0 l\u2019aristocratie romaine, fut martyris\u00e9e en 304 ap.C","breadcrumb":{"@id":"https:\/\/www.toscanelli.com\/fr\/alentours\/basilique-de-sainte-justine\/#breadcrumb"},"inLanguage":"fr-FR","potentialAction":[{"@type":"ReadAction","target":["https:\/\/www.toscanelli.com\/fr\/alentours\/basilique-de-sainte-justine\/"]}]},{"@type":"BreadcrumbList","@id":"https:\/\/www.toscanelli.com\/fr\/alentours\/basilique-de-sainte-justine\/#breadcrumb","itemListElement":[{"@type":"ListItem","position":1,"name":"Home","item":"https:\/\/www.toscanelli.com\/fr\/"},{"@type":"ListItem","position":2,"name":"Alentours","item":"https:\/\/www.toscanelli.com\/fr\/dintorni\/"},{"@type":"ListItem","position":3,"name":"Basilique de Sainte Justine"}]},{"@type":"WebSite","@id":"https:\/\/www.toscanelli.com\/fr\/#website","url":"https:\/\/www.toscanelli.com\/fr\/","name":"Hotel Majestic Toscanelli","description":"","potentialAction":[{"@type":"SearchAction","target":{"@type":"EntryPoint","urlTemplate":"https:\/\/www.toscanelli.com\/fr\/?s={search_term_string}"},"query-input":{"@type":"PropertyValueSpecification","valueRequired":true,"valueName":"search_term_string"}}],"inLanguage":"fr-FR"}]}},"acf":[],"_links":{"self":[{"href":"https:\/\/www.toscanelli.com\/fr\/wp-json\/wp\/v2\/pages\/540","targetHints":{"allow":["GET"]}}],"collection":[{"href":"https:\/\/www.toscanelli.com\/fr\/wp-json\/wp\/v2\/pages"}],"about":[{"href":"https:\/\/www.toscanelli.com\/fr\/wp-json\/wp\/v2\/types\/page"}],"author":[{"embeddable":true,"href":"https:\/\/www.toscanelli.com\/fr\/wp-json\/wp\/v2\/users\/26"}],"replies":[{"embeddable":true,"href":"https:\/\/www.toscanelli.com\/fr\/wp-json\/wp\/v2\/comments?post=540"}],"version-history":[{"count":0,"href":"https:\/\/www.toscanelli.com\/fr\/wp-json\/wp\/v2\/pages\/540\/revisions"}],"up":[{"embeddable":true,"href":"https:\/\/www.toscanelli.com\/fr\/wp-json\/wp\/v2\/pages\/510"}],"wp:attachment":[{"href":"https:\/\/www.toscanelli.com\/fr\/wp-json\/wp\/v2\/media?parent=540"}],"curies":[{"name":"wp","href":"https:\/\/api.w.org\/{rel}","templated":true}]}}