{"id":537,"date":"2024-09-18T15:38:25","date_gmt":"2024-09-18T13:38:25","guid":{"rendered":"https:\/\/toscanelli.ms2.decms.eu\/?page_id=537"},"modified":"2024-10-22T17:00:23","modified_gmt":"2024-10-22T15:00:23","slug":"jardin-botanique","status":"publish","type":"page","link":"https:\/\/www.toscanelli.com\/fr\/alentours\/jardin-botanique\/","title":{"rendered":"Jardin Botanique"},"content":{"rendered":"<p>Il s\u2019agit du <strong>jardin botanique universitaire<\/strong> <strong>le plus ancien d\u2019Europe<\/strong> et abrite une importante collection de plantes rares, une ancienne biblioth\u00e8que et les collections botaniques de l\u2019Universit\u00e9.<br \/>\nUn palmier, \u00ab\u00a0Palmier de Goethe\u00a0\u00bb plant\u00e9 en 1585 est encore visible aujourd\u2019hui .<br \/>\nA partir du 1997 le Jardin Botanique <strong>fait partie de l\u2019UNESCO<\/strong>: \u00ab\u00a0Le jardin botanique de Padoue est \u00e0 l\u2019origine de tous les jardins botaniques du monde et repr\u00e9sente le berceau de la science, des \u00e9changes scientifiques et de la compr\u00e9hension des relations entre la nature et la culture. Il a largement contribu\u00e9 \u00e0 l\u2019essor de nombreuses disciplines scientifiques modernes, notamment la botanique, la m\u00e9dicine, la chimie, l\u2019\u00e9cologie et la pharmacie\u00a0\u00bb<\/p>\n","protected":false},"excerpt":{"rendered":"<p>Il s\u2019agit du jardin botanique universitaire le plus ancien d\u2019Europe et abrite une importante collection de plantes rares, une ancienne biblioth\u00e8que et les collections botaniques de l\u2019Universit\u00e9. Un palmier, \u00ab\u00a0Palmier de Goethe\u00a0\u00bb plant\u00e9 en 1585 est encore visible aujourd\u2019hui . A partir du 1997 le Jardin Botanique fait partie de l\u2019UNESCO: \u00ab\u00a0Le jardin botanique de [&hellip;]<\/p>\n","protected":false},"author":26,"featured_media":0,"parent":510,"menu_order":40,"comment_status":"closed","ping_status":"closed","template":"template-default-4.php","meta":{"footnotes":""},"class_list":["post-537","page","type-page","status-publish","hentry"],"yoast_head":"<!-- This site is optimized with the Yoast SEO plugin v27.3 - https:\/\/yoast.com\/product\/yoast-seo-wordpress\/ -->\n<title>Jardin Botanique &#183; Hotel Majestic Toscanelli &#183;<\/title>\n<meta name=\"description\" content=\"Il s\u2019agit du jardin botanique universitaire le plus ancien d\u2019Europe et abrite une importante collection de plantes rares, une ancienne biblioth\u00e8que et les collections botaniques de l\u2019Universit\u00e9. Un palmier, \u00ab\u00a0Palmier de Goethe\u00a0\u00bb plant\u00e9 en 1585 est encore visible aujourd\u2019hui . A partir du 1997 le Jardin Botanique fait partie de l\u2019UNESCO: \u00ab\u00a0Le jardin botanique de Padoue est \u00e0 l\u2019origine de tous les jardins botaniques du monde et repr\u00e9sente le berceau de la science, des \u00e9changes scientifiques et de la compr\u00e9hension des relations entre la nature et la culture. Il a largement contribu\u00e9 \u00e0 l\u2019essor de nombreuses disciplines scientifiques modernes, notamment la botanique, la m\u00e9dicine, la chimie, l\u2019\u00e9cologie et la pharmacie\u00a0\u00bb\" \/>\n<meta name=\"robots\" content=\"index, follow, max-snippet:-1, max-image-preview:large, max-video-preview:-1\" \/>\n<link rel=\"canonical\" href=\"https:\/\/www.toscanelli.com\/fr\/alentours\/jardin-botanique\/\" \/>\n<meta property=\"og:locale\" content=\"fr_FR\" \/>\n<meta property=\"og:type\" content=\"article\" \/>\n<meta property=\"og:title\" content=\"Jardin Botanique &#183; Hotel Majestic Toscanelli &#183;\" \/>\n<meta property=\"og:description\" content=\"Il s\u2019agit du jardin botanique universitaire le plus ancien d\u2019Europe et abrite une importante collection de plantes rares, une ancienne biblioth\u00e8que et les collections botaniques de l\u2019Universit\u00e9. Un palmier, \u00ab\u00a0Palmier de Goethe\u00a0\u00bb plant\u00e9 en 1585 est encore visible aujourd\u2019hui . A partir du 1997 le Jardin Botanique fait partie de l\u2019UNESCO: \u00ab\u00a0Le jardin botanique de Padoue est \u00e0 l\u2019origine de tous les jardins botaniques du monde et repr\u00e9sente le berceau de la science, des \u00e9changes scientifiques et de la compr\u00e9hension des relations entre la nature et la culture. Il a largement contribu\u00e9 \u00e0 l\u2019essor de nombreuses disciplines scientifiques modernes, notamment la botanique, la m\u00e9dicine, la chimie, l\u2019\u00e9cologie et la pharmacie\u00a0\u00bb\" \/>\n<meta property=\"og:url\" content=\"https:\/\/www.toscanelli.com\/fr\/alentours\/jardin-botanique\/\" \/>\n<meta property=\"og:site_name\" content=\"Hotel Majestic Toscanelli\" \/>\n<meta property=\"article:publisher\" content=\"https:\/\/www.facebook.com\/pages\/Majestic-Toscanelli-Hotel\/114599601894384\" \/>\n<meta property=\"article:modified_time\" content=\"2024-10-22T15:00:23+00:00\" \/>\n<meta name=\"twitter:card\" content=\"summary_large_image\" \/>\n<meta name=\"twitter:label1\" content=\"Dur\u00e9e de lecture estim\u00e9e\" \/>\n\t<meta name=\"twitter:data1\" content=\"1 minute\" \/>\n<script type=\"application\/ld+json\" class=\"yoast-schema-graph\">{\"@context\":\"https:\\\/\\\/schema.org\",\"@graph\":[{\"@type\":\"WebPage\",\"@id\":\"https:\\\/\\\/www.toscanelli.com\\\/fr\\\/alentours\\\/jardin-botanique\\\/\",\"url\":\"https:\\\/\\\/www.toscanelli.com\\\/fr\\\/alentours\\\/jardin-botanique\\\/\",\"name\":\"Jardin Botanique &#183; Hotel Majestic Toscanelli &#183;\",\"isPartOf\":{\"@id\":\"https:\\\/\\\/www.toscanelli.com\\\/fr\\\/#website\"},\"datePublished\":\"2024-09-18T13:38:25+00:00\",\"dateModified\":\"2024-10-22T15:00:23+00:00\",\"description\":\"Il s\u2019agit du jardin botanique universitaire le plus ancien d\u2019Europe et abrite une importante collection de plantes rares, une ancienne biblioth\u00e8que et les collections botaniques de l\u2019Universit\u00e9. Un palmier, \u00ab\u00a0Palmier de Goethe\u00a0\u00bb plant\u00e9 en 1585 est encore visible aujourd\u2019hui . A partir du 1997 le Jardin Botanique fait partie de l\u2019UNESCO: \u00ab\u00a0Le jardin botanique de Padoue est \u00e0 l\u2019origine de tous les jardins botaniques du monde et repr\u00e9sente le berceau de la science, des \u00e9changes scientifiques et de la compr\u00e9hension des relations entre la nature et la culture. Il a largement contribu\u00e9 \u00e0 l\u2019essor de nombreuses disciplines scientifiques modernes, notamment la botanique, la m\u00e9dicine, la chimie, l\u2019\u00e9cologie et la pharmacie\u00a0\u00bb\",\"breadcrumb\":{\"@id\":\"https:\\\/\\\/www.toscanelli.com\\\/fr\\\/alentours\\\/jardin-botanique\\\/#breadcrumb\"},\"inLanguage\":\"fr-FR\",\"potentialAction\":[{\"@type\":\"ReadAction\",\"target\":[\"https:\\\/\\\/www.toscanelli.com\\\/fr\\\/alentours\\\/jardin-botanique\\\/\"]}]},{\"@type\":\"BreadcrumbList\",\"@id\":\"https:\\\/\\\/www.toscanelli.com\\\/fr\\\/alentours\\\/jardin-botanique\\\/#breadcrumb\",\"itemListElement\":[{\"@type\":\"ListItem\",\"position\":1,\"name\":\"Home\",\"item\":\"https:\\\/\\\/www.toscanelli.com\\\/fr\\\/\"},{\"@type\":\"ListItem\",\"position\":2,\"name\":\"Alentours\",\"item\":\"https:\\\/\\\/www.toscanelli.com\\\/fr\\\/dintorni\\\/\"},{\"@type\":\"ListItem\",\"position\":3,\"name\":\"Jardin Botanique\"}]},{\"@type\":\"WebSite\",\"@id\":\"https:\\\/\\\/www.toscanelli.com\\\/fr\\\/#website\",\"url\":\"https:\\\/\\\/www.toscanelli.com\\\/fr\\\/\",\"name\":\"Hotel Majestic Toscanelli\",\"description\":\"\",\"potentialAction\":[{\"@type\":\"SearchAction\",\"target\":{\"@type\":\"EntryPoint\",\"urlTemplate\":\"https:\\\/\\\/www.toscanelli.com\\\/fr\\\/?s={search_term_string}\"},\"query-input\":{\"@type\":\"PropertyValueSpecification\",\"valueRequired\":true,\"valueName\":\"search_term_string\"}}],\"inLanguage\":\"fr-FR\"}]}<\/script>\n<!-- \/ Yoast SEO plugin. -->","yoast_head_json":{"title":"Jardin Botanique &#183; Hotel Majestic Toscanelli &#183;","description":"Il s\u2019agit du jardin botanique universitaire le plus ancien d\u2019Europe et abrite une importante collection de plantes rares, une ancienne biblioth\u00e8que et les collections botaniques de l\u2019Universit\u00e9. Un palmier, \u00ab\u00a0Palmier de Goethe\u00a0\u00bb plant\u00e9 en 1585 est encore visible aujourd\u2019hui . A partir du 1997 le Jardin Botanique fait partie de l\u2019UNESCO: \u00ab\u00a0Le jardin botanique de Padoue est \u00e0 l\u2019origine de tous les jardins botaniques du monde et repr\u00e9sente le berceau de la science, des \u00e9changes scientifiques et de la compr\u00e9hension des relations entre la nature et la culture. Il a largement contribu\u00e9 \u00e0 l\u2019essor de nombreuses disciplines scientifiques modernes, notamment la botanique, la m\u00e9dicine, la chimie, l\u2019\u00e9cologie et la pharmacie\u00a0\u00bb","robots":{"index":"index","follow":"follow","max-snippet":"max-snippet:-1","max-image-preview":"max-image-preview:large","max-video-preview":"max-video-preview:-1"},"canonical":"https:\/\/www.toscanelli.com\/fr\/alentours\/jardin-botanique\/","og_locale":"fr_FR","og_type":"article","og_title":"Jardin Botanique &#183; Hotel Majestic Toscanelli &#183;","og_description":"Il s\u2019agit du jardin botanique universitaire le plus ancien d\u2019Europe et abrite une importante collection de plantes rares, une ancienne biblioth\u00e8que et les collections botaniques de l\u2019Universit\u00e9. Un palmier, \u00ab\u00a0Palmier de Goethe\u00a0\u00bb plant\u00e9 en 1585 est encore visible aujourd\u2019hui . A partir du 1997 le Jardin Botanique fait partie de l\u2019UNESCO: \u00ab\u00a0Le jardin botanique de Padoue est \u00e0 l\u2019origine de tous les jardins botaniques du monde et repr\u00e9sente le berceau de la science, des \u00e9changes scientifiques et de la compr\u00e9hension des relations entre la nature et la culture. Il a largement contribu\u00e9 \u00e0 l\u2019essor de nombreuses disciplines scientifiques modernes, notamment la botanique, la m\u00e9dicine, la chimie, l\u2019\u00e9cologie et la pharmacie\u00a0\u00bb","og_url":"https:\/\/www.toscanelli.com\/fr\/alentours\/jardin-botanique\/","og_site_name":"Hotel Majestic Toscanelli","article_publisher":"https:\/\/www.facebook.com\/pages\/Majestic-Toscanelli-Hotel\/114599601894384","article_modified_time":"2024-10-22T15:00:23+00:00","twitter_card":"summary_large_image","twitter_misc":{"Dur\u00e9e de lecture estim\u00e9e":"1 minute"},"schema":{"@context":"https:\/\/schema.org","@graph":[{"@type":"WebPage","@id":"https:\/\/www.toscanelli.com\/fr\/alentours\/jardin-botanique\/","url":"https:\/\/www.toscanelli.com\/fr\/alentours\/jardin-botanique\/","name":"Jardin Botanique &#183; Hotel Majestic Toscanelli &#183;","isPartOf":{"@id":"https:\/\/www.toscanelli.com\/fr\/#website"},"datePublished":"2024-09-18T13:38:25+00:00","dateModified":"2024-10-22T15:00:23+00:00","description":"Il s\u2019agit du jardin botanique universitaire le plus ancien d\u2019Europe et abrite une importante collection de plantes rares, une ancienne biblioth\u00e8que et les collections botaniques de l\u2019Universit\u00e9. Un palmier, \u00ab\u00a0Palmier de Goethe\u00a0\u00bb plant\u00e9 en 1585 est encore visible aujourd\u2019hui . A partir du 1997 le Jardin Botanique fait partie de l\u2019UNESCO: \u00ab\u00a0Le jardin botanique de Padoue est \u00e0 l\u2019origine de tous les jardins botaniques du monde et repr\u00e9sente le berceau de la science, des \u00e9changes scientifiques et de la compr\u00e9hension des relations entre la nature et la culture. Il a largement contribu\u00e9 \u00e0 l\u2019essor de nombreuses disciplines scientifiques modernes, notamment la botanique, la m\u00e9dicine, la chimie, l\u2019\u00e9cologie et la pharmacie\u00a0\u00bb","breadcrumb":{"@id":"https:\/\/www.toscanelli.com\/fr\/alentours\/jardin-botanique\/#breadcrumb"},"inLanguage":"fr-FR","potentialAction":[{"@type":"ReadAction","target":["https:\/\/www.toscanelli.com\/fr\/alentours\/jardin-botanique\/"]}]},{"@type":"BreadcrumbList","@id":"https:\/\/www.toscanelli.com\/fr\/alentours\/jardin-botanique\/#breadcrumb","itemListElement":[{"@type":"ListItem","position":1,"name":"Home","item":"https:\/\/www.toscanelli.com\/fr\/"},{"@type":"ListItem","position":2,"name":"Alentours","item":"https:\/\/www.toscanelli.com\/fr\/dintorni\/"},{"@type":"ListItem","position":3,"name":"Jardin Botanique"}]},{"@type":"WebSite","@id":"https:\/\/www.toscanelli.com\/fr\/#website","url":"https:\/\/www.toscanelli.com\/fr\/","name":"Hotel Majestic Toscanelli","description":"","potentialAction":[{"@type":"SearchAction","target":{"@type":"EntryPoint","urlTemplate":"https:\/\/www.toscanelli.com\/fr\/?s={search_term_string}"},"query-input":{"@type":"PropertyValueSpecification","valueRequired":true,"valueName":"search_term_string"}}],"inLanguage":"fr-FR"}]}},"acf":[],"_links":{"self":[{"href":"https:\/\/www.toscanelli.com\/fr\/wp-json\/wp\/v2\/pages\/537","targetHints":{"allow":["GET"]}}],"collection":[{"href":"https:\/\/www.toscanelli.com\/fr\/wp-json\/wp\/v2\/pages"}],"about":[{"href":"https:\/\/www.toscanelli.com\/fr\/wp-json\/wp\/v2\/types\/page"}],"author":[{"embeddable":true,"href":"https:\/\/www.toscanelli.com\/fr\/wp-json\/wp\/v2\/users\/26"}],"replies":[{"embeddable":true,"href":"https:\/\/www.toscanelli.com\/fr\/wp-json\/wp\/v2\/comments?post=537"}],"version-history":[{"count":0,"href":"https:\/\/www.toscanelli.com\/fr\/wp-json\/wp\/v2\/pages\/537\/revisions"}],"up":[{"embeddable":true,"href":"https:\/\/www.toscanelli.com\/fr\/wp-json\/wp\/v2\/pages\/510"}],"wp:attachment":[{"href":"https:\/\/www.toscanelli.com\/fr\/wp-json\/wp\/v2\/media?parent=537"}],"curies":[{"name":"wp","href":"https:\/\/api.w.org\/{rel}","templated":true}]}}