{"id":536,"date":"2024-09-18T15:38:07","date_gmt":"2024-09-18T13:38:07","guid":{"rendered":"https:\/\/toscanelli.ms2.decms.eu\/?page_id=536"},"modified":"2024-10-22T17:00:13","modified_gmt":"2024-10-22T15:00:13","slug":"palais-du-bo","status":"publish","type":"page","link":"https:\/\/www.toscanelli.com\/fr\/alentours\/palais-du-bo\/","title":{"rendered":"Palais du Bo"},"content":{"rendered":"<p>Le grand et complexe b\u00e2timent appel\u00e9 le <strong>Palazzo del Bo<\/strong>, a \u00e9t\u00e9 \u00e9rig\u00e9 au XVI\u00e8me si\u00e8cle (avec ajouts modernes des ann\u00e9es 1920-1940), il est le si\u00e8ge de l\u2019universit\u00e9 (<strong>la deuxi\u00e8me plus ancienne d\u2019Italie<\/strong>, fond\u00e9e en 1222).<br \/>\nOn y trouve les tr\u00e8s int\u00e9ressants <strong>Cortile Antico<\/strong> d\u2019Andrea Moroni, la <strong>Salle des Quarante<\/strong>, o\u00f9 est conserv\u00e9e la <strong>chaire de<\/strong> <strong>Galil\u00e9e <\/strong>qui enseigna \u00e0 Padoue de 1592 \u00e0 1610, la <strong>pi\u00e8ce Magna<\/strong>, riche d\u2019armoiries et de d\u00e9corations ainsi que le c\u00e9l\u00e8bre <strong>th\u00e9\u00e2tre anatomique<\/strong> de G.F d\u2019Acquapendente, le plus ancien au monde (1594).<\/p>\n","protected":false},"excerpt":{"rendered":"<p>Le grand et complexe b\u00e2timent appel\u00e9 le Palazzo del Bo, a \u00e9t\u00e9 \u00e9rig\u00e9 au XVI\u00e8me si\u00e8cle (avec ajouts modernes des ann\u00e9es 1920-1940), il est le si\u00e8ge de l\u2019universit\u00e9 (la deuxi\u00e8me plus ancienne d\u2019Italie, fond\u00e9e en 1222). On y trouve les tr\u00e8s int\u00e9ressants Cortile Antico d\u2019Andrea Moroni, la Salle des Quarante, o\u00f9 est conserv\u00e9e la chaire [&hellip;]<\/p>\n","protected":false},"author":26,"featured_media":0,"parent":510,"menu_order":30,"comment_status":"closed","ping_status":"closed","template":"template-default-4.php","meta":{"footnotes":""},"class_list":["post-536","page","type-page","status-publish","hentry"],"yoast_head":"<!-- This site is optimized with the Yoast SEO plugin v27.3 - https:\/\/yoast.com\/product\/yoast-seo-wordpress\/ -->\n<title>Palais du Bo &#183; Hotel Majestic Toscanelli &#183;<\/title>\n<meta name=\"description\" content=\"Le grand et complexe b\u00e2timent appel\u00e9 le Palazzo del Bo, a \u00e9t\u00e9 \u00e9rig\u00e9 au XVI\u00e8me si\u00e8cle (avec ajouts modernes des ann\u00e9es 1920-1940), il est le si\u00e8ge de l\u2019universit\u00e9 (la deuxi\u00e8me plus ancienne d\u2019Italie, fond\u00e9e en 1222). On y trouve les tr\u00e8s int\u00e9ressants Cortile Antico d\u2019Andrea Moroni, la Salle des Quarante, o\u00f9 est conserv\u00e9e la chaire de Galil\u00e9e qui enseigna \u00e0 Padoue de 1592 \u00e0 1610, la pi\u00e8ce Magna, riche d\u2019armoiries et de d\u00e9corations ainsi que le c\u00e9l\u00e8bre th\u00e9\u00e2tre anatomique de G.F d\u2019Acquapendente, le plus ancien au monde (1594)..\" \/>\n<meta name=\"robots\" content=\"index, follow, max-snippet:-1, max-image-preview:large, max-video-preview:-1\" \/>\n<link rel=\"canonical\" href=\"https:\/\/www.toscanelli.com\/fr\/alentours\/palais-du-bo\/\" \/>\n<meta property=\"og:locale\" content=\"fr_FR\" \/>\n<meta property=\"og:type\" content=\"article\" \/>\n<meta property=\"og:title\" content=\"Palais du Bo &#183; Hotel Majestic Toscanelli &#183;\" \/>\n<meta property=\"og:description\" content=\"Le grand et complexe b\u00e2timent appel\u00e9 le Palazzo del Bo, a \u00e9t\u00e9 \u00e9rig\u00e9 au XVI\u00e8me si\u00e8cle (avec ajouts modernes des ann\u00e9es 1920-1940), il est le si\u00e8ge de l\u2019universit\u00e9 (la deuxi\u00e8me plus ancienne d\u2019Italie, fond\u00e9e en 1222). On y trouve les tr\u00e8s int\u00e9ressants Cortile Antico d\u2019Andrea Moroni, la Salle des Quarante, o\u00f9 est conserv\u00e9e la chaire de Galil\u00e9e qui enseigna \u00e0 Padoue de 1592 \u00e0 1610, la pi\u00e8ce Magna, riche d\u2019armoiries et de d\u00e9corations ainsi que le c\u00e9l\u00e8bre th\u00e9\u00e2tre anatomique de G.F d\u2019Acquapendente, le plus ancien au monde (1594)..\" \/>\n<meta property=\"og:url\" content=\"https:\/\/www.toscanelli.com\/fr\/alentours\/palais-du-bo\/\" \/>\n<meta property=\"og:site_name\" content=\"Hotel Majestic Toscanelli\" \/>\n<meta property=\"article:publisher\" content=\"https:\/\/www.facebook.com\/pages\/Majestic-Toscanelli-Hotel\/114599601894384\" \/>\n<meta property=\"article:modified_time\" content=\"2024-10-22T15:00:13+00:00\" \/>\n<meta name=\"twitter:card\" content=\"summary_large_image\" \/>\n<meta name=\"twitter:label1\" content=\"Dur\u00e9e de lecture estim\u00e9e\" \/>\n\t<meta name=\"twitter:data1\" content=\"1 minute\" \/>\n<script type=\"application\/ld+json\" class=\"yoast-schema-graph\">{\"@context\":\"https:\\\/\\\/schema.org\",\"@graph\":[{\"@type\":\"WebPage\",\"@id\":\"https:\\\/\\\/www.toscanelli.com\\\/fr\\\/alentours\\\/palais-du-bo\\\/\",\"url\":\"https:\\\/\\\/www.toscanelli.com\\\/fr\\\/alentours\\\/palais-du-bo\\\/\",\"name\":\"Palais du Bo &#183; Hotel Majestic Toscanelli &#183;\",\"isPartOf\":{\"@id\":\"https:\\\/\\\/www.toscanelli.com\\\/fr\\\/#website\"},\"datePublished\":\"2024-09-18T13:38:07+00:00\",\"dateModified\":\"2024-10-22T15:00:13+00:00\",\"description\":\"Le grand et complexe b\u00e2timent appel\u00e9 le Palazzo del Bo, a \u00e9t\u00e9 \u00e9rig\u00e9 au XVI\u00e8me si\u00e8cle (avec ajouts modernes des ann\u00e9es 1920-1940), il est le si\u00e8ge de l\u2019universit\u00e9 (la deuxi\u00e8me plus ancienne d\u2019Italie, fond\u00e9e en 1222). On y trouve les tr\u00e8s int\u00e9ressants Cortile Antico d\u2019Andrea Moroni, la Salle des Quarante, o\u00f9 est conserv\u00e9e la chaire de Galil\u00e9e qui enseigna \u00e0 Padoue de 1592 \u00e0 1610, la pi\u00e8ce Magna, riche d\u2019armoiries et de d\u00e9corations ainsi que le c\u00e9l\u00e8bre th\u00e9\u00e2tre anatomique de G.F d\u2019Acquapendente, le plus ancien au monde (1594)..\",\"breadcrumb\":{\"@id\":\"https:\\\/\\\/www.toscanelli.com\\\/fr\\\/alentours\\\/palais-du-bo\\\/#breadcrumb\"},\"inLanguage\":\"fr-FR\",\"potentialAction\":[{\"@type\":\"ReadAction\",\"target\":[\"https:\\\/\\\/www.toscanelli.com\\\/fr\\\/alentours\\\/palais-du-bo\\\/\"]}]},{\"@type\":\"BreadcrumbList\",\"@id\":\"https:\\\/\\\/www.toscanelli.com\\\/fr\\\/alentours\\\/palais-du-bo\\\/#breadcrumb\",\"itemListElement\":[{\"@type\":\"ListItem\",\"position\":1,\"name\":\"Home\",\"item\":\"https:\\\/\\\/www.toscanelli.com\\\/fr\\\/\"},{\"@type\":\"ListItem\",\"position\":2,\"name\":\"Alentours\",\"item\":\"https:\\\/\\\/www.toscanelli.com\\\/fr\\\/dintorni\\\/\"},{\"@type\":\"ListItem\",\"position\":3,\"name\":\"Palais du Bo\"}]},{\"@type\":\"WebSite\",\"@id\":\"https:\\\/\\\/www.toscanelli.com\\\/fr\\\/#website\",\"url\":\"https:\\\/\\\/www.toscanelli.com\\\/fr\\\/\",\"name\":\"Hotel Majestic Toscanelli\",\"description\":\"\",\"potentialAction\":[{\"@type\":\"SearchAction\",\"target\":{\"@type\":\"EntryPoint\",\"urlTemplate\":\"https:\\\/\\\/www.toscanelli.com\\\/fr\\\/?s={search_term_string}\"},\"query-input\":{\"@type\":\"PropertyValueSpecification\",\"valueRequired\":true,\"valueName\":\"search_term_string\"}}],\"inLanguage\":\"fr-FR\"}]}<\/script>\n<!-- \/ Yoast SEO plugin. -->","yoast_head_json":{"title":"Palais du Bo &#183; Hotel Majestic Toscanelli &#183;","description":"Le grand et complexe b\u00e2timent appel\u00e9 le Palazzo del Bo, a \u00e9t\u00e9 \u00e9rig\u00e9 au XVI\u00e8me si\u00e8cle (avec ajouts modernes des ann\u00e9es 1920-1940), il est le si\u00e8ge de l\u2019universit\u00e9 (la deuxi\u00e8me plus ancienne d\u2019Italie, fond\u00e9e en 1222). On y trouve les tr\u00e8s int\u00e9ressants Cortile Antico d\u2019Andrea Moroni, la Salle des Quarante, o\u00f9 est conserv\u00e9e la chaire de Galil\u00e9e qui enseigna \u00e0 Padoue de 1592 \u00e0 1610, la pi\u00e8ce Magna, riche d\u2019armoiries et de d\u00e9corations ainsi que le c\u00e9l\u00e8bre th\u00e9\u00e2tre anatomique de G.F d\u2019Acquapendente, le plus ancien au monde (1594)..","robots":{"index":"index","follow":"follow","max-snippet":"max-snippet:-1","max-image-preview":"max-image-preview:large","max-video-preview":"max-video-preview:-1"},"canonical":"https:\/\/www.toscanelli.com\/fr\/alentours\/palais-du-bo\/","og_locale":"fr_FR","og_type":"article","og_title":"Palais du Bo &#183; Hotel Majestic Toscanelli &#183;","og_description":"Le grand et complexe b\u00e2timent appel\u00e9 le Palazzo del Bo, a \u00e9t\u00e9 \u00e9rig\u00e9 au XVI\u00e8me si\u00e8cle (avec ajouts modernes des ann\u00e9es 1920-1940), il est le si\u00e8ge de l\u2019universit\u00e9 (la deuxi\u00e8me plus ancienne d\u2019Italie, fond\u00e9e en 1222). On y trouve les tr\u00e8s int\u00e9ressants Cortile Antico d\u2019Andrea Moroni, la Salle des Quarante, o\u00f9 est conserv\u00e9e la chaire de Galil\u00e9e qui enseigna \u00e0 Padoue de 1592 \u00e0 1610, la pi\u00e8ce Magna, riche d\u2019armoiries et de d\u00e9corations ainsi que le c\u00e9l\u00e8bre th\u00e9\u00e2tre anatomique de G.F d\u2019Acquapendente, le plus ancien au monde (1594)..","og_url":"https:\/\/www.toscanelli.com\/fr\/alentours\/palais-du-bo\/","og_site_name":"Hotel Majestic Toscanelli","article_publisher":"https:\/\/www.facebook.com\/pages\/Majestic-Toscanelli-Hotel\/114599601894384","article_modified_time":"2024-10-22T15:00:13+00:00","twitter_card":"summary_large_image","twitter_misc":{"Dur\u00e9e de lecture estim\u00e9e":"1 minute"},"schema":{"@context":"https:\/\/schema.org","@graph":[{"@type":"WebPage","@id":"https:\/\/www.toscanelli.com\/fr\/alentours\/palais-du-bo\/","url":"https:\/\/www.toscanelli.com\/fr\/alentours\/palais-du-bo\/","name":"Palais du Bo &#183; Hotel Majestic Toscanelli &#183;","isPartOf":{"@id":"https:\/\/www.toscanelli.com\/fr\/#website"},"datePublished":"2024-09-18T13:38:07+00:00","dateModified":"2024-10-22T15:00:13+00:00","description":"Le grand et complexe b\u00e2timent appel\u00e9 le Palazzo del Bo, a \u00e9t\u00e9 \u00e9rig\u00e9 au XVI\u00e8me si\u00e8cle (avec ajouts modernes des ann\u00e9es 1920-1940), il est le si\u00e8ge de l\u2019universit\u00e9 (la deuxi\u00e8me plus ancienne d\u2019Italie, fond\u00e9e en 1222). On y trouve les tr\u00e8s int\u00e9ressants Cortile Antico d\u2019Andrea Moroni, la Salle des Quarante, o\u00f9 est conserv\u00e9e la chaire de Galil\u00e9e qui enseigna \u00e0 Padoue de 1592 \u00e0 1610, la pi\u00e8ce Magna, riche d\u2019armoiries et de d\u00e9corations ainsi que le c\u00e9l\u00e8bre th\u00e9\u00e2tre anatomique de G.F d\u2019Acquapendente, le plus ancien au monde (1594)..","breadcrumb":{"@id":"https:\/\/www.toscanelli.com\/fr\/alentours\/palais-du-bo\/#breadcrumb"},"inLanguage":"fr-FR","potentialAction":[{"@type":"ReadAction","target":["https:\/\/www.toscanelli.com\/fr\/alentours\/palais-du-bo\/"]}]},{"@type":"BreadcrumbList","@id":"https:\/\/www.toscanelli.com\/fr\/alentours\/palais-du-bo\/#breadcrumb","itemListElement":[{"@type":"ListItem","position":1,"name":"Home","item":"https:\/\/www.toscanelli.com\/fr\/"},{"@type":"ListItem","position":2,"name":"Alentours","item":"https:\/\/www.toscanelli.com\/fr\/dintorni\/"},{"@type":"ListItem","position":3,"name":"Palais du Bo"}]},{"@type":"WebSite","@id":"https:\/\/www.toscanelli.com\/fr\/#website","url":"https:\/\/www.toscanelli.com\/fr\/","name":"Hotel Majestic Toscanelli","description":"","potentialAction":[{"@type":"SearchAction","target":{"@type":"EntryPoint","urlTemplate":"https:\/\/www.toscanelli.com\/fr\/?s={search_term_string}"},"query-input":{"@type":"PropertyValueSpecification","valueRequired":true,"valueName":"search_term_string"}}],"inLanguage":"fr-FR"}]}},"acf":[],"_links":{"self":[{"href":"https:\/\/www.toscanelli.com\/fr\/wp-json\/wp\/v2\/pages\/536","targetHints":{"allow":["GET"]}}],"collection":[{"href":"https:\/\/www.toscanelli.com\/fr\/wp-json\/wp\/v2\/pages"}],"about":[{"href":"https:\/\/www.toscanelli.com\/fr\/wp-json\/wp\/v2\/types\/page"}],"author":[{"embeddable":true,"href":"https:\/\/www.toscanelli.com\/fr\/wp-json\/wp\/v2\/users\/26"}],"replies":[{"embeddable":true,"href":"https:\/\/www.toscanelli.com\/fr\/wp-json\/wp\/v2\/comments?post=536"}],"version-history":[{"count":0,"href":"https:\/\/www.toscanelli.com\/fr\/wp-json\/wp\/v2\/pages\/536\/revisions"}],"up":[{"embeddable":true,"href":"https:\/\/www.toscanelli.com\/fr\/wp-json\/wp\/v2\/pages\/510"}],"wp:attachment":[{"href":"https:\/\/www.toscanelli.com\/fr\/wp-json\/wp\/v2\/media?parent=536"}],"curies":[{"name":"wp","href":"https:\/\/api.w.org\/{rel}","templated":true}]}}