{"id":510,"date":"2024-06-18T15:45:47","date_gmt":"2024-06-18T13:45:47","guid":{"rendered":"https:\/\/toscanelli.ms2.decms.eu\/?page_id=510"},"modified":"2024-10-22T16:53:05","modified_gmt":"2024-10-22T14:53:05","slug":"alentours","status":"publish","type":"page","link":"https:\/\/www.toscanelli.com\/fr\/alentours\/","title":{"rendered":"Alentours"},"content":{"rendered":"<p>L\u2019 <strong>H\u00f4tel Majestic Toscanelli <\/strong>se trouve au c\u0153ur d\u2019une r\u00e9gion riche d\u2019histoire et de traditions: \u00a0en plein <strong>centre historique de Padoue<\/strong>, entour\u00e9 de ses lieux les plus fantastiques et typiques, \u00a0\u00e0 quelques kilom\u00e8tres de Venise et de la Riviera del Brenta.<\/p>\n<p><strong>Padoue<\/strong> est s\u00fbrement une des plus belles villes d\u2019Italie\u2026 aussit\u00f4t sortis de l\u2019H\u00f4tel, nous pouvons nous promener dans les splendides <strong>Place delle Erbe et Place della Frutta<\/strong>, ou savourer un bon caf\u00e9 au <strong>Caff\u00e8 Pedrocchi<\/strong>, admir\u00e9 et envi\u00e9 dans le monde entier.<\/p>\n","protected":false},"excerpt":{"rendered":"<p>L\u2019 H\u00f4tel Majestic Toscanelli se trouve au c\u0153ur d\u2019une r\u00e9gion riche d\u2019histoire et de traditions: \u00a0en plein centre historique de Padoue, entour\u00e9 de ses lieux les plus fantastiques et typiques, \u00a0\u00e0 quelques kilom\u00e8tres de Venise et de la Riviera del Brenta. Padoue est s\u00fbrement une des plus belles villes d\u2019Italie\u2026 aussit\u00f4t sortis de l\u2019H\u00f4tel, nous [&hellip;]<\/p>\n","protected":false},"author":26,"featured_media":0,"parent":0,"menu_order":95,"comment_status":"closed","ping_status":"closed","template":"template-surroundings.php","meta":{"footnotes":""},"class_list":["post-510","page","type-page","status-publish","hentry"],"yoast_head":"<!-- This site is optimized with the Yoast SEO plugin v27.3 - https:\/\/yoast.com\/product\/yoast-seo-wordpress\/ -->\n<title>Alentours &#183; Hotel Majestic Toscanelli &#183;<\/title>\n<meta name=\"description\" content=\"L\u2019 H\u00f4tel Majestic Toscanelli se trouve au c\u0153ur d\u2019une r\u00e9gion riche d\u2019histoire et de traditions: \u00a0en plein centre historique de Padoue, entour\u00e9 de ses lieux les plus fantastiques et typiques, \u00a0\u00e0 quelques kilom\u00e8tres de Venise et de la Riviera del Brenta.  Padoue est s\u00fbrement une des plus belles villes d\u2019Italie\u2026 aussit\u00f4t sortis de l\u2019H\u00f4tel, nous pouvons nous promener dans les splendides Place delle Erbe et Place della Frutta, ou savourer un bon caf\u00e9 au Caff\u00e8 Pedrocchi, admir\u00e9 et envi\u00e9 dans le monde entier..\" \/>\n<meta name=\"robots\" content=\"index, follow, max-snippet:-1, max-image-preview:large, max-video-preview:-1\" \/>\n<link rel=\"canonical\" href=\"https:\/\/www.toscanelli.com\/fr\/alentours\/\" \/>\n<meta property=\"og:locale\" content=\"fr_FR\" \/>\n<meta property=\"og:type\" content=\"article\" \/>\n<meta property=\"og:title\" content=\"Alentours &#183; Hotel Majestic Toscanelli &#183;\" \/>\n<meta property=\"og:description\" content=\"L\u2019 H\u00f4tel Majestic Toscanelli se trouve au c\u0153ur d\u2019une r\u00e9gion riche d\u2019histoire et de traditions: \u00a0en plein centre historique de Padoue, entour\u00e9 de ses lieux les plus fantastiques et typiques, \u00a0\u00e0 quelques kilom\u00e8tres de Venise et de la Riviera del Brenta.  Padoue est s\u00fbrement une des plus belles villes d\u2019Italie\u2026 aussit\u00f4t sortis de l\u2019H\u00f4tel, nous pouvons nous promener dans les splendides Place delle Erbe et Place della Frutta, ou savourer un bon caf\u00e9 au Caff\u00e8 Pedrocchi, admir\u00e9 et envi\u00e9 dans le monde entier..\" \/>\n<meta property=\"og:url\" content=\"https:\/\/www.toscanelli.com\/fr\/alentours\/\" \/>\n<meta property=\"og:site_name\" content=\"Hotel Majestic Toscanelli\" \/>\n<meta property=\"article:publisher\" content=\"https:\/\/www.facebook.com\/pages\/Majestic-Toscanelli-Hotel\/114599601894384\" \/>\n<meta property=\"article:modified_time\" content=\"2024-10-22T14:53:05+00:00\" \/>\n<meta name=\"twitter:card\" content=\"summary_large_image\" \/>\n<meta name=\"twitter:label1\" content=\"Dur\u00e9e de lecture estim\u00e9e\" \/>\n\t<meta name=\"twitter:data1\" content=\"1 minute\" \/>\n<script type=\"application\/ld+json\" class=\"yoast-schema-graph\">{\"@context\":\"https:\\\/\\\/schema.org\",\"@graph\":[{\"@type\":\"WebPage\",\"@id\":\"https:\\\/\\\/www.toscanelli.com\\\/fr\\\/alentours\\\/\",\"url\":\"https:\\\/\\\/www.toscanelli.com\\\/fr\\\/alentours\\\/\",\"name\":\"Alentours &#183; Hotel Majestic Toscanelli &#183;\",\"isPartOf\":{\"@id\":\"https:\\\/\\\/www.toscanelli.com\\\/fr\\\/#website\"},\"datePublished\":\"2024-06-18T13:45:47+00:00\",\"dateModified\":\"2024-10-22T14:53:05+00:00\",\"description\":\"L\u2019 H\u00f4tel Majestic Toscanelli se trouve au c\u0153ur d\u2019une r\u00e9gion riche d\u2019histoire et de traditions: \u00a0en plein centre historique de Padoue, entour\u00e9 de ses lieux les plus fantastiques et typiques, \u00a0\u00e0 quelques kilom\u00e8tres de Venise et de la Riviera del Brenta. Padoue est s\u00fbrement une des plus belles villes d\u2019Italie\u2026 aussit\u00f4t sortis de l\u2019H\u00f4tel, nous pouvons nous promener dans les splendides Place delle Erbe et Place della Frutta, ou savourer un bon caf\u00e9 au Caff\u00e8 Pedrocchi, admir\u00e9 et envi\u00e9 dans le monde entier..\",\"breadcrumb\":{\"@id\":\"https:\\\/\\\/www.toscanelli.com\\\/fr\\\/alentours\\\/#breadcrumb\"},\"inLanguage\":\"fr-FR\",\"potentialAction\":[{\"@type\":\"ReadAction\",\"target\":[\"https:\\\/\\\/www.toscanelli.com\\\/fr\\\/alentours\\\/\"]}]},{\"@type\":\"BreadcrumbList\",\"@id\":\"https:\\\/\\\/www.toscanelli.com\\\/fr\\\/alentours\\\/#breadcrumb\",\"itemListElement\":[{\"@type\":\"ListItem\",\"position\":1,\"name\":\"Home\",\"item\":\"https:\\\/\\\/www.toscanelli.com\\\/fr\\\/\"},{\"@type\":\"ListItem\",\"position\":2,\"name\":\"Alentours\"}]},{\"@type\":\"WebSite\",\"@id\":\"https:\\\/\\\/www.toscanelli.com\\\/fr\\\/#website\",\"url\":\"https:\\\/\\\/www.toscanelli.com\\\/fr\\\/\",\"name\":\"Hotel Majestic Toscanelli\",\"description\":\"\",\"potentialAction\":[{\"@type\":\"SearchAction\",\"target\":{\"@type\":\"EntryPoint\",\"urlTemplate\":\"https:\\\/\\\/www.toscanelli.com\\\/fr\\\/?s={search_term_string}\"},\"query-input\":{\"@type\":\"PropertyValueSpecification\",\"valueRequired\":true,\"valueName\":\"search_term_string\"}}],\"inLanguage\":\"fr-FR\"}]}<\/script>\n<!-- \/ Yoast SEO plugin. -->","yoast_head_json":{"title":"Alentours &#183; Hotel Majestic Toscanelli &#183;","description":"L\u2019 H\u00f4tel Majestic Toscanelli se trouve au c\u0153ur d\u2019une r\u00e9gion riche d\u2019histoire et de traditions: \u00a0en plein centre historique de Padoue, entour\u00e9 de ses lieux les plus fantastiques et typiques, \u00a0\u00e0 quelques kilom\u00e8tres de Venise et de la Riviera del Brenta.  Padoue est s\u00fbrement une des plus belles villes d\u2019Italie\u2026 aussit\u00f4t sortis de l\u2019H\u00f4tel, nous pouvons nous promener dans les splendides Place delle Erbe et Place della Frutta, ou savourer un bon caf\u00e9 au Caff\u00e8 Pedrocchi, admir\u00e9 et envi\u00e9 dans le monde entier..","robots":{"index":"index","follow":"follow","max-snippet":"max-snippet:-1","max-image-preview":"max-image-preview:large","max-video-preview":"max-video-preview:-1"},"canonical":"https:\/\/www.toscanelli.com\/fr\/alentours\/","og_locale":"fr_FR","og_type":"article","og_title":"Alentours &#183; Hotel Majestic Toscanelli &#183;","og_description":"L\u2019 H\u00f4tel Majestic Toscanelli se trouve au c\u0153ur d\u2019une r\u00e9gion riche d\u2019histoire et de traditions: \u00a0en plein centre historique de Padoue, entour\u00e9 de ses lieux les plus fantastiques et typiques, \u00a0\u00e0 quelques kilom\u00e8tres de Venise et de la Riviera del Brenta.  Padoue est s\u00fbrement une des plus belles villes d\u2019Italie\u2026 aussit\u00f4t sortis de l\u2019H\u00f4tel, nous pouvons nous promener dans les splendides Place delle Erbe et Place della Frutta, ou savourer un bon caf\u00e9 au Caff\u00e8 Pedrocchi, admir\u00e9 et envi\u00e9 dans le monde entier..","og_url":"https:\/\/www.toscanelli.com\/fr\/alentours\/","og_site_name":"Hotel Majestic Toscanelli","article_publisher":"https:\/\/www.facebook.com\/pages\/Majestic-Toscanelli-Hotel\/114599601894384","article_modified_time":"2024-10-22T14:53:05+00:00","twitter_card":"summary_large_image","twitter_misc":{"Dur\u00e9e de lecture estim\u00e9e":"1 minute"},"schema":{"@context":"https:\/\/schema.org","@graph":[{"@type":"WebPage","@id":"https:\/\/www.toscanelli.com\/fr\/alentours\/","url":"https:\/\/www.toscanelli.com\/fr\/alentours\/","name":"Alentours &#183; Hotel Majestic Toscanelli &#183;","isPartOf":{"@id":"https:\/\/www.toscanelli.com\/fr\/#website"},"datePublished":"2024-06-18T13:45:47+00:00","dateModified":"2024-10-22T14:53:05+00:00","description":"L\u2019 H\u00f4tel Majestic Toscanelli se trouve au c\u0153ur d\u2019une r\u00e9gion riche d\u2019histoire et de traditions: \u00a0en plein centre historique de Padoue, entour\u00e9 de ses lieux les plus fantastiques et typiques, \u00a0\u00e0 quelques kilom\u00e8tres de Venise et de la Riviera del Brenta. Padoue est s\u00fbrement une des plus belles villes d\u2019Italie\u2026 aussit\u00f4t sortis de l\u2019H\u00f4tel, nous pouvons nous promener dans les splendides Place delle Erbe et Place della Frutta, ou savourer un bon caf\u00e9 au Caff\u00e8 Pedrocchi, admir\u00e9 et envi\u00e9 dans le monde entier..","breadcrumb":{"@id":"https:\/\/www.toscanelli.com\/fr\/alentours\/#breadcrumb"},"inLanguage":"fr-FR","potentialAction":[{"@type":"ReadAction","target":["https:\/\/www.toscanelli.com\/fr\/alentours\/"]}]},{"@type":"BreadcrumbList","@id":"https:\/\/www.toscanelli.com\/fr\/alentours\/#breadcrumb","itemListElement":[{"@type":"ListItem","position":1,"name":"Home","item":"https:\/\/www.toscanelli.com\/fr\/"},{"@type":"ListItem","position":2,"name":"Alentours"}]},{"@type":"WebSite","@id":"https:\/\/www.toscanelli.com\/fr\/#website","url":"https:\/\/www.toscanelli.com\/fr\/","name":"Hotel Majestic Toscanelli","description":"","potentialAction":[{"@type":"SearchAction","target":{"@type":"EntryPoint","urlTemplate":"https:\/\/www.toscanelli.com\/fr\/?s={search_term_string}"},"query-input":{"@type":"PropertyValueSpecification","valueRequired":true,"valueName":"search_term_string"}}],"inLanguage":"fr-FR"}]}},"acf":[],"_links":{"self":[{"href":"https:\/\/www.toscanelli.com\/fr\/wp-json\/wp\/v2\/pages\/510","targetHints":{"allow":["GET"]}}],"collection":[{"href":"https:\/\/www.toscanelli.com\/fr\/wp-json\/wp\/v2\/pages"}],"about":[{"href":"https:\/\/www.toscanelli.com\/fr\/wp-json\/wp\/v2\/types\/page"}],"author":[{"embeddable":true,"href":"https:\/\/www.toscanelli.com\/fr\/wp-json\/wp\/v2\/users\/26"}],"replies":[{"embeddable":true,"href":"https:\/\/www.toscanelli.com\/fr\/wp-json\/wp\/v2\/comments?post=510"}],"version-history":[{"count":0,"href":"https:\/\/www.toscanelli.com\/fr\/wp-json\/wp\/v2\/pages\/510\/revisions"}],"wp:attachment":[{"href":"https:\/\/www.toscanelli.com\/fr\/wp-json\/wp\/v2\/media?parent=510"}],"curies":[{"name":"wp","href":"https:\/\/api.w.org\/{rel}","templated":true}]}}