{"id":447,"date":"2024-05-08T13:34:17","date_gmt":"2024-05-08T11:34:17","guid":{"rendered":"https:\/\/toscanelli.ms2.decms.eu\/?page_id=447"},"modified":"2024-10-22T16:04:38","modified_gmt":"2024-10-22T14:04:38","slug":"services","status":"publish","type":"page","link":"https:\/\/www.toscanelli.com\/fr\/services\/","title":{"rendered":"Services"},"content":{"rendered":"<p>L&rsquo;H\u00f4tel Majestic Toscanelli offre tout le confort pour rendre votre s\u00e9jour inoubliable et tout le personnel sera \u00e0 votre disposition pour transformer chaque moment en une \u00e9motion m\u00e9morable.<\/p>\n<p>N&rsquo;h\u00e9sitez pas \u00e0 exprimer vos besoins ou vos envies dans les moindres d\u00e9tails, afin que notre personnel puisse r\u00e9pondre \u00e0 vos demandes, et pas seulement pour des occasions sp\u00e9ciales !<\/p>\n","protected":false},"excerpt":{"rendered":"<p>L&rsquo;H\u00f4tel Majestic Toscanelli offre tout le confort pour rendre votre s\u00e9jour inoubliable et tout le personnel sera \u00e0 votre disposition pour transformer chaque moment en une \u00e9motion m\u00e9morable. N&rsquo;h\u00e9sitez pas \u00e0 exprimer vos besoins ou vos envies dans les moindres d\u00e9tails, afin que notre personnel puisse r\u00e9pondre \u00e0 vos demandes, et pas seulement pour des [&hellip;]<\/p>\n","protected":false},"author":26,"featured_media":0,"parent":0,"menu_order":30,"comment_status":"closed","ping_status":"closed","template":"template-services.php","meta":{"footnotes":""},"class_list":["post-447","page","type-page","status-publish","hentry"],"yoast_head":"<!-- This site is optimized with the Yoast SEO plugin v27.3 - https:\/\/yoast.com\/product\/yoast-seo-wordpress\/ -->\n<title>Services &#183; Hotel Majestic Toscanelli &#183;<\/title>\n<meta name=\"description\" content=\"L&#039;H\u00f4tel Majestic Toscanelli offre tout le confort pour rendre votre s\u00e9jour inoubliable et tout le personnel sera \u00e0 votre disposition pour transformer chaque moment en une \u00e9motion m\u00e9morable.  N&#039;h\u00e9sitez pas \u00e0 exprimer vos besoins ou vos envies dans les moindres d\u00e9tails, afin que notre personnel puisse r\u00e9pondre \u00e0 vos demandes, et pas seulement pour des occasions sp\u00e9ciales !.\" \/>\n<meta name=\"robots\" content=\"index, follow, max-snippet:-1, max-image-preview:large, max-video-preview:-1\" \/>\n<link rel=\"canonical\" href=\"https:\/\/www.toscanelli.com\/fr\/services\/\" \/>\n<meta property=\"og:locale\" content=\"fr_FR\" \/>\n<meta property=\"og:type\" content=\"article\" \/>\n<meta property=\"og:title\" content=\"Services &#183; Hotel Majestic Toscanelli &#183;\" \/>\n<meta property=\"og:description\" content=\"L&#039;H\u00f4tel Majestic Toscanelli offre tout le confort pour rendre votre s\u00e9jour inoubliable et tout le personnel sera \u00e0 votre disposition pour transformer chaque moment en une \u00e9motion m\u00e9morable.  N&#039;h\u00e9sitez pas \u00e0 exprimer vos besoins ou vos envies dans les moindres d\u00e9tails, afin que notre personnel puisse r\u00e9pondre \u00e0 vos demandes, et pas seulement pour des occasions sp\u00e9ciales !.\" \/>\n<meta property=\"og:url\" content=\"https:\/\/www.toscanelli.com\/fr\/services\/\" \/>\n<meta property=\"og:site_name\" content=\"Hotel Majestic Toscanelli\" \/>\n<meta property=\"article:publisher\" content=\"https:\/\/www.facebook.com\/pages\/Majestic-Toscanelli-Hotel\/114599601894384\" \/>\n<meta property=\"article:modified_time\" content=\"2024-10-22T14:04:38+00:00\" \/>\n<meta name=\"twitter:card\" content=\"summary_large_image\" \/>\n<meta name=\"twitter:label1\" content=\"Dur\u00e9e de lecture estim\u00e9e\" \/>\n\t<meta name=\"twitter:data1\" content=\"1 minute\" \/>\n<script type=\"application\/ld+json\" class=\"yoast-schema-graph\">{\"@context\":\"https:\\\/\\\/schema.org\",\"@graph\":[{\"@type\":\"WebPage\",\"@id\":\"https:\\\/\\\/www.toscanelli.com\\\/fr\\\/services\\\/\",\"url\":\"https:\\\/\\\/www.toscanelli.com\\\/fr\\\/services\\\/\",\"name\":\"Services &#183; Hotel Majestic Toscanelli &#183;\",\"isPartOf\":{\"@id\":\"https:\\\/\\\/www.toscanelli.com\\\/fr\\\/#website\"},\"datePublished\":\"2024-05-08T11:34:17+00:00\",\"dateModified\":\"2024-10-22T14:04:38+00:00\",\"description\":\"L'H\u00f4tel Majestic Toscanelli offre tout le confort pour rendre votre s\u00e9jour inoubliable et tout le personnel sera \u00e0 votre disposition pour transformer chaque moment en une \u00e9motion m\u00e9morable. N'h\u00e9sitez pas \u00e0 exprimer vos besoins ou vos envies dans les moindres d\u00e9tails, afin que notre personnel puisse r\u00e9pondre \u00e0 vos demandes, et pas seulement pour des occasions sp\u00e9ciales !.\",\"breadcrumb\":{\"@id\":\"https:\\\/\\\/www.toscanelli.com\\\/fr\\\/services\\\/#breadcrumb\"},\"inLanguage\":\"fr-FR\",\"potentialAction\":[{\"@type\":\"ReadAction\",\"target\":[\"https:\\\/\\\/www.toscanelli.com\\\/fr\\\/services\\\/\"]}]},{\"@type\":\"BreadcrumbList\",\"@id\":\"https:\\\/\\\/www.toscanelli.com\\\/fr\\\/services\\\/#breadcrumb\",\"itemListElement\":[{\"@type\":\"ListItem\",\"position\":1,\"name\":\"Home\",\"item\":\"https:\\\/\\\/www.toscanelli.com\\\/fr\\\/\"},{\"@type\":\"ListItem\",\"position\":2,\"name\":\"Services\"}]},{\"@type\":\"WebSite\",\"@id\":\"https:\\\/\\\/www.toscanelli.com\\\/fr\\\/#website\",\"url\":\"https:\\\/\\\/www.toscanelli.com\\\/fr\\\/\",\"name\":\"Hotel Majestic Toscanelli\",\"description\":\"\",\"potentialAction\":[{\"@type\":\"SearchAction\",\"target\":{\"@type\":\"EntryPoint\",\"urlTemplate\":\"https:\\\/\\\/www.toscanelli.com\\\/fr\\\/?s={search_term_string}\"},\"query-input\":{\"@type\":\"PropertyValueSpecification\",\"valueRequired\":true,\"valueName\":\"search_term_string\"}}],\"inLanguage\":\"fr-FR\"}]}<\/script>\n<!-- \/ Yoast SEO plugin. -->","yoast_head_json":{"title":"Services &#183; Hotel Majestic Toscanelli &#183;","description":"L'H\u00f4tel Majestic Toscanelli offre tout le confort pour rendre votre s\u00e9jour inoubliable et tout le personnel sera \u00e0 votre disposition pour transformer chaque moment en une \u00e9motion m\u00e9morable.  N'h\u00e9sitez pas \u00e0 exprimer vos besoins ou vos envies dans les moindres d\u00e9tails, afin que notre personnel puisse r\u00e9pondre \u00e0 vos demandes, et pas seulement pour des occasions sp\u00e9ciales !.","robots":{"index":"index","follow":"follow","max-snippet":"max-snippet:-1","max-image-preview":"max-image-preview:large","max-video-preview":"max-video-preview:-1"},"canonical":"https:\/\/www.toscanelli.com\/fr\/services\/","og_locale":"fr_FR","og_type":"article","og_title":"Services &#183; Hotel Majestic Toscanelli &#183;","og_description":"L'H\u00f4tel Majestic Toscanelli offre tout le confort pour rendre votre s\u00e9jour inoubliable et tout le personnel sera \u00e0 votre disposition pour transformer chaque moment en une \u00e9motion m\u00e9morable.  N'h\u00e9sitez pas \u00e0 exprimer vos besoins ou vos envies dans les moindres d\u00e9tails, afin que notre personnel puisse r\u00e9pondre \u00e0 vos demandes, et pas seulement pour des occasions sp\u00e9ciales !.","og_url":"https:\/\/www.toscanelli.com\/fr\/services\/","og_site_name":"Hotel Majestic Toscanelli","article_publisher":"https:\/\/www.facebook.com\/pages\/Majestic-Toscanelli-Hotel\/114599601894384","article_modified_time":"2024-10-22T14:04:38+00:00","twitter_card":"summary_large_image","twitter_misc":{"Dur\u00e9e de lecture estim\u00e9e":"1 minute"},"schema":{"@context":"https:\/\/schema.org","@graph":[{"@type":"WebPage","@id":"https:\/\/www.toscanelli.com\/fr\/services\/","url":"https:\/\/www.toscanelli.com\/fr\/services\/","name":"Services &#183; Hotel Majestic Toscanelli &#183;","isPartOf":{"@id":"https:\/\/www.toscanelli.com\/fr\/#website"},"datePublished":"2024-05-08T11:34:17+00:00","dateModified":"2024-10-22T14:04:38+00:00","description":"L'H\u00f4tel Majestic Toscanelli offre tout le confort pour rendre votre s\u00e9jour inoubliable et tout le personnel sera \u00e0 votre disposition pour transformer chaque moment en une \u00e9motion m\u00e9morable. N'h\u00e9sitez pas \u00e0 exprimer vos besoins ou vos envies dans les moindres d\u00e9tails, afin que notre personnel puisse r\u00e9pondre \u00e0 vos demandes, et pas seulement pour des occasions sp\u00e9ciales !.","breadcrumb":{"@id":"https:\/\/www.toscanelli.com\/fr\/services\/#breadcrumb"},"inLanguage":"fr-FR","potentialAction":[{"@type":"ReadAction","target":["https:\/\/www.toscanelli.com\/fr\/services\/"]}]},{"@type":"BreadcrumbList","@id":"https:\/\/www.toscanelli.com\/fr\/services\/#breadcrumb","itemListElement":[{"@type":"ListItem","position":1,"name":"Home","item":"https:\/\/www.toscanelli.com\/fr\/"},{"@type":"ListItem","position":2,"name":"Services"}]},{"@type":"WebSite","@id":"https:\/\/www.toscanelli.com\/fr\/#website","url":"https:\/\/www.toscanelli.com\/fr\/","name":"Hotel Majestic Toscanelli","description":"","potentialAction":[{"@type":"SearchAction","target":{"@type":"EntryPoint","urlTemplate":"https:\/\/www.toscanelli.com\/fr\/?s={search_term_string}"},"query-input":{"@type":"PropertyValueSpecification","valueRequired":true,"valueName":"search_term_string"}}],"inLanguage":"fr-FR"}]}},"acf":[],"_links":{"self":[{"href":"https:\/\/www.toscanelli.com\/fr\/wp-json\/wp\/v2\/pages\/447","targetHints":{"allow":["GET"]}}],"collection":[{"href":"https:\/\/www.toscanelli.com\/fr\/wp-json\/wp\/v2\/pages"}],"about":[{"href":"https:\/\/www.toscanelli.com\/fr\/wp-json\/wp\/v2\/types\/page"}],"author":[{"embeddable":true,"href":"https:\/\/www.toscanelli.com\/fr\/wp-json\/wp\/v2\/users\/26"}],"replies":[{"embeddable":true,"href":"https:\/\/www.toscanelli.com\/fr\/wp-json\/wp\/v2\/comments?post=447"}],"version-history":[{"count":0,"href":"https:\/\/www.toscanelli.com\/fr\/wp-json\/wp\/v2\/pages\/447\/revisions"}],"wp:attachment":[{"href":"https:\/\/www.toscanelli.com\/fr\/wp-json\/wp\/v2\/media?parent=447"}],"curies":[{"name":"wp","href":"https:\/\/api.w.org\/{rel}","templated":true}]}}