{"id":433,"date":"2024-05-08T13:18:07","date_gmt":"2024-05-08T11:18:07","guid":{"rendered":"https:\/\/toscanelli.ms2.decms.eu\/?page_id=433"},"modified":"2024-10-22T15:27:50","modified_gmt":"2024-10-22T13:27:50","slug":"suites","status":"publish","type":"page","link":"https:\/\/www.toscanelli.com\/fr\/chambres\/suites\/","title":{"rendered":"Suites"},"content":{"rendered":"<p>Les Suites, structurellement toutes identiques d&rsquo;environ 40 m<sup>2<\/sup>, se composent de trois pi\u00e8ces distinctes :<\/p>\n<p>Chambre avec un grand lit ou des lits jumeaux (dont une avec un lit de 180 cm de large et 210 cm de haut !) et t\u00e9l\u00e9viseur<\/p>\n<p>Salon avec canap\u00e9 et t\u00e9l\u00e9vision, fauteuils et table basse, bureau ;<\/p>\n<p>Grande salle de bain avec baignoire et douche s\u00e9par\u00e9es.<\/p>\n<p>Le canap\u00e9 est convertible en deux lits.<\/p>\n<p>Chaque Suite se caract\u00e9rise par un mobilier et des d\u00e9corations diff\u00e9rents avec des<\/p>\n<p>trompes-l\u2019\u0153il artistiques : des reproductions d&rsquo;\u0153uvres de Canova, Giotto et Leonardo dont elles tirent leur nom.<\/p>\n<p>Ces \u0153uvres sont mises en valeur par la lumi\u00e8re naturelle et chaleureuse qui filtre des nombreuses fen\u00eatres, 5 (cinq), et des balcons pour certaines suites.<\/p>\n","protected":false},"excerpt":{"rendered":"<p>Les Suites, structurellement toutes identiques d&rsquo;environ 40 m2, se composent de trois pi\u00e8ces distinctes : Chambre avec un grand lit ou des lits jumeaux (dont une avec un lit de 180 cm de large et 210 cm de haut !) et t\u00e9l\u00e9viseur Salon avec canap\u00e9 et t\u00e9l\u00e9vision, fauteuils et table basse, bureau ; Grande salle [&hellip;]<\/p>\n","protected":false},"author":26,"featured_media":0,"parent":413,"menu_order":50,"comment_status":"closed","ping_status":"closed","template":"template-single-room.php","meta":{"footnotes":""},"class_list":["post-433","page","type-page","status-publish","hentry"],"yoast_head":"<!-- This site is optimized with the Yoast SEO plugin v27.3 - https:\/\/yoast.com\/product\/yoast-seo-wordpress\/ -->\n<title>Suites &#183; Hotel Majestic Toscanelli &#183;<\/title>\n<meta name=\"description\" content=\"Les Suites, structurellement toutes identiques d&#039;environ 40 m2, se composent de trois pi\u00e8ces distinctes :  Chambre avec un grand lit ou des lits jumeaux (dont une avec un lit de 180 cm de large et 210 cm de haut !) et t\u00e9l\u00e9viseur  Salon avec canap\u00e9 et t\u00e9l\u00e9vision, fauteuils et table basse, bureau ;  Grande salle de bain avec baignoire et douche s\u00e9par\u00e9es.  Le canap\u00e9 est convertible en deux lits.  Chaque Suite se caract\u00e9rise par un mobilier et des d\u00e9corations diff\u00e9rents avec des  trompes-l\u2019\u0153il artistiques : des reproductions d&#039;\u0153uvres de Canova, Giotto et Leonardo dont elles tirent leur nom.  Ces \u0153uvres sont mises en valeur par la lumi\u00e8re naturelle et chaleureuse qui filtre des nombreuses fen\u00eatres, 5 (cinq), et des balcons pour certaines suites..\" \/>\n<meta name=\"robots\" content=\"index, follow, max-snippet:-1, max-image-preview:large, max-video-preview:-1\" \/>\n<link rel=\"canonical\" href=\"https:\/\/www.toscanelli.com\/fr\/chambres\/suites\/\" \/>\n<meta property=\"og:locale\" content=\"fr_FR\" \/>\n<meta property=\"og:type\" content=\"article\" \/>\n<meta property=\"og:title\" content=\"Suites &#183; Hotel Majestic Toscanelli &#183;\" \/>\n<meta property=\"og:description\" content=\"Les Suites, structurellement toutes identiques d&#039;environ 40 m2, se composent de trois pi\u00e8ces distinctes :  Chambre avec un grand lit ou des lits jumeaux (dont une avec un lit de 180 cm de large et 210 cm de haut !) et t\u00e9l\u00e9viseur  Salon avec canap\u00e9 et t\u00e9l\u00e9vision, fauteuils et table basse, bureau ;  Grande salle de bain avec baignoire et douche s\u00e9par\u00e9es.  Le canap\u00e9 est convertible en deux lits.  Chaque Suite se caract\u00e9rise par un mobilier et des d\u00e9corations diff\u00e9rents avec des  trompes-l\u2019\u0153il artistiques : des reproductions d&#039;\u0153uvres de Canova, Giotto et Leonardo dont elles tirent leur nom.  Ces \u0153uvres sont mises en valeur par la lumi\u00e8re naturelle et chaleureuse qui filtre des nombreuses fen\u00eatres, 5 (cinq), et des balcons pour certaines suites..\" \/>\n<meta property=\"og:url\" content=\"https:\/\/www.toscanelli.com\/fr\/chambres\/suites\/\" \/>\n<meta property=\"og:site_name\" content=\"Hotel Majestic Toscanelli\" \/>\n<meta property=\"article:publisher\" content=\"https:\/\/www.facebook.com\/pages\/Majestic-Toscanelli-Hotel\/114599601894384\" \/>\n<meta property=\"article:modified_time\" content=\"2024-10-22T13:27:50+00:00\" \/>\n<meta name=\"twitter:card\" content=\"summary_large_image\" \/>\n<meta name=\"twitter:label1\" content=\"Dur\u00e9e de lecture estim\u00e9e\" \/>\n\t<meta name=\"twitter:data1\" content=\"1 minute\" \/>\n<script type=\"application\/ld+json\" class=\"yoast-schema-graph\">{\"@context\":\"https:\\\/\\\/schema.org\",\"@graph\":[{\"@type\":\"WebPage\",\"@id\":\"https:\\\/\\\/www.toscanelli.com\\\/fr\\\/chambres\\\/suites\\\/\",\"url\":\"https:\\\/\\\/www.toscanelli.com\\\/fr\\\/chambres\\\/suites\\\/\",\"name\":\"Suites &#183; Hotel Majestic Toscanelli &#183;\",\"isPartOf\":{\"@id\":\"https:\\\/\\\/www.toscanelli.com\\\/fr\\\/#website\"},\"datePublished\":\"2024-05-08T11:18:07+00:00\",\"dateModified\":\"2024-10-22T13:27:50+00:00\",\"description\":\"Les Suites, structurellement toutes identiques d'environ 40 m2, se composent de trois pi\u00e8ces distinctes : Chambre avec un grand lit ou des lits jumeaux (dont une avec un lit de 180 cm de large et 210 cm de haut !) et t\u00e9l\u00e9viseur Salon avec canap\u00e9 et t\u00e9l\u00e9vision, fauteuils et table basse, bureau ; Grande salle de bain avec baignoire et douche s\u00e9par\u00e9es. Le canap\u00e9 est convertible en deux lits. Chaque Suite se caract\u00e9rise par un mobilier et des d\u00e9corations diff\u00e9rents avec des trompes-l\u2019\u0153il artistiques : des reproductions d'\u0153uvres de Canova, Giotto et Leonardo dont elles tirent leur nom. Ces \u0153uvres sont mises en valeur par la lumi\u00e8re naturelle et chaleureuse qui filtre des nombreuses fen\u00eatres, 5 (cinq), et des balcons pour certaines suites..\",\"breadcrumb\":{\"@id\":\"https:\\\/\\\/www.toscanelli.com\\\/fr\\\/chambres\\\/suites\\\/#breadcrumb\"},\"inLanguage\":\"fr-FR\",\"potentialAction\":[{\"@type\":\"ReadAction\",\"target\":[\"https:\\\/\\\/www.toscanelli.com\\\/fr\\\/chambres\\\/suites\\\/\"]}]},{\"@type\":\"BreadcrumbList\",\"@id\":\"https:\\\/\\\/www.toscanelli.com\\\/fr\\\/chambres\\\/suites\\\/#breadcrumb\",\"itemListElement\":[{\"@type\":\"ListItem\",\"position\":1,\"name\":\"Home\",\"item\":\"https:\\\/\\\/www.toscanelli.com\\\/fr\\\/\"},{\"@type\":\"ListItem\",\"position\":2,\"name\":\"Chambres\",\"item\":\"https:\\\/\\\/www.toscanelli.com\\\/fr\\\/camere\\\/\"},{\"@type\":\"ListItem\",\"position\":3,\"name\":\"Suites\"}]},{\"@type\":\"WebSite\",\"@id\":\"https:\\\/\\\/www.toscanelli.com\\\/fr\\\/#website\",\"url\":\"https:\\\/\\\/www.toscanelli.com\\\/fr\\\/\",\"name\":\"Hotel Majestic Toscanelli\",\"description\":\"\",\"potentialAction\":[{\"@type\":\"SearchAction\",\"target\":{\"@type\":\"EntryPoint\",\"urlTemplate\":\"https:\\\/\\\/www.toscanelli.com\\\/fr\\\/?s={search_term_string}\"},\"query-input\":{\"@type\":\"PropertyValueSpecification\",\"valueRequired\":true,\"valueName\":\"search_term_string\"}}],\"inLanguage\":\"fr-FR\"}]}<\/script>\n<!-- \/ Yoast SEO plugin. -->","yoast_head_json":{"title":"Suites &#183; Hotel Majestic Toscanelli &#183;","description":"Les Suites, structurellement toutes identiques d'environ 40 m2, se composent de trois pi\u00e8ces distinctes :  Chambre avec un grand lit ou des lits jumeaux (dont une avec un lit de 180 cm de large et 210 cm de haut !) et t\u00e9l\u00e9viseur  Salon avec canap\u00e9 et t\u00e9l\u00e9vision, fauteuils et table basse, bureau ;  Grande salle de bain avec baignoire et douche s\u00e9par\u00e9es.  Le canap\u00e9 est convertible en deux lits.  Chaque Suite se caract\u00e9rise par un mobilier et des d\u00e9corations diff\u00e9rents avec des  trompes-l\u2019\u0153il artistiques : des reproductions d'\u0153uvres de Canova, Giotto et Leonardo dont elles tirent leur nom.  Ces \u0153uvres sont mises en valeur par la lumi\u00e8re naturelle et chaleureuse qui filtre des nombreuses fen\u00eatres, 5 (cinq), et des balcons pour certaines suites..","robots":{"index":"index","follow":"follow","max-snippet":"max-snippet:-1","max-image-preview":"max-image-preview:large","max-video-preview":"max-video-preview:-1"},"canonical":"https:\/\/www.toscanelli.com\/fr\/chambres\/suites\/","og_locale":"fr_FR","og_type":"article","og_title":"Suites &#183; Hotel Majestic Toscanelli &#183;","og_description":"Les Suites, structurellement toutes identiques d'environ 40 m2, se composent de trois pi\u00e8ces distinctes :  Chambre avec un grand lit ou des lits jumeaux (dont une avec un lit de 180 cm de large et 210 cm de haut !) et t\u00e9l\u00e9viseur  Salon avec canap\u00e9 et t\u00e9l\u00e9vision, fauteuils et table basse, bureau ;  Grande salle de bain avec baignoire et douche s\u00e9par\u00e9es.  Le canap\u00e9 est convertible en deux lits.  Chaque Suite se caract\u00e9rise par un mobilier et des d\u00e9corations diff\u00e9rents avec des  trompes-l\u2019\u0153il artistiques : des reproductions d'\u0153uvres de Canova, Giotto et Leonardo dont elles tirent leur nom.  Ces \u0153uvres sont mises en valeur par la lumi\u00e8re naturelle et chaleureuse qui filtre des nombreuses fen\u00eatres, 5 (cinq), et des balcons pour certaines suites..","og_url":"https:\/\/www.toscanelli.com\/fr\/chambres\/suites\/","og_site_name":"Hotel Majestic Toscanelli","article_publisher":"https:\/\/www.facebook.com\/pages\/Majestic-Toscanelli-Hotel\/114599601894384","article_modified_time":"2024-10-22T13:27:50+00:00","twitter_card":"summary_large_image","twitter_misc":{"Dur\u00e9e de lecture estim\u00e9e":"1 minute"},"schema":{"@context":"https:\/\/schema.org","@graph":[{"@type":"WebPage","@id":"https:\/\/www.toscanelli.com\/fr\/chambres\/suites\/","url":"https:\/\/www.toscanelli.com\/fr\/chambres\/suites\/","name":"Suites &#183; Hotel Majestic Toscanelli &#183;","isPartOf":{"@id":"https:\/\/www.toscanelli.com\/fr\/#website"},"datePublished":"2024-05-08T11:18:07+00:00","dateModified":"2024-10-22T13:27:50+00:00","description":"Les Suites, structurellement toutes identiques d'environ 40 m2, se composent de trois pi\u00e8ces distinctes : Chambre avec un grand lit ou des lits jumeaux (dont une avec un lit de 180 cm de large et 210 cm de haut !) et t\u00e9l\u00e9viseur Salon avec canap\u00e9 et t\u00e9l\u00e9vision, fauteuils et table basse, bureau ; Grande salle de bain avec baignoire et douche s\u00e9par\u00e9es. Le canap\u00e9 est convertible en deux lits. Chaque Suite se caract\u00e9rise par un mobilier et des d\u00e9corations diff\u00e9rents avec des trompes-l\u2019\u0153il artistiques : des reproductions d'\u0153uvres de Canova, Giotto et Leonardo dont elles tirent leur nom. Ces \u0153uvres sont mises en valeur par la lumi\u00e8re naturelle et chaleureuse qui filtre des nombreuses fen\u00eatres, 5 (cinq), et des balcons pour certaines suites..","breadcrumb":{"@id":"https:\/\/www.toscanelli.com\/fr\/chambres\/suites\/#breadcrumb"},"inLanguage":"fr-FR","potentialAction":[{"@type":"ReadAction","target":["https:\/\/www.toscanelli.com\/fr\/chambres\/suites\/"]}]},{"@type":"BreadcrumbList","@id":"https:\/\/www.toscanelli.com\/fr\/chambres\/suites\/#breadcrumb","itemListElement":[{"@type":"ListItem","position":1,"name":"Home","item":"https:\/\/www.toscanelli.com\/fr\/"},{"@type":"ListItem","position":2,"name":"Chambres","item":"https:\/\/www.toscanelli.com\/fr\/camere\/"},{"@type":"ListItem","position":3,"name":"Suites"}]},{"@type":"WebSite","@id":"https:\/\/www.toscanelli.com\/fr\/#website","url":"https:\/\/www.toscanelli.com\/fr\/","name":"Hotel Majestic Toscanelli","description":"","potentialAction":[{"@type":"SearchAction","target":{"@type":"EntryPoint","urlTemplate":"https:\/\/www.toscanelli.com\/fr\/?s={search_term_string}"},"query-input":{"@type":"PropertyValueSpecification","valueRequired":true,"valueName":"search_term_string"}}],"inLanguage":"fr-FR"}]}},"acf":[],"_links":{"self":[{"href":"https:\/\/www.toscanelli.com\/fr\/wp-json\/wp\/v2\/pages\/433","targetHints":{"allow":["GET"]}}],"collection":[{"href":"https:\/\/www.toscanelli.com\/fr\/wp-json\/wp\/v2\/pages"}],"about":[{"href":"https:\/\/www.toscanelli.com\/fr\/wp-json\/wp\/v2\/types\/page"}],"author":[{"embeddable":true,"href":"https:\/\/www.toscanelli.com\/fr\/wp-json\/wp\/v2\/users\/26"}],"replies":[{"embeddable":true,"href":"https:\/\/www.toscanelli.com\/fr\/wp-json\/wp\/v2\/comments?post=433"}],"version-history":[{"count":0,"href":"https:\/\/www.toscanelli.com\/fr\/wp-json\/wp\/v2\/pages\/433\/revisions"}],"up":[{"embeddable":true,"href":"https:\/\/www.toscanelli.com\/fr\/wp-json\/wp\/v2\/pages\/413"}],"wp:attachment":[{"href":"https:\/\/www.toscanelli.com\/fr\/wp-json\/wp\/v2\/media?parent=433"}],"curies":[{"name":"wp","href":"https:\/\/api.w.org\/{rel}","templated":true}]}}