{"id":413,"date":"2024-05-08T13:13:30","date_gmt":"2024-05-08T11:13:30","guid":{"rendered":"https:\/\/toscanelli.ms2.decms.eu\/?page_id=413"},"modified":"2024-11-13T17:39:39","modified_gmt":"2024-11-13T16:39:39","slug":"chambres","status":"publish","type":"page","link":"https:\/\/www.toscanelli.com\/fr\/chambres\/","title":{"rendered":"Chambres"},"content":{"rendered":"<p>L&rsquo;H\u00f4tel est situ\u00e9 dans un b\u00e2timent historique et m\u00eame les espaces des chambres et des salles de bain refl\u00e8tent le charme de l&rsquo;histoire.<\/p>\n<p><strong>Ne vous attendez pas aux larges espaces des h\u00f4tels des grandes cha\u00eenes, mais au charme d&rsquo;une \u00e9poque ancienne d\u2019un Boutique H\u00f4tel constamment r\u00e9nov\u00e9 et avec une attention particuli\u00e8re aux moindres d\u00e9tails<\/strong><strong>.<\/strong><\/p>\n<p>Les 34 chambres du Majestic H\u00f4tel Toscanelli : 3 Suites, 3 Junior Suites, 28 chambres doubles, Confort, Standard et Lit \u00e0 la fran\u00e7aise, toutes meubl\u00e9es de mani\u00e8re originale, chacune diff\u00e9rente des autres.<\/p>\n<p>Certaines sont de style anglais du XIX<sup>e<\/sup> si\u00e8cle, d&rsquo;autres de style baroque v\u00e9nitien con\u00e7ues avec \u00e9l\u00e9gance et fonctionnalit\u00e9 pour offrir un maximum de confort et d\u2019hospitalit\u00e9.<\/p>\n","protected":false},"excerpt":{"rendered":"<p>L&rsquo;H\u00f4tel est situ\u00e9 dans un b\u00e2timent historique et m\u00eame les espaces des chambres et des salles de bain refl\u00e8tent le charme de l&rsquo;histoire. Ne vous attendez pas aux larges espaces des h\u00f4tels des grandes cha\u00eenes, mais au charme d&rsquo;une \u00e9poque ancienne d\u2019un Boutique H\u00f4tel constamment r\u00e9nov\u00e9 et avec une attention particuli\u00e8re aux moindres d\u00e9tails. Les [&hellip;]<\/p>\n","protected":false},"author":26,"featured_media":0,"parent":0,"menu_order":20,"comment_status":"closed","ping_status":"closed","template":"template-rooms.php","meta":{"footnotes":""},"class_list":["post-413","page","type-page","status-publish","hentry"],"yoast_head":"<!-- This site is optimized with the Yoast SEO plugin v27.3 - https:\/\/yoast.com\/product\/yoast-seo-wordpress\/ -->\n<title>Chambres &#183; Hotel Majestic Toscanelli &#183;<\/title>\n<meta name=\"description\" content=\"L&#039;H\u00f4tel est situ\u00e9 dans un b\u00e2timent historique et m\u00eame les espaces des chambres et des salles de bain refl\u00e8tent le charme de l&#039;histoire.  Ne vous attendez pas aux larges espaces des h\u00f4tels des grandes cha\u00eenes, mais au charme d&#039;une \u00e9poque ancienne d\u2019un Boutique H\u00f4tel constamment r\u00e9nov\u00e9 et avec une attention particuli\u00e8re aux moindres d\u00e9tails.  Les 34 chambres du Majestic H\u00f4tel Toscanelli : 3 Suites, 3 Junior Suites, 28 chambres doubles, Confort, Standard et Lit \u00e0 la fran\u00e7aise, toutes meubl\u00e9es de mani\u00e8re originale, chacune diff\u00e9rente des autres.  Certaines sont de style anglais du XIXe si\u00e8cle, d&#039;autres de style baroque v\u00e9nitien con\u00e7ues avec \u00e9l\u00e9gance et fonctionnalit\u00e9 pour offrir un maximum de confort et d\u2019hospitalit\u00e9..\" \/>\n<meta name=\"robots\" content=\"index, follow, max-snippet:-1, max-image-preview:large, max-video-preview:-1\" \/>\n<link rel=\"canonical\" href=\"https:\/\/www.toscanelli.com\/fr\/chambres\/\" \/>\n<meta property=\"og:locale\" content=\"fr_FR\" \/>\n<meta property=\"og:type\" content=\"article\" \/>\n<meta property=\"og:title\" content=\"Chambres &#183; Hotel Majestic Toscanelli &#183;\" \/>\n<meta property=\"og:description\" content=\"L&#039;H\u00f4tel est situ\u00e9 dans un b\u00e2timent historique et m\u00eame les espaces des chambres et des salles de bain refl\u00e8tent le charme de l&#039;histoire.  Ne vous attendez pas aux larges espaces des h\u00f4tels des grandes cha\u00eenes, mais au charme d&#039;une \u00e9poque ancienne d\u2019un Boutique H\u00f4tel constamment r\u00e9nov\u00e9 et avec une attention particuli\u00e8re aux moindres d\u00e9tails.  Les 34 chambres du Majestic H\u00f4tel Toscanelli : 3 Suites, 3 Junior Suites, 28 chambres doubles, Confort, Standard et Lit \u00e0 la fran\u00e7aise, toutes meubl\u00e9es de mani\u00e8re originale, chacune diff\u00e9rente des autres.  Certaines sont de style anglais du XIXe si\u00e8cle, d&#039;autres de style baroque v\u00e9nitien con\u00e7ues avec \u00e9l\u00e9gance et fonctionnalit\u00e9 pour offrir un maximum de confort et d\u2019hospitalit\u00e9..\" \/>\n<meta property=\"og:url\" content=\"https:\/\/www.toscanelli.com\/fr\/chambres\/\" \/>\n<meta property=\"og:site_name\" content=\"Hotel Majestic Toscanelli\" \/>\n<meta property=\"article:publisher\" content=\"https:\/\/www.facebook.com\/pages\/Majestic-Toscanelli-Hotel\/114599601894384\" \/>\n<meta property=\"article:modified_time\" content=\"2024-11-13T16:39:39+00:00\" \/>\n<meta name=\"twitter:card\" content=\"summary_large_image\" \/>\n<meta name=\"twitter:label1\" content=\"Dur\u00e9e de lecture estim\u00e9e\" \/>\n\t<meta name=\"twitter:data1\" content=\"1 minute\" \/>\n<script type=\"application\/ld+json\" class=\"yoast-schema-graph\">{\"@context\":\"https:\\\/\\\/schema.org\",\"@graph\":[{\"@type\":\"WebPage\",\"@id\":\"https:\\\/\\\/www.toscanelli.com\\\/fr\\\/chambres\\\/\",\"url\":\"https:\\\/\\\/www.toscanelli.com\\\/fr\\\/chambres\\\/\",\"name\":\"Chambres &#183; Hotel Majestic Toscanelli &#183;\",\"isPartOf\":{\"@id\":\"https:\\\/\\\/www.toscanelli.com\\\/fr\\\/#website\"},\"datePublished\":\"2024-05-08T11:13:30+00:00\",\"dateModified\":\"2024-11-13T16:39:39+00:00\",\"description\":\"L'H\u00f4tel est situ\u00e9 dans un b\u00e2timent historique et m\u00eame les espaces des chambres et des salles de bain refl\u00e8tent le charme de l'histoire. Ne vous attendez pas aux larges espaces des h\u00f4tels des grandes cha\u00eenes, mais au charme d'une \u00e9poque ancienne d\u2019un Boutique H\u00f4tel constamment r\u00e9nov\u00e9 et avec une attention particuli\u00e8re aux moindres d\u00e9tails. Les 34 chambres du Majestic H\u00f4tel Toscanelli : 3 Suites, 3 Junior Suites, 28 chambres doubles, Confort, Standard et Lit \u00e0 la fran\u00e7aise, toutes meubl\u00e9es de mani\u00e8re originale, chacune diff\u00e9rente des autres. Certaines sont de style anglais du XIXe si\u00e8cle, d'autres de style baroque v\u00e9nitien con\u00e7ues avec \u00e9l\u00e9gance et fonctionnalit\u00e9 pour offrir un maximum de confort et d\u2019hospitalit\u00e9..\",\"breadcrumb\":{\"@id\":\"https:\\\/\\\/www.toscanelli.com\\\/fr\\\/chambres\\\/#breadcrumb\"},\"inLanguage\":\"fr-FR\",\"potentialAction\":[{\"@type\":\"ReadAction\",\"target\":[\"https:\\\/\\\/www.toscanelli.com\\\/fr\\\/chambres\\\/\"]}]},{\"@type\":\"BreadcrumbList\",\"@id\":\"https:\\\/\\\/www.toscanelli.com\\\/fr\\\/chambres\\\/#breadcrumb\",\"itemListElement\":[{\"@type\":\"ListItem\",\"position\":1,\"name\":\"Home\",\"item\":\"https:\\\/\\\/www.toscanelli.com\\\/fr\\\/\"},{\"@type\":\"ListItem\",\"position\":2,\"name\":\"Chambres\"}]},{\"@type\":\"WebSite\",\"@id\":\"https:\\\/\\\/www.toscanelli.com\\\/fr\\\/#website\",\"url\":\"https:\\\/\\\/www.toscanelli.com\\\/fr\\\/\",\"name\":\"Hotel Majestic Toscanelli\",\"description\":\"\",\"potentialAction\":[{\"@type\":\"SearchAction\",\"target\":{\"@type\":\"EntryPoint\",\"urlTemplate\":\"https:\\\/\\\/www.toscanelli.com\\\/fr\\\/?s={search_term_string}\"},\"query-input\":{\"@type\":\"PropertyValueSpecification\",\"valueRequired\":true,\"valueName\":\"search_term_string\"}}],\"inLanguage\":\"fr-FR\"}]}<\/script>\n<!-- \/ Yoast SEO plugin. -->","yoast_head_json":{"title":"Chambres &#183; Hotel Majestic Toscanelli &#183;","description":"L'H\u00f4tel est situ\u00e9 dans un b\u00e2timent historique et m\u00eame les espaces des chambres et des salles de bain refl\u00e8tent le charme de l'histoire.  Ne vous attendez pas aux larges espaces des h\u00f4tels des grandes cha\u00eenes, mais au charme d'une \u00e9poque ancienne d\u2019un Boutique H\u00f4tel constamment r\u00e9nov\u00e9 et avec une attention particuli\u00e8re aux moindres d\u00e9tails.  Les 34 chambres du Majestic H\u00f4tel Toscanelli : 3 Suites, 3 Junior Suites, 28 chambres doubles, Confort, Standard et Lit \u00e0 la fran\u00e7aise, toutes meubl\u00e9es de mani\u00e8re originale, chacune diff\u00e9rente des autres.  Certaines sont de style anglais du XIXe si\u00e8cle, d'autres de style baroque v\u00e9nitien con\u00e7ues avec \u00e9l\u00e9gance et fonctionnalit\u00e9 pour offrir un maximum de confort et d\u2019hospitalit\u00e9..","robots":{"index":"index","follow":"follow","max-snippet":"max-snippet:-1","max-image-preview":"max-image-preview:large","max-video-preview":"max-video-preview:-1"},"canonical":"https:\/\/www.toscanelli.com\/fr\/chambres\/","og_locale":"fr_FR","og_type":"article","og_title":"Chambres &#183; Hotel Majestic Toscanelli &#183;","og_description":"L'H\u00f4tel est situ\u00e9 dans un b\u00e2timent historique et m\u00eame les espaces des chambres et des salles de bain refl\u00e8tent le charme de l'histoire.  Ne vous attendez pas aux larges espaces des h\u00f4tels des grandes cha\u00eenes, mais au charme d'une \u00e9poque ancienne d\u2019un Boutique H\u00f4tel constamment r\u00e9nov\u00e9 et avec une attention particuli\u00e8re aux moindres d\u00e9tails.  Les 34 chambres du Majestic H\u00f4tel Toscanelli : 3 Suites, 3 Junior Suites, 28 chambres doubles, Confort, Standard et Lit \u00e0 la fran\u00e7aise, toutes meubl\u00e9es de mani\u00e8re originale, chacune diff\u00e9rente des autres.  Certaines sont de style anglais du XIXe si\u00e8cle, d'autres de style baroque v\u00e9nitien con\u00e7ues avec \u00e9l\u00e9gance et fonctionnalit\u00e9 pour offrir un maximum de confort et d\u2019hospitalit\u00e9..","og_url":"https:\/\/www.toscanelli.com\/fr\/chambres\/","og_site_name":"Hotel Majestic Toscanelli","article_publisher":"https:\/\/www.facebook.com\/pages\/Majestic-Toscanelli-Hotel\/114599601894384","article_modified_time":"2024-11-13T16:39:39+00:00","twitter_card":"summary_large_image","twitter_misc":{"Dur\u00e9e de lecture estim\u00e9e":"1 minute"},"schema":{"@context":"https:\/\/schema.org","@graph":[{"@type":"WebPage","@id":"https:\/\/www.toscanelli.com\/fr\/chambres\/","url":"https:\/\/www.toscanelli.com\/fr\/chambres\/","name":"Chambres &#183; Hotel Majestic Toscanelli &#183;","isPartOf":{"@id":"https:\/\/www.toscanelli.com\/fr\/#website"},"datePublished":"2024-05-08T11:13:30+00:00","dateModified":"2024-11-13T16:39:39+00:00","description":"L'H\u00f4tel est situ\u00e9 dans un b\u00e2timent historique et m\u00eame les espaces des chambres et des salles de bain refl\u00e8tent le charme de l'histoire. Ne vous attendez pas aux larges espaces des h\u00f4tels des grandes cha\u00eenes, mais au charme d'une \u00e9poque ancienne d\u2019un Boutique H\u00f4tel constamment r\u00e9nov\u00e9 et avec une attention particuli\u00e8re aux moindres d\u00e9tails. Les 34 chambres du Majestic H\u00f4tel Toscanelli : 3 Suites, 3 Junior Suites, 28 chambres doubles, Confort, Standard et Lit \u00e0 la fran\u00e7aise, toutes meubl\u00e9es de mani\u00e8re originale, chacune diff\u00e9rente des autres. Certaines sont de style anglais du XIXe si\u00e8cle, d'autres de style baroque v\u00e9nitien con\u00e7ues avec \u00e9l\u00e9gance et fonctionnalit\u00e9 pour offrir un maximum de confort et d\u2019hospitalit\u00e9..","breadcrumb":{"@id":"https:\/\/www.toscanelli.com\/fr\/chambres\/#breadcrumb"},"inLanguage":"fr-FR","potentialAction":[{"@type":"ReadAction","target":["https:\/\/www.toscanelli.com\/fr\/chambres\/"]}]},{"@type":"BreadcrumbList","@id":"https:\/\/www.toscanelli.com\/fr\/chambres\/#breadcrumb","itemListElement":[{"@type":"ListItem","position":1,"name":"Home","item":"https:\/\/www.toscanelli.com\/fr\/"},{"@type":"ListItem","position":2,"name":"Chambres"}]},{"@type":"WebSite","@id":"https:\/\/www.toscanelli.com\/fr\/#website","url":"https:\/\/www.toscanelli.com\/fr\/","name":"Hotel Majestic Toscanelli","description":"","potentialAction":[{"@type":"SearchAction","target":{"@type":"EntryPoint","urlTemplate":"https:\/\/www.toscanelli.com\/fr\/?s={search_term_string}"},"query-input":{"@type":"PropertyValueSpecification","valueRequired":true,"valueName":"search_term_string"}}],"inLanguage":"fr-FR"}]}},"acf":[],"_links":{"self":[{"href":"https:\/\/www.toscanelli.com\/fr\/wp-json\/wp\/v2\/pages\/413","targetHints":{"allow":["GET"]}}],"collection":[{"href":"https:\/\/www.toscanelli.com\/fr\/wp-json\/wp\/v2\/pages"}],"about":[{"href":"https:\/\/www.toscanelli.com\/fr\/wp-json\/wp\/v2\/types\/page"}],"author":[{"embeddable":true,"href":"https:\/\/www.toscanelli.com\/fr\/wp-json\/wp\/v2\/users\/26"}],"replies":[{"embeddable":true,"href":"https:\/\/www.toscanelli.com\/fr\/wp-json\/wp\/v2\/comments?post=413"}],"version-history":[{"count":0,"href":"https:\/\/www.toscanelli.com\/fr\/wp-json\/wp\/v2\/pages\/413\/revisions"}],"wp:attachment":[{"href":"https:\/\/www.toscanelli.com\/fr\/wp-json\/wp\/v2\/media?parent=413"}],"curies":[{"name":"wp","href":"https:\/\/api.w.org\/{rel}","templated":true}]}}