{"id":547,"date":"2024-09-18T15:39:05","date_gmt":"2024-09-18T13:39:05","guid":{"rendered":"https:\/\/toscanelli.ms2.decms.eu\/?page_id=547"},"modified":"2024-10-22T17:04:47","modified_gmt":"2024-10-22T15:04:47","slug":"scrovegni-kappelle","status":"publish","type":"page","link":"https:\/\/www.toscanelli.com\/de\/umgebung\/scrovegni-kappelle\/","title":{"rendered":"Scrovegni Kappelle"},"content":{"rendered":"<p>Die Heilsgeschichte der Menschheit wird anhand des Lebens von Maria und Jesus bis zum \u00fcberw\u00e4ltigenden Fresko des Jungsten Gerichtes erz\u00e4hlt.<\/p>\n<p>Auf dem Altar sind Werke von Giovanni Pisano.<\/p>\n","protected":false},"excerpt":{"rendered":"<p>Die Heilsgeschichte der Menschheit wird anhand des Lebens von Maria und Jesus bis zum \u00fcberw\u00e4ltigenden Fresko des Jungsten Gerichtes erz\u00e4hlt. Auf dem Altar sind Werke von Giovanni Pisano.<\/p>\n","protected":false},"author":26,"featured_media":0,"parent":511,"menu_order":60,"comment_status":"closed","ping_status":"closed","template":"template-default-4.php","meta":{"footnotes":""},"class_list":["post-547","page","type-page","status-publish","hentry"],"yoast_head":"<!-- This site is optimized with the Yoast SEO plugin v27.3 - https:\/\/yoast.com\/product\/yoast-seo-wordpress\/ -->\n<title>Scrovegni Kappelle &#183; Hotel Majestic Toscanelli &#183;<\/title>\n<meta name=\"description\" content=\"Die Heilsgeschichte der Menschheit wird anhand des Lebens von Maria und Jesus bis zum \u00fcberw\u00e4ltigenden Fresko des Jungsten Gerichtes erz\u00e4hlt.  Auf dem Altar sind Werke von Giovanni Pisano..\" \/>\n<meta name=\"robots\" content=\"index, follow, max-snippet:-1, max-image-preview:large, max-video-preview:-1\" \/>\n<link rel=\"canonical\" href=\"https:\/\/www.toscanelli.com\/de\/umgebung\/scrovegni-kappelle\/\" \/>\n<meta property=\"og:locale\" content=\"de_DE\" \/>\n<meta property=\"og:type\" content=\"article\" \/>\n<meta property=\"og:title\" content=\"Scrovegni Kappelle &#183; Hotel Majestic Toscanelli &#183;\" \/>\n<meta property=\"og:description\" content=\"Die Heilsgeschichte der Menschheit wird anhand des Lebens von Maria und Jesus bis zum \u00fcberw\u00e4ltigenden Fresko des Jungsten Gerichtes erz\u00e4hlt.  Auf dem Altar sind Werke von Giovanni Pisano..\" \/>\n<meta property=\"og:url\" content=\"https:\/\/www.toscanelli.com\/de\/umgebung\/scrovegni-kappelle\/\" \/>\n<meta property=\"og:site_name\" content=\"Hotel Majestic Toscanelli\" \/>\n<meta property=\"article:publisher\" content=\"https:\/\/www.facebook.com\/pages\/Majestic-Toscanelli-Hotel\/114599601894384\" \/>\n<meta property=\"article:modified_time\" content=\"2024-10-22T15:04:47+00:00\" \/>\n<meta name=\"twitter:card\" content=\"summary_large_image\" \/>\n<meta name=\"twitter:label1\" content=\"Gesch\u00e4tzte Lesezeit\" \/>\n\t<meta name=\"twitter:data1\" content=\"1 Minute\" \/>\n<script type=\"application\/ld+json\" class=\"yoast-schema-graph\">{\"@context\":\"https:\\\/\\\/schema.org\",\"@graph\":[{\"@type\":\"WebPage\",\"@id\":\"https:\\\/\\\/www.toscanelli.com\\\/de\\\/umgebung\\\/scrovegni-kappelle\\\/\",\"url\":\"https:\\\/\\\/www.toscanelli.com\\\/de\\\/umgebung\\\/scrovegni-kappelle\\\/\",\"name\":\"Scrovegni Kappelle &#183; Hotel Majestic Toscanelli &#183;\",\"isPartOf\":{\"@id\":\"https:\\\/\\\/www.toscanelli.com\\\/de\\\/#website\"},\"datePublished\":\"2024-09-18T13:39:05+00:00\",\"dateModified\":\"2024-10-22T15:04:47+00:00\",\"description\":\"Die Heilsgeschichte der Menschheit wird anhand des Lebens von Maria und Jesus bis zum \u00fcberw\u00e4ltigenden Fresko des Jungsten Gerichtes erz\u00e4hlt. Auf dem Altar sind Werke von Giovanni Pisano..\",\"breadcrumb\":{\"@id\":\"https:\\\/\\\/www.toscanelli.com\\\/de\\\/umgebung\\\/scrovegni-kappelle\\\/#breadcrumb\"},\"inLanguage\":\"de-DE\",\"potentialAction\":[{\"@type\":\"ReadAction\",\"target\":[\"https:\\\/\\\/www.toscanelli.com\\\/de\\\/umgebung\\\/scrovegni-kappelle\\\/\"]}]},{\"@type\":\"BreadcrumbList\",\"@id\":\"https:\\\/\\\/www.toscanelli.com\\\/de\\\/umgebung\\\/scrovegni-kappelle\\\/#breadcrumb\",\"itemListElement\":[{\"@type\":\"ListItem\",\"position\":1,\"name\":\"Home\",\"item\":\"https:\\\/\\\/www.toscanelli.com\\\/de\\\/\"},{\"@type\":\"ListItem\",\"position\":2,\"name\":\"Umgebung\",\"item\":\"https:\\\/\\\/www.toscanelli.com\\\/de\\\/dintorni\\\/\"},{\"@type\":\"ListItem\",\"position\":3,\"name\":\"Scrovegni Kappelle\"}]},{\"@type\":\"WebSite\",\"@id\":\"https:\\\/\\\/www.toscanelli.com\\\/de\\\/#website\",\"url\":\"https:\\\/\\\/www.toscanelli.com\\\/de\\\/\",\"name\":\"Hotel Majestic Toscanelli\",\"description\":\"\",\"potentialAction\":[{\"@type\":\"SearchAction\",\"target\":{\"@type\":\"EntryPoint\",\"urlTemplate\":\"https:\\\/\\\/www.toscanelli.com\\\/de\\\/?s={search_term_string}\"},\"query-input\":{\"@type\":\"PropertyValueSpecification\",\"valueRequired\":true,\"valueName\":\"search_term_string\"}}],\"inLanguage\":\"de-DE\"}]}<\/script>\n<!-- \/ Yoast SEO plugin. -->","yoast_head_json":{"title":"Scrovegni Kappelle &#183; Hotel Majestic Toscanelli &#183;","description":"Die Heilsgeschichte der Menschheit wird anhand des Lebens von Maria und Jesus bis zum \u00fcberw\u00e4ltigenden Fresko des Jungsten Gerichtes erz\u00e4hlt.  Auf dem Altar sind Werke von Giovanni Pisano..","robots":{"index":"index","follow":"follow","max-snippet":"max-snippet:-1","max-image-preview":"max-image-preview:large","max-video-preview":"max-video-preview:-1"},"canonical":"https:\/\/www.toscanelli.com\/de\/umgebung\/scrovegni-kappelle\/","og_locale":"de_DE","og_type":"article","og_title":"Scrovegni Kappelle &#183; Hotel Majestic Toscanelli &#183;","og_description":"Die Heilsgeschichte der Menschheit wird anhand des Lebens von Maria und Jesus bis zum \u00fcberw\u00e4ltigenden Fresko des Jungsten Gerichtes erz\u00e4hlt.  Auf dem Altar sind Werke von Giovanni Pisano..","og_url":"https:\/\/www.toscanelli.com\/de\/umgebung\/scrovegni-kappelle\/","og_site_name":"Hotel Majestic Toscanelli","article_publisher":"https:\/\/www.facebook.com\/pages\/Majestic-Toscanelli-Hotel\/114599601894384","article_modified_time":"2024-10-22T15:04:47+00:00","twitter_card":"summary_large_image","twitter_misc":{"Gesch\u00e4tzte Lesezeit":"1 Minute"},"schema":{"@context":"https:\/\/schema.org","@graph":[{"@type":"WebPage","@id":"https:\/\/www.toscanelli.com\/de\/umgebung\/scrovegni-kappelle\/","url":"https:\/\/www.toscanelli.com\/de\/umgebung\/scrovegni-kappelle\/","name":"Scrovegni Kappelle &#183; Hotel Majestic Toscanelli &#183;","isPartOf":{"@id":"https:\/\/www.toscanelli.com\/de\/#website"},"datePublished":"2024-09-18T13:39:05+00:00","dateModified":"2024-10-22T15:04:47+00:00","description":"Die Heilsgeschichte der Menschheit wird anhand des Lebens von Maria und Jesus bis zum \u00fcberw\u00e4ltigenden Fresko des Jungsten Gerichtes erz\u00e4hlt. Auf dem Altar sind Werke von Giovanni Pisano..","breadcrumb":{"@id":"https:\/\/www.toscanelli.com\/de\/umgebung\/scrovegni-kappelle\/#breadcrumb"},"inLanguage":"de-DE","potentialAction":[{"@type":"ReadAction","target":["https:\/\/www.toscanelli.com\/de\/umgebung\/scrovegni-kappelle\/"]}]},{"@type":"BreadcrumbList","@id":"https:\/\/www.toscanelli.com\/de\/umgebung\/scrovegni-kappelle\/#breadcrumb","itemListElement":[{"@type":"ListItem","position":1,"name":"Home","item":"https:\/\/www.toscanelli.com\/de\/"},{"@type":"ListItem","position":2,"name":"Umgebung","item":"https:\/\/www.toscanelli.com\/de\/dintorni\/"},{"@type":"ListItem","position":3,"name":"Scrovegni Kappelle"}]},{"@type":"WebSite","@id":"https:\/\/www.toscanelli.com\/de\/#website","url":"https:\/\/www.toscanelli.com\/de\/","name":"Hotel Majestic Toscanelli","description":"","potentialAction":[{"@type":"SearchAction","target":{"@type":"EntryPoint","urlTemplate":"https:\/\/www.toscanelli.com\/de\/?s={search_term_string}"},"query-input":{"@type":"PropertyValueSpecification","valueRequired":true,"valueName":"search_term_string"}}],"inLanguage":"de-DE"}]}},"acf":[],"_links":{"self":[{"href":"https:\/\/www.toscanelli.com\/de\/wp-json\/wp\/v2\/pages\/547","targetHints":{"allow":["GET"]}}],"collection":[{"href":"https:\/\/www.toscanelli.com\/de\/wp-json\/wp\/v2\/pages"}],"about":[{"href":"https:\/\/www.toscanelli.com\/de\/wp-json\/wp\/v2\/types\/page"}],"author":[{"embeddable":true,"href":"https:\/\/www.toscanelli.com\/de\/wp-json\/wp\/v2\/users\/26"}],"replies":[{"embeddable":true,"href":"https:\/\/www.toscanelli.com\/de\/wp-json\/wp\/v2\/comments?post=547"}],"version-history":[{"count":0,"href":"https:\/\/www.toscanelli.com\/de\/wp-json\/wp\/v2\/pages\/547\/revisions"}],"up":[{"embeddable":true,"href":"https:\/\/www.toscanelli.com\/de\/wp-json\/wp\/v2\/pages\/511"}],"wp:attachment":[{"href":"https:\/\/www.toscanelli.com\/de\/wp-json\/wp\/v2\/media?parent=547"}],"curies":[{"name":"wp","href":"https:\/\/api.w.org\/{rel}","templated":true}]}}