{"id":511,"date":"2024-06-18T15:45:47","date_gmt":"2024-06-18T13:45:47","guid":{"rendered":"https:\/\/toscanelli.ms2.decms.eu\/?page_id=511"},"modified":"2024-10-22T16:53:14","modified_gmt":"2024-10-22T14:53:14","slug":"umgebung","status":"publish","type":"page","link":"https:\/\/www.toscanelli.com\/de\/umgebung\/","title":{"rendered":"Umgebung"},"content":{"rendered":"<p>Das <strong>MAJESTIC TOSCANELLI<\/strong> liegt im Herzen einer Region voller Tradition und Geschichte, unweit von Venedig und der Brenta.<\/p>\n<p>In der Stadtmitte, dem <strong>historischen Zentrums Padova\u2019s<\/strong> liegt das sog. \u201eGhetto\u201c, welches umgeben ist von den sch\u00f6nsten Pl\u00e4tzen der Stadt.<\/p>\n<p><strong>Padova<\/strong> ist zweifellos eine der sch\u00f6nsten St\u00e4dte Italiens\u2026.. Machen Sie einen Spaziergang zu der sehr nahe gelegenen <strong>\u201ePiazza delle<\/strong> <strong>Erbe\u201c<\/strong> und der <strong>\u201ePiazza della Frutta\u201c<\/strong> und genie\u00dfen Sie einen Espresso oder Cappuccino im <strong>Caf\u00e9 Pedrocchi<\/strong>, einem der \u00e4ltesten Kaffeeh\u00e4user Italiens.<\/p>\n","protected":false},"excerpt":{"rendered":"<p>Das MAJESTIC TOSCANELLI liegt im Herzen einer Region voller Tradition und Geschichte, unweit von Venedig und der Brenta. In der Stadtmitte, dem historischen Zentrums Padova\u2019s liegt das sog. \u201eGhetto\u201c, welches umgeben ist von den sch\u00f6nsten Pl\u00e4tzen der Stadt. Padova ist zweifellos eine der sch\u00f6nsten St\u00e4dte Italiens\u2026.. Machen Sie einen Spaziergang zu der sehr nahe gelegenen [&hellip;]<\/p>\n","protected":false},"author":26,"featured_media":0,"parent":0,"menu_order":95,"comment_status":"closed","ping_status":"closed","template":"template-surroundings.php","meta":{"footnotes":""},"yoast_head":"<!-- This site is optimized with the Yoast SEO plugin v22.3 - https:\/\/yoast.com\/wordpress\/plugins\/seo\/ -->\n<title>Umgebung &#183; Hotel Majestic Toscanelli &#183;<\/title>\n<meta name=\"description\" content=\"Das MAJESTIC TOSCANELLI liegt im Herzen einer Region voller Tradition und Geschichte, unweit von Venedig und der Brenta.  In der Stadtmitte, dem historischen Zentrums Padova\u2019s liegt das sog. \u201eGhetto\u201c, welches umgeben ist von den sch\u00f6nsten Pl\u00e4tzen der Stadt.  Padova ist zweifellos eine der sch\u00f6nsten St\u00e4dte Italiens\u2026.\" \/>\n<meta name=\"robots\" content=\"index, follow, max-snippet:-1, max-image-preview:large, max-video-preview:-1\" \/>\n<link rel=\"canonical\" href=\"https:\/\/www.toscanelli.com\/de\/umgebung\/\" \/>\n<meta property=\"og:locale\" content=\"de_DE\" \/>\n<meta property=\"og:type\" content=\"article\" \/>\n<meta property=\"og:title\" content=\"Umgebung &#183; Hotel Majestic Toscanelli &#183;\" \/>\n<meta property=\"og:description\" content=\"Das MAJESTIC TOSCANELLI liegt im Herzen einer Region voller Tradition und Geschichte, unweit von Venedig und der Brenta.  In der Stadtmitte, dem historischen Zentrums Padova\u2019s liegt das sog. \u201eGhetto\u201c, welches umgeben ist von den sch\u00f6nsten Pl\u00e4tzen der Stadt.  Padova ist zweifellos eine der sch\u00f6nsten St\u00e4dte Italiens\u2026.\" \/>\n<meta property=\"og:url\" content=\"https:\/\/www.toscanelli.com\/de\/umgebung\/\" \/>\n<meta property=\"og:site_name\" content=\"Hotel Majestic Toscanelli\" \/>\n<meta property=\"article:publisher\" content=\"https:\/\/www.facebook.com\/pages\/Majestic-Toscanelli-Hotel\/114599601894384\" \/>\n<meta property=\"article:modified_time\" content=\"2024-10-22T14:53:14+00:00\" \/>\n<meta name=\"twitter:card\" content=\"summary_large_image\" \/>\n<meta name=\"twitter:label1\" content=\"Gesch\u00e4tzte Lesezeit\" \/>\n\t<meta name=\"twitter:data1\" content=\"1 Minute\" \/>\n<script type=\"application\/ld+json\" class=\"yoast-schema-graph\">{\"@context\":\"https:\/\/schema.org\",\"@graph\":[{\"@type\":\"WebPage\",\"@id\":\"https:\/\/www.toscanelli.com\/de\/umgebung\/\",\"url\":\"https:\/\/www.toscanelli.com\/de\/umgebung\/\",\"name\":\"Umgebung &#183; Hotel Majestic Toscanelli &#183;\",\"isPartOf\":{\"@id\":\"https:\/\/www.toscanelli.com\/de\/#website\"},\"datePublished\":\"2024-06-18T13:45:47+00:00\",\"dateModified\":\"2024-10-22T14:53:14+00:00\",\"description\":\"Das MAJESTIC TOSCANELLI liegt im Herzen einer Region voller Tradition und Geschichte, unweit von Venedig und der Brenta. In der Stadtmitte, dem historischen Zentrums Padova\u2019s liegt das sog. \u201eGhetto\u201c, welches umgeben ist von den sch\u00f6nsten Pl\u00e4tzen der Stadt. Padova ist zweifellos eine der sch\u00f6nsten St\u00e4dte Italiens\u2026.\",\"breadcrumb\":{\"@id\":\"https:\/\/www.toscanelli.com\/de\/umgebung\/#breadcrumb\"},\"inLanguage\":\"de-DE\",\"potentialAction\":[{\"@type\":\"ReadAction\",\"target\":[\"https:\/\/www.toscanelli.com\/de\/umgebung\/\"]}]},{\"@type\":\"BreadcrumbList\",\"@id\":\"https:\/\/www.toscanelli.com\/de\/umgebung\/#breadcrumb\",\"itemListElement\":[{\"@type\":\"ListItem\",\"position\":1,\"name\":\"Home\",\"item\":\"https:\/\/www.toscanelli.com\/de\/\"},{\"@type\":\"ListItem\",\"position\":2,\"name\":\"Umgebung\"}]},{\"@type\":\"WebSite\",\"@id\":\"https:\/\/www.toscanelli.com\/de\/#website\",\"url\":\"https:\/\/www.toscanelli.com\/de\/\",\"name\":\"Hotel Majestic Toscanelli\",\"description\":\"\",\"potentialAction\":[{\"@type\":\"SearchAction\",\"target\":{\"@type\":\"EntryPoint\",\"urlTemplate\":\"https:\/\/www.toscanelli.com\/de\/?s={search_term_string}\"},\"query-input\":\"required name=search_term_string\"}],\"inLanguage\":\"de-DE\"}]}<\/script>\n<!-- \/ Yoast SEO plugin. -->","yoast_head_json":{"title":"Umgebung &#183; Hotel Majestic Toscanelli &#183;","description":"Das MAJESTIC TOSCANELLI liegt im Herzen einer Region voller Tradition und Geschichte, unweit von Venedig und der Brenta.  In der Stadtmitte, dem historischen Zentrums Padova\u2019s liegt das sog. \u201eGhetto\u201c, welches umgeben ist von den sch\u00f6nsten Pl\u00e4tzen der Stadt.  Padova ist zweifellos eine der sch\u00f6nsten St\u00e4dte Italiens\u2026.","robots":{"index":"index","follow":"follow","max-snippet":"max-snippet:-1","max-image-preview":"max-image-preview:large","max-video-preview":"max-video-preview:-1"},"canonical":"https:\/\/www.toscanelli.com\/de\/umgebung\/","og_locale":"de_DE","og_type":"article","og_title":"Umgebung &#183; Hotel Majestic Toscanelli &#183;","og_description":"Das MAJESTIC TOSCANELLI liegt im Herzen einer Region voller Tradition und Geschichte, unweit von Venedig und der Brenta.  In der Stadtmitte, dem historischen Zentrums Padova\u2019s liegt das sog. \u201eGhetto\u201c, welches umgeben ist von den sch\u00f6nsten Pl\u00e4tzen der Stadt.  Padova ist zweifellos eine der sch\u00f6nsten St\u00e4dte Italiens\u2026.","og_url":"https:\/\/www.toscanelli.com\/de\/umgebung\/","og_site_name":"Hotel Majestic Toscanelli","article_publisher":"https:\/\/www.facebook.com\/pages\/Majestic-Toscanelli-Hotel\/114599601894384","article_modified_time":"2024-10-22T14:53:14+00:00","twitter_card":"summary_large_image","twitter_misc":{"Gesch\u00e4tzte Lesezeit":"1 Minute"},"schema":{"@context":"https:\/\/schema.org","@graph":[{"@type":"WebPage","@id":"https:\/\/www.toscanelli.com\/de\/umgebung\/","url":"https:\/\/www.toscanelli.com\/de\/umgebung\/","name":"Umgebung &#183; Hotel Majestic Toscanelli &#183;","isPartOf":{"@id":"https:\/\/www.toscanelli.com\/de\/#website"},"datePublished":"2024-06-18T13:45:47+00:00","dateModified":"2024-10-22T14:53:14+00:00","description":"Das MAJESTIC TOSCANELLI liegt im Herzen einer Region voller Tradition und Geschichte, unweit von Venedig und der Brenta. In der Stadtmitte, dem historischen Zentrums Padova\u2019s liegt das sog. \u201eGhetto\u201c, welches umgeben ist von den sch\u00f6nsten Pl\u00e4tzen der Stadt. Padova ist zweifellos eine der sch\u00f6nsten St\u00e4dte Italiens\u2026.","breadcrumb":{"@id":"https:\/\/www.toscanelli.com\/de\/umgebung\/#breadcrumb"},"inLanguage":"de-DE","potentialAction":[{"@type":"ReadAction","target":["https:\/\/www.toscanelli.com\/de\/umgebung\/"]}]},{"@type":"BreadcrumbList","@id":"https:\/\/www.toscanelli.com\/de\/umgebung\/#breadcrumb","itemListElement":[{"@type":"ListItem","position":1,"name":"Home","item":"https:\/\/www.toscanelli.com\/de\/"},{"@type":"ListItem","position":2,"name":"Umgebung"}]},{"@type":"WebSite","@id":"https:\/\/www.toscanelli.com\/de\/#website","url":"https:\/\/www.toscanelli.com\/de\/","name":"Hotel Majestic Toscanelli","description":"","potentialAction":[{"@type":"SearchAction","target":{"@type":"EntryPoint","urlTemplate":"https:\/\/www.toscanelli.com\/de\/?s={search_term_string}"},"query-input":"required name=search_term_string"}],"inLanguage":"de-DE"}]}},"acf":[],"_links":{"self":[{"href":"https:\/\/www.toscanelli.com\/de\/wp-json\/wp\/v2\/pages\/511"}],"collection":[{"href":"https:\/\/www.toscanelli.com\/de\/wp-json\/wp\/v2\/pages"}],"about":[{"href":"https:\/\/www.toscanelli.com\/de\/wp-json\/wp\/v2\/types\/page"}],"author":[{"embeddable":true,"href":"https:\/\/www.toscanelli.com\/de\/wp-json\/wp\/v2\/users\/26"}],"replies":[{"embeddable":true,"href":"https:\/\/www.toscanelli.com\/de\/wp-json\/wp\/v2\/comments?post=511"}],"version-history":[{"count":0,"href":"https:\/\/www.toscanelli.com\/de\/wp-json\/wp\/v2\/pages\/511\/revisions"}],"wp:attachment":[{"href":"https:\/\/www.toscanelli.com\/de\/wp-json\/wp\/v2\/media?parent=511"}],"curies":[{"name":"wp","href":"https:\/\/api.w.org\/{rel}","templated":true}]}}