{"id":468,"date":"2024-05-08T13:40:02","date_gmt":"2024-05-08T11:40:02","guid":{"rendered":"https:\/\/toscanelli.ms2.decms.eu\/?page_id=468"},"modified":"2024-10-22T16:28:48","modified_gmt":"2024-10-22T14:28:48","slug":"meeting-saal","status":"publish","type":"page","link":"https:\/\/www.toscanelli.com\/de\/meeting-saal\/","title":{"rendered":"Meeting-Saal"},"content":{"rendered":"<p>Ausgestattet f\u00fcr Kongresse und Konferenzen, mit einer Kapazit\u00e4t f\u00fcr maximal 40 Personen.<\/p>\n<p>Die R\u00e4ume k\u00f6nnen unterteilt werden f\u00fcr Meetings, Konferenzen oder Empf\u00e4nge, je nach Anforderungen.<\/p>\n<p>Der Saal kann entsprechend ihrer Anforderungen mit einem hufeisenf\u00f6rmigen Tisch oder einem geraden Tisch ausgestattet oder nur bestuhlt werden.<\/p>\n","protected":false},"excerpt":{"rendered":"<p>Ausgestattet f\u00fcr Kongresse und Konferenzen, mit einer Kapazit\u00e4t f\u00fcr maximal 40 Personen. Die R\u00e4ume k\u00f6nnen unterteilt werden f\u00fcr Meetings, Konferenzen oder Empf\u00e4nge, je nach Anforderungen. Der Saal kann entsprechend ihrer Anforderungen mit einem hufeisenf\u00f6rmigen Tisch oder einem geraden Tisch ausgestattet oder nur bestuhlt werden.<\/p>\n","protected":false},"author":26,"featured_media":0,"parent":0,"menu_order":70,"comment_status":"closed","ping_status":"closed","template":"template-meeting.php","meta":{"footnotes":""},"yoast_head":"<!-- This site is optimized with the Yoast SEO plugin v22.3 - https:\/\/yoast.com\/wordpress\/plugins\/seo\/ -->\n<title>Meeting-Saal &#183; Hotel Majestic Toscanelli &#183;<\/title>\n<meta name=\"description\" content=\"Ausgestattet f\u00fcr Kongresse und Konferenzen, mit einer Kapazit\u00e4t f\u00fcr maximal 40 Personen.  Die R\u00e4ume k\u00f6nnen unterteilt werden f\u00fcr Meetings, Konferenzen oder Empf\u00e4nge, je nach Anforderungen.  Der Saal kann entsprechend ihrer Anforderungen mit einem hufeisenf\u00f6rmigen Tisch oder einem geraden Tisch ausgestattet oder nur bestuhlt werden..\" \/>\n<meta name=\"robots\" content=\"index, follow, max-snippet:-1, max-image-preview:large, max-video-preview:-1\" \/>\n<link rel=\"canonical\" href=\"https:\/\/www.toscanelli.com\/de\/meeting-saal\/\" \/>\n<meta property=\"og:locale\" content=\"de_DE\" \/>\n<meta property=\"og:type\" content=\"article\" \/>\n<meta property=\"og:title\" content=\"Meeting-Saal &#183; Hotel Majestic Toscanelli &#183;\" \/>\n<meta property=\"og:description\" content=\"Ausgestattet f\u00fcr Kongresse und Konferenzen, mit einer Kapazit\u00e4t f\u00fcr maximal 40 Personen.  Die R\u00e4ume k\u00f6nnen unterteilt werden f\u00fcr Meetings, Konferenzen oder Empf\u00e4nge, je nach Anforderungen.  Der Saal kann entsprechend ihrer Anforderungen mit einem hufeisenf\u00f6rmigen Tisch oder einem geraden Tisch ausgestattet oder nur bestuhlt werden..\" \/>\n<meta property=\"og:url\" content=\"https:\/\/www.toscanelli.com\/de\/meeting-saal\/\" \/>\n<meta property=\"og:site_name\" content=\"Hotel Majestic Toscanelli\" \/>\n<meta property=\"article:publisher\" content=\"https:\/\/www.facebook.com\/pages\/Majestic-Toscanelli-Hotel\/114599601894384\" \/>\n<meta property=\"article:modified_time\" content=\"2024-10-22T14:28:48+00:00\" \/>\n<meta name=\"twitter:card\" content=\"summary_large_image\" \/>\n<meta name=\"twitter:label1\" content=\"Gesch\u00e4tzte Lesezeit\" \/>\n\t<meta name=\"twitter:data1\" content=\"1 Minute\" \/>\n<script type=\"application\/ld+json\" class=\"yoast-schema-graph\">{\"@context\":\"https:\/\/schema.org\",\"@graph\":[{\"@type\":\"WebPage\",\"@id\":\"https:\/\/www.toscanelli.com\/de\/meeting-saal\/\",\"url\":\"https:\/\/www.toscanelli.com\/de\/meeting-saal\/\",\"name\":\"Meeting-Saal &#183; Hotel Majestic Toscanelli &#183;\",\"isPartOf\":{\"@id\":\"https:\/\/www.toscanelli.com\/de\/#website\"},\"datePublished\":\"2024-05-08T11:40:02+00:00\",\"dateModified\":\"2024-10-22T14:28:48+00:00\",\"description\":\"Ausgestattet f\u00fcr Kongresse und Konferenzen, mit einer Kapazit\u00e4t f\u00fcr maximal 40 Personen. Die R\u00e4ume k\u00f6nnen unterteilt werden f\u00fcr Meetings, Konferenzen oder Empf\u00e4nge, je nach Anforderungen. Der Saal kann entsprechend ihrer Anforderungen mit einem hufeisenf\u00f6rmigen Tisch oder einem geraden Tisch ausgestattet oder nur bestuhlt werden..\",\"breadcrumb\":{\"@id\":\"https:\/\/www.toscanelli.com\/de\/meeting-saal\/#breadcrumb\"},\"inLanguage\":\"de-DE\",\"potentialAction\":[{\"@type\":\"ReadAction\",\"target\":[\"https:\/\/www.toscanelli.com\/de\/meeting-saal\/\"]}]},{\"@type\":\"BreadcrumbList\",\"@id\":\"https:\/\/www.toscanelli.com\/de\/meeting-saal\/#breadcrumb\",\"itemListElement\":[{\"@type\":\"ListItem\",\"position\":1,\"name\":\"Home\",\"item\":\"https:\/\/www.toscanelli.com\/de\/\"},{\"@type\":\"ListItem\",\"position\":2,\"name\":\"Meeting-Saal\"}]},{\"@type\":\"WebSite\",\"@id\":\"https:\/\/www.toscanelli.com\/de\/#website\",\"url\":\"https:\/\/www.toscanelli.com\/de\/\",\"name\":\"Hotel Majestic Toscanelli\",\"description\":\"\",\"potentialAction\":[{\"@type\":\"SearchAction\",\"target\":{\"@type\":\"EntryPoint\",\"urlTemplate\":\"https:\/\/www.toscanelli.com\/de\/?s={search_term_string}\"},\"query-input\":\"required name=search_term_string\"}],\"inLanguage\":\"de-DE\"}]}<\/script>\n<!-- \/ Yoast SEO plugin. -->","yoast_head_json":{"title":"Meeting-Saal &#183; Hotel Majestic Toscanelli &#183;","description":"Ausgestattet f\u00fcr Kongresse und Konferenzen, mit einer Kapazit\u00e4t f\u00fcr maximal 40 Personen.  Die R\u00e4ume k\u00f6nnen unterteilt werden f\u00fcr Meetings, Konferenzen oder Empf\u00e4nge, je nach Anforderungen.  Der Saal kann entsprechend ihrer Anforderungen mit einem hufeisenf\u00f6rmigen Tisch oder einem geraden Tisch ausgestattet oder nur bestuhlt werden..","robots":{"index":"index","follow":"follow","max-snippet":"max-snippet:-1","max-image-preview":"max-image-preview:large","max-video-preview":"max-video-preview:-1"},"canonical":"https:\/\/www.toscanelli.com\/de\/meeting-saal\/","og_locale":"de_DE","og_type":"article","og_title":"Meeting-Saal &#183; Hotel Majestic Toscanelli &#183;","og_description":"Ausgestattet f\u00fcr Kongresse und Konferenzen, mit einer Kapazit\u00e4t f\u00fcr maximal 40 Personen.  Die R\u00e4ume k\u00f6nnen unterteilt werden f\u00fcr Meetings, Konferenzen oder Empf\u00e4nge, je nach Anforderungen.  Der Saal kann entsprechend ihrer Anforderungen mit einem hufeisenf\u00f6rmigen Tisch oder einem geraden Tisch ausgestattet oder nur bestuhlt werden..","og_url":"https:\/\/www.toscanelli.com\/de\/meeting-saal\/","og_site_name":"Hotel Majestic Toscanelli","article_publisher":"https:\/\/www.facebook.com\/pages\/Majestic-Toscanelli-Hotel\/114599601894384","article_modified_time":"2024-10-22T14:28:48+00:00","twitter_card":"summary_large_image","twitter_misc":{"Gesch\u00e4tzte Lesezeit":"1 Minute"},"schema":{"@context":"https:\/\/schema.org","@graph":[{"@type":"WebPage","@id":"https:\/\/www.toscanelli.com\/de\/meeting-saal\/","url":"https:\/\/www.toscanelli.com\/de\/meeting-saal\/","name":"Meeting-Saal &#183; Hotel Majestic Toscanelli &#183;","isPartOf":{"@id":"https:\/\/www.toscanelli.com\/de\/#website"},"datePublished":"2024-05-08T11:40:02+00:00","dateModified":"2024-10-22T14:28:48+00:00","description":"Ausgestattet f\u00fcr Kongresse und Konferenzen, mit einer Kapazit\u00e4t f\u00fcr maximal 40 Personen. Die R\u00e4ume k\u00f6nnen unterteilt werden f\u00fcr Meetings, Konferenzen oder Empf\u00e4nge, je nach Anforderungen. Der Saal kann entsprechend ihrer Anforderungen mit einem hufeisenf\u00f6rmigen Tisch oder einem geraden Tisch ausgestattet oder nur bestuhlt werden..","breadcrumb":{"@id":"https:\/\/www.toscanelli.com\/de\/meeting-saal\/#breadcrumb"},"inLanguage":"de-DE","potentialAction":[{"@type":"ReadAction","target":["https:\/\/www.toscanelli.com\/de\/meeting-saal\/"]}]},{"@type":"BreadcrumbList","@id":"https:\/\/www.toscanelli.com\/de\/meeting-saal\/#breadcrumb","itemListElement":[{"@type":"ListItem","position":1,"name":"Home","item":"https:\/\/www.toscanelli.com\/de\/"},{"@type":"ListItem","position":2,"name":"Meeting-Saal"}]},{"@type":"WebSite","@id":"https:\/\/www.toscanelli.com\/de\/#website","url":"https:\/\/www.toscanelli.com\/de\/","name":"Hotel Majestic Toscanelli","description":"","potentialAction":[{"@type":"SearchAction","target":{"@type":"EntryPoint","urlTemplate":"https:\/\/www.toscanelli.com\/de\/?s={search_term_string}"},"query-input":"required name=search_term_string"}],"inLanguage":"de-DE"}]}},"acf":[],"_links":{"self":[{"href":"https:\/\/www.toscanelli.com\/de\/wp-json\/wp\/v2\/pages\/468"}],"collection":[{"href":"https:\/\/www.toscanelli.com\/de\/wp-json\/wp\/v2\/pages"}],"about":[{"href":"https:\/\/www.toscanelli.com\/de\/wp-json\/wp\/v2\/types\/page"}],"author":[{"embeddable":true,"href":"https:\/\/www.toscanelli.com\/de\/wp-json\/wp\/v2\/users\/26"}],"replies":[{"embeddable":true,"href":"https:\/\/www.toscanelli.com\/de\/wp-json\/wp\/v2\/comments?post=468"}],"version-history":[{"count":0,"href":"https:\/\/www.toscanelli.com\/de\/wp-json\/wp\/v2\/pages\/468\/revisions"}],"wp:attachment":[{"href":"https:\/\/www.toscanelli.com\/de\/wp-json\/wp\/v2\/media?parent=468"}],"curies":[{"name":"wp","href":"https:\/\/api.w.org\/{rel}","templated":true}]}}