{"id":463,"date":"2024-05-08T13:40:50","date_gmt":"2024-05-08T11:40:50","guid":{"rendered":"https:\/\/toscanelli.ms2.decms.eu\/?page_id=463"},"modified":"2024-10-22T16:16:51","modified_gmt":"2024-10-22T14:16:51","slug":"haustiere","status":"publish","type":"page","link":"https:\/\/www.toscanelli.com\/de\/haustiere\/","title":{"rendered":"Haustiere"},"content":{"rendered":"<p>Bitte denken Sie daran, Ihre mitgebrachten Haustiere immer zu beaufsichtigen. Hunde m\u00fcssen in den gemeinschaftlich genutzten Bereichen an der Leine gef\u00fchrt werden. Hunde d\u00fcrfen den Bereich mit dem Buffet im Fr\u00fchst\u00fccksaal nicht betreten, d\u00fcrfen aber in einen speziellen, f\u00fcr Hunde vorgesehenen Bereich mitgenommen werden.<\/p>\n<p>Bei Besch\u00e4digung, anhaltender Geruchsbel\u00e4stigung oder Verunreinigung der Gemeinschaftsbereiche oder der Zimmer k\u00f6nnen Ihnen Aufpreise berechnet werden.<\/p>\n","protected":false},"excerpt":{"rendered":"<p>Bitte denken Sie daran, Ihre mitgebrachten Haustiere immer zu beaufsichtigen. Hunde m\u00fcssen in den gemeinschaftlich genutzten Bereichen an der Leine gef\u00fchrt werden. Hunde d\u00fcrfen den Bereich mit dem Buffet im Fr\u00fchst\u00fccksaal nicht betreten, d\u00fcrfen aber in einen speziellen, f\u00fcr Hunde vorgesehenen Bereich mitgenommen werden. Bei Besch\u00e4digung, anhaltender Geruchsbel\u00e4stigung oder Verunreinigung der Gemeinschaftsbereiche oder der Zimmer [&hellip;]<\/p>\n","protected":false},"author":26,"featured_media":0,"parent":0,"menu_order":80,"comment_status":"closed","ping_status":"closed","template":"","meta":{"footnotes":""},"class_list":["post-463","page","type-page","status-publish","hentry"],"yoast_head":"<!-- This site is optimized with the Yoast SEO plugin v27.3 - https:\/\/yoast.com\/product\/yoast-seo-wordpress\/ -->\n<title>Haustiere &#183; Hotel Majestic Toscanelli &#183;<\/title>\n<meta name=\"description\" content=\"Bitte denken Sie daran, Ihre mitgebrachten Haustiere immer zu beaufsichtigen. Hunde m\u00fcssen in den gemeinschaftlich genutzten Bereichen an der Leine gef\u00fchrt werden\" \/>\n<meta name=\"robots\" content=\"index, follow, max-snippet:-1, max-image-preview:large, max-video-preview:-1\" \/>\n<link rel=\"canonical\" href=\"https:\/\/www.toscanelli.com\/de\/haustiere\/\" \/>\n<meta property=\"og:locale\" content=\"de_DE\" \/>\n<meta property=\"og:type\" content=\"article\" \/>\n<meta property=\"og:title\" content=\"Haustiere &#183; Hotel Majestic Toscanelli &#183;\" \/>\n<meta property=\"og:description\" content=\"Bitte denken Sie daran, Ihre mitgebrachten Haustiere immer zu beaufsichtigen. Hunde m\u00fcssen in den gemeinschaftlich genutzten Bereichen an der Leine gef\u00fchrt werden\" \/>\n<meta property=\"og:url\" content=\"https:\/\/www.toscanelli.com\/de\/haustiere\/\" \/>\n<meta property=\"og:site_name\" content=\"Hotel Majestic Toscanelli\" \/>\n<meta property=\"article:publisher\" content=\"https:\/\/www.facebook.com\/pages\/Majestic-Toscanelli-Hotel\/114599601894384\" \/>\n<meta property=\"article:modified_time\" content=\"2024-10-22T14:16:51+00:00\" \/>\n<meta name=\"twitter:card\" content=\"summary_large_image\" \/>\n<meta name=\"twitter:label1\" content=\"Gesch\u00e4tzte Lesezeit\" \/>\n\t<meta name=\"twitter:data1\" content=\"1 Minute\" \/>\n<script type=\"application\/ld+json\" class=\"yoast-schema-graph\">{\"@context\":\"https:\\\/\\\/schema.org\",\"@graph\":[{\"@type\":\"WebPage\",\"@id\":\"https:\\\/\\\/www.toscanelli.com\\\/de\\\/haustiere\\\/\",\"url\":\"https:\\\/\\\/www.toscanelli.com\\\/de\\\/haustiere\\\/\",\"name\":\"Haustiere &#183; Hotel Majestic Toscanelli &#183;\",\"isPartOf\":{\"@id\":\"https:\\\/\\\/www.toscanelli.com\\\/de\\\/#website\"},\"datePublished\":\"2024-05-08T11:40:50+00:00\",\"dateModified\":\"2024-10-22T14:16:51+00:00\",\"description\":\"Bitte denken Sie daran, Ihre mitgebrachten Haustiere immer zu beaufsichtigen. Hunde m\u00fcssen in den gemeinschaftlich genutzten Bereichen an der Leine gef\u00fchrt werden\",\"breadcrumb\":{\"@id\":\"https:\\\/\\\/www.toscanelli.com\\\/de\\\/haustiere\\\/#breadcrumb\"},\"inLanguage\":\"de-DE\",\"potentialAction\":[{\"@type\":\"ReadAction\",\"target\":[\"https:\\\/\\\/www.toscanelli.com\\\/de\\\/haustiere\\\/\"]}]},{\"@type\":\"BreadcrumbList\",\"@id\":\"https:\\\/\\\/www.toscanelli.com\\\/de\\\/haustiere\\\/#breadcrumb\",\"itemListElement\":[{\"@type\":\"ListItem\",\"position\":1,\"name\":\"Home\",\"item\":\"https:\\\/\\\/www.toscanelli.com\\\/de\\\/\"},{\"@type\":\"ListItem\",\"position\":2,\"name\":\"Haustiere\"}]},{\"@type\":\"WebSite\",\"@id\":\"https:\\\/\\\/www.toscanelli.com\\\/de\\\/#website\",\"url\":\"https:\\\/\\\/www.toscanelli.com\\\/de\\\/\",\"name\":\"Hotel Majestic Toscanelli\",\"description\":\"\",\"potentialAction\":[{\"@type\":\"SearchAction\",\"target\":{\"@type\":\"EntryPoint\",\"urlTemplate\":\"https:\\\/\\\/www.toscanelli.com\\\/de\\\/?s={search_term_string}\"},\"query-input\":{\"@type\":\"PropertyValueSpecification\",\"valueRequired\":true,\"valueName\":\"search_term_string\"}}],\"inLanguage\":\"de-DE\"}]}<\/script>\n<!-- \/ Yoast SEO plugin. -->","yoast_head_json":{"title":"Haustiere &#183; Hotel Majestic Toscanelli &#183;","description":"Bitte denken Sie daran, Ihre mitgebrachten Haustiere immer zu beaufsichtigen. Hunde m\u00fcssen in den gemeinschaftlich genutzten Bereichen an der Leine gef\u00fchrt werden","robots":{"index":"index","follow":"follow","max-snippet":"max-snippet:-1","max-image-preview":"max-image-preview:large","max-video-preview":"max-video-preview:-1"},"canonical":"https:\/\/www.toscanelli.com\/de\/haustiere\/","og_locale":"de_DE","og_type":"article","og_title":"Haustiere &#183; Hotel Majestic Toscanelli &#183;","og_description":"Bitte denken Sie daran, Ihre mitgebrachten Haustiere immer zu beaufsichtigen. Hunde m\u00fcssen in den gemeinschaftlich genutzten Bereichen an der Leine gef\u00fchrt werden","og_url":"https:\/\/www.toscanelli.com\/de\/haustiere\/","og_site_name":"Hotel Majestic Toscanelli","article_publisher":"https:\/\/www.facebook.com\/pages\/Majestic-Toscanelli-Hotel\/114599601894384","article_modified_time":"2024-10-22T14:16:51+00:00","twitter_card":"summary_large_image","twitter_misc":{"Gesch\u00e4tzte Lesezeit":"1 Minute"},"schema":{"@context":"https:\/\/schema.org","@graph":[{"@type":"WebPage","@id":"https:\/\/www.toscanelli.com\/de\/haustiere\/","url":"https:\/\/www.toscanelli.com\/de\/haustiere\/","name":"Haustiere &#183; Hotel Majestic Toscanelli &#183;","isPartOf":{"@id":"https:\/\/www.toscanelli.com\/de\/#website"},"datePublished":"2024-05-08T11:40:50+00:00","dateModified":"2024-10-22T14:16:51+00:00","description":"Bitte denken Sie daran, Ihre mitgebrachten Haustiere immer zu beaufsichtigen. Hunde m\u00fcssen in den gemeinschaftlich genutzten Bereichen an der Leine gef\u00fchrt werden","breadcrumb":{"@id":"https:\/\/www.toscanelli.com\/de\/haustiere\/#breadcrumb"},"inLanguage":"de-DE","potentialAction":[{"@type":"ReadAction","target":["https:\/\/www.toscanelli.com\/de\/haustiere\/"]}]},{"@type":"BreadcrumbList","@id":"https:\/\/www.toscanelli.com\/de\/haustiere\/#breadcrumb","itemListElement":[{"@type":"ListItem","position":1,"name":"Home","item":"https:\/\/www.toscanelli.com\/de\/"},{"@type":"ListItem","position":2,"name":"Haustiere"}]},{"@type":"WebSite","@id":"https:\/\/www.toscanelli.com\/de\/#website","url":"https:\/\/www.toscanelli.com\/de\/","name":"Hotel Majestic Toscanelli","description":"","potentialAction":[{"@type":"SearchAction","target":{"@type":"EntryPoint","urlTemplate":"https:\/\/www.toscanelli.com\/de\/?s={search_term_string}"},"query-input":{"@type":"PropertyValueSpecification","valueRequired":true,"valueName":"search_term_string"}}],"inLanguage":"de-DE"}]}},"acf":[],"_links":{"self":[{"href":"https:\/\/www.toscanelli.com\/de\/wp-json\/wp\/v2\/pages\/463","targetHints":{"allow":["GET"]}}],"collection":[{"href":"https:\/\/www.toscanelli.com\/de\/wp-json\/wp\/v2\/pages"}],"about":[{"href":"https:\/\/www.toscanelli.com\/de\/wp-json\/wp\/v2\/types\/page"}],"author":[{"embeddable":true,"href":"https:\/\/www.toscanelli.com\/de\/wp-json\/wp\/v2\/users\/26"}],"replies":[{"embeddable":true,"href":"https:\/\/www.toscanelli.com\/de\/wp-json\/wp\/v2\/comments?post=463"}],"version-history":[{"count":0,"href":"https:\/\/www.toscanelli.com\/de\/wp-json\/wp\/v2\/pages\/463\/revisions"}],"wp:attachment":[{"href":"https:\/\/www.toscanelli.com\/de\/wp-json\/wp\/v2\/media?parent=463"}],"curies":[{"name":"wp","href":"https:\/\/api.w.org\/{rel}","templated":true}]}}