{"id":460,"date":"2024-05-08T13:39:40","date_gmt":"2024-05-08T11:39:40","guid":{"rendered":"https:\/\/toscanelli.ms2.decms.eu\/?page_id=460"},"modified":"2024-10-22T16:17:39","modified_gmt":"2024-10-22T14:17:39","slug":"lounge-bar","status":"publish","type":"page","link":"https:\/\/www.toscanelli.com\/de\/lounge-bar\/","title":{"rendered":"Lounge Bar"},"content":{"rendered":"<p style=\"text-align: center;\">&#8230; ein Ort, an dem Sie einen Tee oder ein Glas Wein genie\u00dfen k\u00f6nnen&#8230;<\/p>\n<p style=\"text-align: center;\">&#8230; wo Sie ganz bequem einen Aperitif trinken k\u00f6nnen&#8230;<\/p>\n<p style=\"text-align: center;\">&#8230; wo Sie G\u00e4ste empfangen k\u00f6nnen&#8230;<\/p>\n<p style=\"text-align: center;\">&#8230; wo Sie Zeit zusammen mit Freunden verbringen k\u00f6nnen&#8230;<\/p>\n<p style=\"text-align: center;\">&#8230; wo Sie an Ihrem Laptop arbeiten k\u00f6nnen&#8230;<\/p>\n","protected":false},"excerpt":{"rendered":"<p>&#8230; ein Ort, an dem Sie einen Tee oder ein Glas Wein genie\u00dfen k\u00f6nnen&#8230; &#8230; wo Sie ganz bequem einen Aperitif trinken k\u00f6nnen&#8230; &#8230; wo Sie G\u00e4ste empfangen k\u00f6nnen&#8230; &#8230; wo Sie Zeit zusammen mit Freunden verbringen k\u00f6nnen&#8230; &#8230; wo Sie an Ihrem Laptop arbeiten k\u00f6nnen&#8230;<\/p>\n","protected":false},"author":26,"featured_media":0,"parent":0,"menu_order":60,"comment_status":"closed","ping_status":"closed","template":"template-single-restaurant.php","meta":{"footnotes":""},"yoast_head":"<!-- This site is optimized with the Yoast SEO plugin v22.3 - https:\/\/yoast.com\/wordpress\/plugins\/seo\/ -->\n<title>Lounge Bar &#183; Hotel Majestic Toscanelli &#183;<\/title>\n<meta name=\"description\" content=\"... ein Ort, an dem Sie einen Tee oder ein Glas Wein genie\u00dfen k\u00f6nnen... ..\" \/>\n<meta name=\"robots\" content=\"index, follow, max-snippet:-1, max-image-preview:large, max-video-preview:-1\" \/>\n<link rel=\"canonical\" href=\"https:\/\/www.toscanelli.com\/de\/lounge-bar\/\" \/>\n<meta property=\"og:locale\" content=\"de_DE\" \/>\n<meta property=\"og:type\" content=\"article\" \/>\n<meta property=\"og:title\" content=\"Lounge Bar &#183; Hotel Majestic Toscanelli &#183;\" \/>\n<meta property=\"og:description\" content=\"... ein Ort, an dem Sie einen Tee oder ein Glas Wein genie\u00dfen k\u00f6nnen... ..\" \/>\n<meta property=\"og:url\" content=\"https:\/\/www.toscanelli.com\/de\/lounge-bar\/\" \/>\n<meta property=\"og:site_name\" content=\"Hotel Majestic Toscanelli\" \/>\n<meta property=\"article:publisher\" content=\"https:\/\/www.facebook.com\/pages\/Majestic-Toscanelli-Hotel\/114599601894384\" \/>\n<meta property=\"article:modified_time\" content=\"2024-10-22T14:17:39+00:00\" \/>\n<meta name=\"twitter:card\" content=\"summary_large_image\" \/>\n<meta name=\"twitter:label1\" content=\"Gesch\u00e4tzte Lesezeit\" \/>\n\t<meta name=\"twitter:data1\" content=\"1 Minute\" \/>\n<script type=\"application\/ld+json\" class=\"yoast-schema-graph\">{\"@context\":\"https:\/\/schema.org\",\"@graph\":[{\"@type\":\"WebPage\",\"@id\":\"https:\/\/www.toscanelli.com\/de\/lounge-bar\/\",\"url\":\"https:\/\/www.toscanelli.com\/de\/lounge-bar\/\",\"name\":\"Lounge Bar &#183; Hotel Majestic Toscanelli &#183;\",\"isPartOf\":{\"@id\":\"https:\/\/www.toscanelli.com\/de\/#website\"},\"datePublished\":\"2024-05-08T11:39:40+00:00\",\"dateModified\":\"2024-10-22T14:17:39+00:00\",\"description\":\"... ein Ort, an dem Sie einen Tee oder ein Glas Wein genie\u00dfen k\u00f6nnen... ..\",\"breadcrumb\":{\"@id\":\"https:\/\/www.toscanelli.com\/de\/lounge-bar\/#breadcrumb\"},\"inLanguage\":\"de-DE\",\"potentialAction\":[{\"@type\":\"ReadAction\",\"target\":[\"https:\/\/www.toscanelli.com\/de\/lounge-bar\/\"]}]},{\"@type\":\"BreadcrumbList\",\"@id\":\"https:\/\/www.toscanelli.com\/de\/lounge-bar\/#breadcrumb\",\"itemListElement\":[{\"@type\":\"ListItem\",\"position\":1,\"name\":\"Home\",\"item\":\"https:\/\/www.toscanelli.com\/de\/\"},{\"@type\":\"ListItem\",\"position\":2,\"name\":\"Lounge Bar\"}]},{\"@type\":\"WebSite\",\"@id\":\"https:\/\/www.toscanelli.com\/de\/#website\",\"url\":\"https:\/\/www.toscanelli.com\/de\/\",\"name\":\"Hotel Majestic Toscanelli\",\"description\":\"\",\"potentialAction\":[{\"@type\":\"SearchAction\",\"target\":{\"@type\":\"EntryPoint\",\"urlTemplate\":\"https:\/\/www.toscanelli.com\/de\/?s={search_term_string}\"},\"query-input\":\"required name=search_term_string\"}],\"inLanguage\":\"de-DE\"}]}<\/script>\n<!-- \/ Yoast SEO plugin. -->","yoast_head_json":{"title":"Lounge Bar &#183; Hotel Majestic Toscanelli &#183;","description":"... ein Ort, an dem Sie einen Tee oder ein Glas Wein genie\u00dfen k\u00f6nnen... ..","robots":{"index":"index","follow":"follow","max-snippet":"max-snippet:-1","max-image-preview":"max-image-preview:large","max-video-preview":"max-video-preview:-1"},"canonical":"https:\/\/www.toscanelli.com\/de\/lounge-bar\/","og_locale":"de_DE","og_type":"article","og_title":"Lounge Bar &#183; Hotel Majestic Toscanelli &#183;","og_description":"... ein Ort, an dem Sie einen Tee oder ein Glas Wein genie\u00dfen k\u00f6nnen... ..","og_url":"https:\/\/www.toscanelli.com\/de\/lounge-bar\/","og_site_name":"Hotel Majestic Toscanelli","article_publisher":"https:\/\/www.facebook.com\/pages\/Majestic-Toscanelli-Hotel\/114599601894384","article_modified_time":"2024-10-22T14:17:39+00:00","twitter_card":"summary_large_image","twitter_misc":{"Gesch\u00e4tzte Lesezeit":"1 Minute"},"schema":{"@context":"https:\/\/schema.org","@graph":[{"@type":"WebPage","@id":"https:\/\/www.toscanelli.com\/de\/lounge-bar\/","url":"https:\/\/www.toscanelli.com\/de\/lounge-bar\/","name":"Lounge Bar &#183; Hotel Majestic Toscanelli &#183;","isPartOf":{"@id":"https:\/\/www.toscanelli.com\/de\/#website"},"datePublished":"2024-05-08T11:39:40+00:00","dateModified":"2024-10-22T14:17:39+00:00","description":"... ein Ort, an dem Sie einen Tee oder ein Glas Wein genie\u00dfen k\u00f6nnen... ..","breadcrumb":{"@id":"https:\/\/www.toscanelli.com\/de\/lounge-bar\/#breadcrumb"},"inLanguage":"de-DE","potentialAction":[{"@type":"ReadAction","target":["https:\/\/www.toscanelli.com\/de\/lounge-bar\/"]}]},{"@type":"BreadcrumbList","@id":"https:\/\/www.toscanelli.com\/de\/lounge-bar\/#breadcrumb","itemListElement":[{"@type":"ListItem","position":1,"name":"Home","item":"https:\/\/www.toscanelli.com\/de\/"},{"@type":"ListItem","position":2,"name":"Lounge Bar"}]},{"@type":"WebSite","@id":"https:\/\/www.toscanelli.com\/de\/#website","url":"https:\/\/www.toscanelli.com\/de\/","name":"Hotel Majestic Toscanelli","description":"","potentialAction":[{"@type":"SearchAction","target":{"@type":"EntryPoint","urlTemplate":"https:\/\/www.toscanelli.com\/de\/?s={search_term_string}"},"query-input":"required name=search_term_string"}],"inLanguage":"de-DE"}]}},"acf":[],"_links":{"self":[{"href":"https:\/\/www.toscanelli.com\/de\/wp-json\/wp\/v2\/pages\/460"}],"collection":[{"href":"https:\/\/www.toscanelli.com\/de\/wp-json\/wp\/v2\/pages"}],"about":[{"href":"https:\/\/www.toscanelli.com\/de\/wp-json\/wp\/v2\/types\/page"}],"author":[{"embeddable":true,"href":"https:\/\/www.toscanelli.com\/de\/wp-json\/wp\/v2\/users\/26"}],"replies":[{"embeddable":true,"href":"https:\/\/www.toscanelli.com\/de\/wp-json\/wp\/v2\/comments?post=460"}],"version-history":[{"count":0,"href":"https:\/\/www.toscanelli.com\/de\/wp-json\/wp\/v2\/pages\/460\/revisions"}],"wp:attachment":[{"href":"https:\/\/www.toscanelli.com\/de\/wp-json\/wp\/v2\/media?parent=460"}],"curies":[{"name":"wp","href":"https:\/\/api.w.org\/{rel}","templated":true}]}}