{"id":457,"date":"2024-05-08T13:39:11","date_gmt":"2024-05-08T11:39:11","guid":{"rendered":"https:\/\/toscanelli.ms2.decms.eu\/?page_id=457"},"modified":"2024-10-22T16:12:21","modified_gmt":"2024-10-22T14:12:21","slug":"lunch-dinner","status":"publish","type":"page","link":"https:\/\/www.toscanelli.com\/de\/lunch-dinner\/","title":{"rendered":"Lunch &amp; Dinner"},"content":{"rendered":"<p>Die K\u00fcche des Restaurants &#8222;La Sciabola&#8220; k\u00fcmmert sich um das leibliche Wohl der G\u00e4ste unseres Hotels.<\/p>\n<p>Sie haben die M\u00f6glichkeit, in einem f\u00fcr unsere G\u00e4ste reservierten Gastraum mit Blick auf das antike Ghetto mittags oder abends zu essen, k\u00f6nnen die k\u00f6stlichen Gerichte aber auch ganz entspannt auf Ihrem Zimmer genie\u00dfen.<\/p>\n<p>Das Men\u00fc mit einer kleinen aber exklusiven Auswahl bietet jeweils 5 Vorspeisen, erste G\u00e4nge und Hauptgerichte, die mit saisonalen Produkten zubereitet werden.<\/p>\n<p>Ruhetag: <strong>MONTAG<\/strong><\/p>\n","protected":false},"excerpt":{"rendered":"<p>Die K\u00fcche des Restaurants &#8222;La Sciabola&#8220; k\u00fcmmert sich um das leibliche Wohl der G\u00e4ste unseres Hotels. Sie haben die M\u00f6glichkeit, in einem f\u00fcr unsere G\u00e4ste reservierten Gastraum mit Blick auf das antike Ghetto mittags oder abends zu essen, k\u00f6nnen die k\u00f6stlichen Gerichte aber auch ganz entspannt auf Ihrem Zimmer genie\u00dfen. Das Men\u00fc mit einer kleinen [&hellip;]<\/p>\n","protected":false},"author":26,"featured_media":0,"parent":0,"menu_order":50,"comment_status":"closed","ping_status":"closed","template":"template-single-restaurant.php","meta":{"footnotes":""},"yoast_head":"<!-- This site is optimized with the Yoast SEO plugin v22.3 - https:\/\/yoast.com\/wordpress\/plugins\/seo\/ -->\n<title>Lunch &amp; Dinner &#183; Hotel Majestic Toscanelli &#183;<\/title>\n<meta name=\"description\" content=\"Die K\u00fcche des Restaurants &quot;La Sciabola&quot; k\u00fcmmert sich um das leibliche Wohl der G\u00e4ste unseres Hotels.  Sie haben die M\u00f6glichkeit, in einem f\u00fcr unsere G\u00e4ste reservierten Gastraum mit Blick auf das antike Ghetto mittags oder abends zu essen, k\u00f6nnen die k\u00f6stlichen Gerichte aber auch ganz entspannt auf Ihrem Zimmer genie\u00dfen.  Das Men\u00fc mit einer kleinen aber exklusiven Auswahl bietet jeweils 5 Vorspeisen, erste G\u00e4nge und Hauptgerichte, die mit saisonalen Produkten zubereitet werden.  Ruhetag: MONTAG.\" \/>\n<meta name=\"robots\" content=\"index, follow, max-snippet:-1, max-image-preview:large, max-video-preview:-1\" \/>\n<link rel=\"canonical\" href=\"https:\/\/www.toscanelli.com\/de\/lunch-dinner\/\" \/>\n<meta property=\"og:locale\" content=\"de_DE\" \/>\n<meta property=\"og:type\" content=\"article\" \/>\n<meta property=\"og:title\" content=\"Lunch &amp; Dinner &#183; Hotel Majestic Toscanelli &#183;\" \/>\n<meta property=\"og:description\" content=\"Die K\u00fcche des Restaurants &quot;La Sciabola&quot; k\u00fcmmert sich um das leibliche Wohl der G\u00e4ste unseres Hotels.  Sie haben die M\u00f6glichkeit, in einem f\u00fcr unsere G\u00e4ste reservierten Gastraum mit Blick auf das antike Ghetto mittags oder abends zu essen, k\u00f6nnen die k\u00f6stlichen Gerichte aber auch ganz entspannt auf Ihrem Zimmer genie\u00dfen.  Das Men\u00fc mit einer kleinen aber exklusiven Auswahl bietet jeweils 5 Vorspeisen, erste G\u00e4nge und Hauptgerichte, die mit saisonalen Produkten zubereitet werden.  Ruhetag: MONTAG.\" \/>\n<meta property=\"og:url\" content=\"https:\/\/www.toscanelli.com\/de\/lunch-dinner\/\" \/>\n<meta property=\"og:site_name\" content=\"Hotel Majestic Toscanelli\" \/>\n<meta property=\"article:publisher\" content=\"https:\/\/www.facebook.com\/pages\/Majestic-Toscanelli-Hotel\/114599601894384\" \/>\n<meta property=\"article:modified_time\" content=\"2024-10-22T14:12:21+00:00\" \/>\n<meta name=\"twitter:card\" content=\"summary_large_image\" \/>\n<meta name=\"twitter:label1\" content=\"Gesch\u00e4tzte Lesezeit\" \/>\n\t<meta name=\"twitter:data1\" content=\"1 Minute\" \/>\n<script type=\"application\/ld+json\" class=\"yoast-schema-graph\">{\"@context\":\"https:\/\/schema.org\",\"@graph\":[{\"@type\":\"WebPage\",\"@id\":\"https:\/\/www.toscanelli.com\/de\/lunch-dinner\/\",\"url\":\"https:\/\/www.toscanelli.com\/de\/lunch-dinner\/\",\"name\":\"Lunch &amp; Dinner &#183; Hotel Majestic Toscanelli &#183;\",\"isPartOf\":{\"@id\":\"https:\/\/www.toscanelli.com\/de\/#website\"},\"datePublished\":\"2024-05-08T11:39:11+00:00\",\"dateModified\":\"2024-10-22T14:12:21+00:00\",\"description\":\"Die K\u00fcche des Restaurants \\\"La Sciabola\\\" k\u00fcmmert sich um das leibliche Wohl der G\u00e4ste unseres Hotels. Sie haben die M\u00f6glichkeit, in einem f\u00fcr unsere G\u00e4ste reservierten Gastraum mit Blick auf das antike Ghetto mittags oder abends zu essen, k\u00f6nnen die k\u00f6stlichen Gerichte aber auch ganz entspannt auf Ihrem Zimmer genie\u00dfen. Das Men\u00fc mit einer kleinen aber exklusiven Auswahl bietet jeweils 5 Vorspeisen, erste G\u00e4nge und Hauptgerichte, die mit saisonalen Produkten zubereitet werden. Ruhetag: MONTAG.\",\"breadcrumb\":{\"@id\":\"https:\/\/www.toscanelli.com\/de\/lunch-dinner\/#breadcrumb\"},\"inLanguage\":\"de-DE\",\"potentialAction\":[{\"@type\":\"ReadAction\",\"target\":[\"https:\/\/www.toscanelli.com\/de\/lunch-dinner\/\"]}]},{\"@type\":\"BreadcrumbList\",\"@id\":\"https:\/\/www.toscanelli.com\/de\/lunch-dinner\/#breadcrumb\",\"itemListElement\":[{\"@type\":\"ListItem\",\"position\":1,\"name\":\"Home\",\"item\":\"https:\/\/www.toscanelli.com\/de\/\"},{\"@type\":\"ListItem\",\"position\":2,\"name\":\"Lunch &amp; Dinner\"}]},{\"@type\":\"WebSite\",\"@id\":\"https:\/\/www.toscanelli.com\/de\/#website\",\"url\":\"https:\/\/www.toscanelli.com\/de\/\",\"name\":\"Hotel Majestic Toscanelli\",\"description\":\"\",\"potentialAction\":[{\"@type\":\"SearchAction\",\"target\":{\"@type\":\"EntryPoint\",\"urlTemplate\":\"https:\/\/www.toscanelli.com\/de\/?s={search_term_string}\"},\"query-input\":\"required name=search_term_string\"}],\"inLanguage\":\"de-DE\"}]}<\/script>\n<!-- \/ Yoast SEO plugin. -->","yoast_head_json":{"title":"Lunch &amp; Dinner &#183; Hotel Majestic Toscanelli &#183;","description":"Die K\u00fcche des Restaurants \"La Sciabola\" k\u00fcmmert sich um das leibliche Wohl der G\u00e4ste unseres Hotels.  Sie haben die M\u00f6glichkeit, in einem f\u00fcr unsere G\u00e4ste reservierten Gastraum mit Blick auf das antike Ghetto mittags oder abends zu essen, k\u00f6nnen die k\u00f6stlichen Gerichte aber auch ganz entspannt auf Ihrem Zimmer genie\u00dfen.  Das Men\u00fc mit einer kleinen aber exklusiven Auswahl bietet jeweils 5 Vorspeisen, erste G\u00e4nge und Hauptgerichte, die mit saisonalen Produkten zubereitet werden.  Ruhetag: MONTAG.","robots":{"index":"index","follow":"follow","max-snippet":"max-snippet:-1","max-image-preview":"max-image-preview:large","max-video-preview":"max-video-preview:-1"},"canonical":"https:\/\/www.toscanelli.com\/de\/lunch-dinner\/","og_locale":"de_DE","og_type":"article","og_title":"Lunch &amp; Dinner &#183; Hotel Majestic Toscanelli &#183;","og_description":"Die K\u00fcche des Restaurants \"La Sciabola\" k\u00fcmmert sich um das leibliche Wohl der G\u00e4ste unseres Hotels.  Sie haben die M\u00f6glichkeit, in einem f\u00fcr unsere G\u00e4ste reservierten Gastraum mit Blick auf das antike Ghetto mittags oder abends zu essen, k\u00f6nnen die k\u00f6stlichen Gerichte aber auch ganz entspannt auf Ihrem Zimmer genie\u00dfen.  Das Men\u00fc mit einer kleinen aber exklusiven Auswahl bietet jeweils 5 Vorspeisen, erste G\u00e4nge und Hauptgerichte, die mit saisonalen Produkten zubereitet werden.  Ruhetag: MONTAG.","og_url":"https:\/\/www.toscanelli.com\/de\/lunch-dinner\/","og_site_name":"Hotel Majestic Toscanelli","article_publisher":"https:\/\/www.facebook.com\/pages\/Majestic-Toscanelli-Hotel\/114599601894384","article_modified_time":"2024-10-22T14:12:21+00:00","twitter_card":"summary_large_image","twitter_misc":{"Gesch\u00e4tzte Lesezeit":"1 Minute"},"schema":{"@context":"https:\/\/schema.org","@graph":[{"@type":"WebPage","@id":"https:\/\/www.toscanelli.com\/de\/lunch-dinner\/","url":"https:\/\/www.toscanelli.com\/de\/lunch-dinner\/","name":"Lunch &amp; Dinner &#183; Hotel Majestic Toscanelli &#183;","isPartOf":{"@id":"https:\/\/www.toscanelli.com\/de\/#website"},"datePublished":"2024-05-08T11:39:11+00:00","dateModified":"2024-10-22T14:12:21+00:00","description":"Die K\u00fcche des Restaurants \"La Sciabola\" k\u00fcmmert sich um das leibliche Wohl der G\u00e4ste unseres Hotels. Sie haben die M\u00f6glichkeit, in einem f\u00fcr unsere G\u00e4ste reservierten Gastraum mit Blick auf das antike Ghetto mittags oder abends zu essen, k\u00f6nnen die k\u00f6stlichen Gerichte aber auch ganz entspannt auf Ihrem Zimmer genie\u00dfen. Das Men\u00fc mit einer kleinen aber exklusiven Auswahl bietet jeweils 5 Vorspeisen, erste G\u00e4nge und Hauptgerichte, die mit saisonalen Produkten zubereitet werden. Ruhetag: MONTAG.","breadcrumb":{"@id":"https:\/\/www.toscanelli.com\/de\/lunch-dinner\/#breadcrumb"},"inLanguage":"de-DE","potentialAction":[{"@type":"ReadAction","target":["https:\/\/www.toscanelli.com\/de\/lunch-dinner\/"]}]},{"@type":"BreadcrumbList","@id":"https:\/\/www.toscanelli.com\/de\/lunch-dinner\/#breadcrumb","itemListElement":[{"@type":"ListItem","position":1,"name":"Home","item":"https:\/\/www.toscanelli.com\/de\/"},{"@type":"ListItem","position":2,"name":"Lunch &amp; Dinner"}]},{"@type":"WebSite","@id":"https:\/\/www.toscanelli.com\/de\/#website","url":"https:\/\/www.toscanelli.com\/de\/","name":"Hotel Majestic Toscanelli","description":"","potentialAction":[{"@type":"SearchAction","target":{"@type":"EntryPoint","urlTemplate":"https:\/\/www.toscanelli.com\/de\/?s={search_term_string}"},"query-input":"required name=search_term_string"}],"inLanguage":"de-DE"}]}},"acf":[],"_links":{"self":[{"href":"https:\/\/www.toscanelli.com\/de\/wp-json\/wp\/v2\/pages\/457"}],"collection":[{"href":"https:\/\/www.toscanelli.com\/de\/wp-json\/wp\/v2\/pages"}],"about":[{"href":"https:\/\/www.toscanelli.com\/de\/wp-json\/wp\/v2\/types\/page"}],"author":[{"embeddable":true,"href":"https:\/\/www.toscanelli.com\/de\/wp-json\/wp\/v2\/users\/26"}],"replies":[{"embeddable":true,"href":"https:\/\/www.toscanelli.com\/de\/wp-json\/wp\/v2\/comments?post=457"}],"version-history":[{"count":0,"href":"https:\/\/www.toscanelli.com\/de\/wp-json\/wp\/v2\/pages\/457\/revisions"}],"wp:attachment":[{"href":"https:\/\/www.toscanelli.com\/de\/wp-json\/wp\/v2\/media?parent=457"}],"curies":[{"name":"wp","href":"https:\/\/api.w.org\/{rel}","templated":true}]}}