{"id":452,"date":"2024-05-08T13:38:34","date_gmt":"2024-05-08T11:38:34","guid":{"rendered":"https:\/\/toscanelli.ms2.decms.eu\/?page_id=452"},"modified":"2024-10-22T16:08:48","modified_gmt":"2024-10-22T14:08:48","slug":"fruehstuecksaal","status":"publish","type":"page","link":"https:\/\/www.toscanelli.com\/de\/fruehstuecksaal\/","title":{"rendered":"Fr\u00fchst\u00fccksaal"},"content":{"rendered":"<p>Auf Sie wartet ein reichhaltiges &#8222;kleines Fr\u00fchst\u00fccksbuffet&#8220;, das unsere erfahrene Chefk\u00f6chin Antonella mit viel Liebe und Sorgfalt f\u00fcr Sie zubereitet.<\/p>\n<p>Das Buffet bietet gef\u00fcllte Croissants, verschiedene Brotsorten oder Toast mit Butter und Marmelade und eine k\u00f6stliche Auswahl an Kuchen und Cookies, alle selbstverst\u00e4ndlich hausgemacht und nicht nur wundersch\u00f6n, sondern auch sehr lecker. Dazu gibt es guten italienischen Espresso, Cappuccino, Tee oder Kaffee Americano. Selbstverst\u00e4ndlich d\u00fcrfen auch K\u00e4se, Wurst, Eier mit Speck, Salzgeb\u00e4ck, frisches Obst und viele weitere K\u00f6stlichkeiten nicht fehlen.<\/p>\n<p>Wir sind zwar nicht Mitglied des Italienischen Z\u00f6liakieverbands, sind aber sehr f\u00fcr dieses Thema sensibilisiert und darauf vorbereitet, uns mit liebevoller Sorgfalt um G\u00e4ste mit Z\u00f6liakie zu k\u00fcmmern, die eine breite Auswahl an hochwertigen hausgemachten Produkte sowie abgepackte Produkte der besten Marken bei uns finden. Alles wird unter strikter Vermeidung von Kontaminationen serviert.<\/p>\n<p>Auch f\u00fcr G\u00e4ste mit Laktoseunvertr\u00e4glichkeit gibt es immer Produkte.<\/p>\n<p><strong>Wir bitten Sie, uns in jedem Fall bei der Buchung entsprechend zu informieren.<\/strong><\/p>\n<p>&#8230; und f\u00fcr alle, die sich rundum verw\u00f6hnen lassen m\u00f6chten, gibt es gegen einen kleinen Aufpreis auch den Zimmerservice.<\/p>\n","protected":false},"excerpt":{"rendered":"<p>Auf Sie wartet ein reichhaltiges &#8222;kleines Fr\u00fchst\u00fccksbuffet&#8220;, das unsere erfahrene Chefk\u00f6chin Antonella mit viel Liebe und Sorgfalt f\u00fcr Sie zubereitet. Das Buffet bietet gef\u00fcllte Croissants, verschiedene Brotsorten oder Toast mit Butter und Marmelade und eine k\u00f6stliche Auswahl an Kuchen und Cookies, alle selbstverst\u00e4ndlich hausgemacht und nicht nur wundersch\u00f6n, sondern auch sehr lecker. Dazu gibt es [&hellip;]<\/p>\n","protected":false},"author":26,"featured_media":0,"parent":0,"menu_order":40,"comment_status":"closed","ping_status":"closed","template":"template-default-2.php","meta":{"footnotes":""},"yoast_head":"<!-- This site is optimized with the Yoast SEO plugin v22.3 - https:\/\/yoast.com\/wordpress\/plugins\/seo\/ -->\n<title>Fr\u00fchst\u00fccksaal &#183; Hotel Majestic Toscanelli &#183;<\/title>\n<meta name=\"description\" content=\"Auf Sie wartet ein reichhaltiges &quot;kleines Fr\u00fchst\u00fccksbuffet&quot;, das unsere erfahrene Chefk\u00f6chin Antonella mit viel Liebe und Sorgfalt f\u00fcr Sie zubereitet.  Das Buffet bietet gef\u00fcllte Croissants, verschiedene Brotsorten oder Toast mit Butter und Marmelade und eine k\u00f6stliche Auswahl an Kuchen und Cookies, alle selbstverst\u00e4ndlich hausgemacht und nicht nur wundersch\u00f6n, sondern auch sehr lecker. Dazu gibt es guten italienischen Espresso, Cappuccino, Tee oder Kaffee Americano\" \/>\n<meta name=\"robots\" content=\"index, follow, max-snippet:-1, max-image-preview:large, max-video-preview:-1\" \/>\n<link rel=\"canonical\" href=\"https:\/\/www.toscanelli.com\/de\/fruehstuecksaal\/\" \/>\n<meta property=\"og:locale\" content=\"de_DE\" \/>\n<meta property=\"og:type\" content=\"article\" \/>\n<meta property=\"og:title\" content=\"Fr\u00fchst\u00fccksaal &#183; Hotel Majestic Toscanelli &#183;\" \/>\n<meta property=\"og:description\" content=\"Auf Sie wartet ein reichhaltiges &quot;kleines Fr\u00fchst\u00fccksbuffet&quot;, das unsere erfahrene Chefk\u00f6chin Antonella mit viel Liebe und Sorgfalt f\u00fcr Sie zubereitet.  Das Buffet bietet gef\u00fcllte Croissants, verschiedene Brotsorten oder Toast mit Butter und Marmelade und eine k\u00f6stliche Auswahl an Kuchen und Cookies, alle selbstverst\u00e4ndlich hausgemacht und nicht nur wundersch\u00f6n, sondern auch sehr lecker. Dazu gibt es guten italienischen Espresso, Cappuccino, Tee oder Kaffee Americano\" \/>\n<meta property=\"og:url\" content=\"https:\/\/www.toscanelli.com\/de\/fruehstuecksaal\/\" \/>\n<meta property=\"og:site_name\" content=\"Hotel Majestic Toscanelli\" \/>\n<meta property=\"article:publisher\" content=\"https:\/\/www.facebook.com\/pages\/Majestic-Toscanelli-Hotel\/114599601894384\" \/>\n<meta property=\"article:modified_time\" content=\"2024-10-22T14:08:48+00:00\" \/>\n<meta name=\"twitter:card\" content=\"summary_large_image\" \/>\n<meta name=\"twitter:label1\" content=\"Gesch\u00e4tzte Lesezeit\" \/>\n\t<meta name=\"twitter:data1\" content=\"1 Minute\" \/>\n<script type=\"application\/ld+json\" class=\"yoast-schema-graph\">{\"@context\":\"https:\/\/schema.org\",\"@graph\":[{\"@type\":\"WebPage\",\"@id\":\"https:\/\/www.toscanelli.com\/de\/fruehstuecksaal\/\",\"url\":\"https:\/\/www.toscanelli.com\/de\/fruehstuecksaal\/\",\"name\":\"Fr\u00fchst\u00fccksaal &#183; Hotel Majestic Toscanelli &#183;\",\"isPartOf\":{\"@id\":\"https:\/\/www.toscanelli.com\/de\/#website\"},\"datePublished\":\"2024-05-08T11:38:34+00:00\",\"dateModified\":\"2024-10-22T14:08:48+00:00\",\"description\":\"Auf Sie wartet ein reichhaltiges \\\"kleines Fr\u00fchst\u00fccksbuffet\\\", das unsere erfahrene Chefk\u00f6chin Antonella mit viel Liebe und Sorgfalt f\u00fcr Sie zubereitet. Das Buffet bietet gef\u00fcllte Croissants, verschiedene Brotsorten oder Toast mit Butter und Marmelade und eine k\u00f6stliche Auswahl an Kuchen und Cookies, alle selbstverst\u00e4ndlich hausgemacht und nicht nur wundersch\u00f6n, sondern auch sehr lecker. Dazu gibt es guten italienischen Espresso, Cappuccino, Tee oder Kaffee Americano\",\"breadcrumb\":{\"@id\":\"https:\/\/www.toscanelli.com\/de\/fruehstuecksaal\/#breadcrumb\"},\"inLanguage\":\"de-DE\",\"potentialAction\":[{\"@type\":\"ReadAction\",\"target\":[\"https:\/\/www.toscanelli.com\/de\/fruehstuecksaal\/\"]}]},{\"@type\":\"BreadcrumbList\",\"@id\":\"https:\/\/www.toscanelli.com\/de\/fruehstuecksaal\/#breadcrumb\",\"itemListElement\":[{\"@type\":\"ListItem\",\"position\":1,\"name\":\"Home\",\"item\":\"https:\/\/www.toscanelli.com\/de\/\"},{\"@type\":\"ListItem\",\"position\":2,\"name\":\"Fr\u00fchst\u00fccksaal\"}]},{\"@type\":\"WebSite\",\"@id\":\"https:\/\/www.toscanelli.com\/de\/#website\",\"url\":\"https:\/\/www.toscanelli.com\/de\/\",\"name\":\"Hotel Majestic Toscanelli\",\"description\":\"\",\"potentialAction\":[{\"@type\":\"SearchAction\",\"target\":{\"@type\":\"EntryPoint\",\"urlTemplate\":\"https:\/\/www.toscanelli.com\/de\/?s={search_term_string}\"},\"query-input\":\"required name=search_term_string\"}],\"inLanguage\":\"de-DE\"}]}<\/script>\n<!-- \/ Yoast SEO plugin. -->","yoast_head_json":{"title":"Fr\u00fchst\u00fccksaal &#183; Hotel Majestic Toscanelli &#183;","description":"Auf Sie wartet ein reichhaltiges \"kleines Fr\u00fchst\u00fccksbuffet\", das unsere erfahrene Chefk\u00f6chin Antonella mit viel Liebe und Sorgfalt f\u00fcr Sie zubereitet.  Das Buffet bietet gef\u00fcllte Croissants, verschiedene Brotsorten oder Toast mit Butter und Marmelade und eine k\u00f6stliche Auswahl an Kuchen und Cookies, alle selbstverst\u00e4ndlich hausgemacht und nicht nur wundersch\u00f6n, sondern auch sehr lecker. Dazu gibt es guten italienischen Espresso, Cappuccino, Tee oder Kaffee Americano","robots":{"index":"index","follow":"follow","max-snippet":"max-snippet:-1","max-image-preview":"max-image-preview:large","max-video-preview":"max-video-preview:-1"},"canonical":"https:\/\/www.toscanelli.com\/de\/fruehstuecksaal\/","og_locale":"de_DE","og_type":"article","og_title":"Fr\u00fchst\u00fccksaal &#183; Hotel Majestic Toscanelli &#183;","og_description":"Auf Sie wartet ein reichhaltiges \"kleines Fr\u00fchst\u00fccksbuffet\", das unsere erfahrene Chefk\u00f6chin Antonella mit viel Liebe und Sorgfalt f\u00fcr Sie zubereitet.  Das Buffet bietet gef\u00fcllte Croissants, verschiedene Brotsorten oder Toast mit Butter und Marmelade und eine k\u00f6stliche Auswahl an Kuchen und Cookies, alle selbstverst\u00e4ndlich hausgemacht und nicht nur wundersch\u00f6n, sondern auch sehr lecker. Dazu gibt es guten italienischen Espresso, Cappuccino, Tee oder Kaffee Americano","og_url":"https:\/\/www.toscanelli.com\/de\/fruehstuecksaal\/","og_site_name":"Hotel Majestic Toscanelli","article_publisher":"https:\/\/www.facebook.com\/pages\/Majestic-Toscanelli-Hotel\/114599601894384","article_modified_time":"2024-10-22T14:08:48+00:00","twitter_card":"summary_large_image","twitter_misc":{"Gesch\u00e4tzte Lesezeit":"1 Minute"},"schema":{"@context":"https:\/\/schema.org","@graph":[{"@type":"WebPage","@id":"https:\/\/www.toscanelli.com\/de\/fruehstuecksaal\/","url":"https:\/\/www.toscanelli.com\/de\/fruehstuecksaal\/","name":"Fr\u00fchst\u00fccksaal &#183; Hotel Majestic Toscanelli &#183;","isPartOf":{"@id":"https:\/\/www.toscanelli.com\/de\/#website"},"datePublished":"2024-05-08T11:38:34+00:00","dateModified":"2024-10-22T14:08:48+00:00","description":"Auf Sie wartet ein reichhaltiges \"kleines Fr\u00fchst\u00fccksbuffet\", das unsere erfahrene Chefk\u00f6chin Antonella mit viel Liebe und Sorgfalt f\u00fcr Sie zubereitet. Das Buffet bietet gef\u00fcllte Croissants, verschiedene Brotsorten oder Toast mit Butter und Marmelade und eine k\u00f6stliche Auswahl an Kuchen und Cookies, alle selbstverst\u00e4ndlich hausgemacht und nicht nur wundersch\u00f6n, sondern auch sehr lecker. Dazu gibt es guten italienischen Espresso, Cappuccino, Tee oder Kaffee Americano","breadcrumb":{"@id":"https:\/\/www.toscanelli.com\/de\/fruehstuecksaal\/#breadcrumb"},"inLanguage":"de-DE","potentialAction":[{"@type":"ReadAction","target":["https:\/\/www.toscanelli.com\/de\/fruehstuecksaal\/"]}]},{"@type":"BreadcrumbList","@id":"https:\/\/www.toscanelli.com\/de\/fruehstuecksaal\/#breadcrumb","itemListElement":[{"@type":"ListItem","position":1,"name":"Home","item":"https:\/\/www.toscanelli.com\/de\/"},{"@type":"ListItem","position":2,"name":"Fr\u00fchst\u00fccksaal"}]},{"@type":"WebSite","@id":"https:\/\/www.toscanelli.com\/de\/#website","url":"https:\/\/www.toscanelli.com\/de\/","name":"Hotel Majestic Toscanelli","description":"","potentialAction":[{"@type":"SearchAction","target":{"@type":"EntryPoint","urlTemplate":"https:\/\/www.toscanelli.com\/de\/?s={search_term_string}"},"query-input":"required name=search_term_string"}],"inLanguage":"de-DE"}]}},"acf":[],"_links":{"self":[{"href":"https:\/\/www.toscanelli.com\/de\/wp-json\/wp\/v2\/pages\/452"}],"collection":[{"href":"https:\/\/www.toscanelli.com\/de\/wp-json\/wp\/v2\/pages"}],"about":[{"href":"https:\/\/www.toscanelli.com\/de\/wp-json\/wp\/v2\/types\/page"}],"author":[{"embeddable":true,"href":"https:\/\/www.toscanelli.com\/de\/wp-json\/wp\/v2\/users\/26"}],"replies":[{"embeddable":true,"href":"https:\/\/www.toscanelli.com\/de\/wp-json\/wp\/v2\/comments?post=452"}],"version-history":[{"count":0,"href":"https:\/\/www.toscanelli.com\/de\/wp-json\/wp\/v2\/pages\/452\/revisions"}],"wp:attachment":[{"href":"https:\/\/www.toscanelli.com\/de\/wp-json\/wp\/v2\/media?parent=452"}],"curies":[{"name":"wp","href":"https:\/\/api.w.org\/{rel}","templated":true}]}}