{"id":448,"date":"2024-05-08T13:34:17","date_gmt":"2024-05-08T11:34:17","guid":{"rendered":"https:\/\/toscanelli.ms2.decms.eu\/?page_id=448"},"modified":"2024-10-22T16:05:05","modified_gmt":"2024-10-22T14:05:05","slug":"leistungen","status":"publish","type":"page","link":"https:\/\/www.toscanelli.com\/de\/leistungen\/","title":{"rendered":"Leistungen"},"content":{"rendered":"<p>Das Hotel Majestic Toscanelli bietet allen Komfort, um Ihren Aufenthalt zu einem unvergesslichen Erlebnis zu machen, und unser Personal setzt sich mit gro\u00dfem Engagement in seinem jeweiligen Zust\u00e4ndigkeitsbereich daf\u00fcr ein, jeden Augenblick in unserem Hotel in eine emotionale Erinnerung zu verwandeln.<\/p>\n<p>Z\u00f6gern Sie nicht, unserem Personal Ihre Bed\u00fcrfnisse und W\u00fcnsche mitzuteilen, auch bis ins kleinste Detail, unser Team erf\u00fcllt Sie Ihnen gerne, und das nicht nur bei besonderen Anl\u00e4ssen!<\/p>\n","protected":false},"excerpt":{"rendered":"<p>Das Hotel Majestic Toscanelli bietet allen Komfort, um Ihren Aufenthalt zu einem unvergesslichen Erlebnis zu machen, und unser Personal setzt sich mit gro\u00dfem Engagement in seinem jeweiligen Zust\u00e4ndigkeitsbereich daf\u00fcr ein, jeden Augenblick in unserem Hotel in eine emotionale Erinnerung zu verwandeln. Z\u00f6gern Sie nicht, unserem Personal Ihre Bed\u00fcrfnisse und W\u00fcnsche mitzuteilen, auch bis ins kleinste [&hellip;]<\/p>\n","protected":false},"author":26,"featured_media":0,"parent":0,"menu_order":30,"comment_status":"closed","ping_status":"closed","template":"template-services.php","meta":{"footnotes":""},"yoast_head":"<!-- This site is optimized with the Yoast SEO plugin v22.3 - https:\/\/yoast.com\/wordpress\/plugins\/seo\/ -->\n<title>Leistungen &#183; Hotel Majestic Toscanelli &#183;<\/title>\n<meta name=\"description\" content=\"Das Hotel Majestic Toscanelli bietet allen Komfort, um Ihren Aufenthalt zu einem unvergesslichen Erlebnis zu machen, und unser Personal setzt sich mit gro\u00dfem Engagement in seinem jeweiligen Zust\u00e4ndigkeitsbereich daf\u00fcr ein, jeden Augenblick in unserem Hotel in eine emotionale Erinnerung zu verwandeln.  Z\u00f6gern Sie nicht, unserem Personal Ihre Bed\u00fcrfnisse und W\u00fcnsche mitzuteilen, auch bis ins kleinste Detail, unser Team erf\u00fcllt Sie Ihnen gerne, und das nicht nur bei besonderen Anl\u00e4ssen!.\" \/>\n<meta name=\"robots\" content=\"index, follow, max-snippet:-1, max-image-preview:large, max-video-preview:-1\" \/>\n<link rel=\"canonical\" href=\"https:\/\/www.toscanelli.com\/de\/leistungen\/\" \/>\n<meta property=\"og:locale\" content=\"de_DE\" \/>\n<meta property=\"og:type\" content=\"article\" \/>\n<meta property=\"og:title\" content=\"Leistungen &#183; Hotel Majestic Toscanelli &#183;\" \/>\n<meta property=\"og:description\" content=\"Das Hotel Majestic Toscanelli bietet allen Komfort, um Ihren Aufenthalt zu einem unvergesslichen Erlebnis zu machen, und unser Personal setzt sich mit gro\u00dfem Engagement in seinem jeweiligen Zust\u00e4ndigkeitsbereich daf\u00fcr ein, jeden Augenblick in unserem Hotel in eine emotionale Erinnerung zu verwandeln.  Z\u00f6gern Sie nicht, unserem Personal Ihre Bed\u00fcrfnisse und W\u00fcnsche mitzuteilen, auch bis ins kleinste Detail, unser Team erf\u00fcllt Sie Ihnen gerne, und das nicht nur bei besonderen Anl\u00e4ssen!.\" \/>\n<meta property=\"og:url\" content=\"https:\/\/www.toscanelli.com\/de\/leistungen\/\" \/>\n<meta property=\"og:site_name\" content=\"Hotel Majestic Toscanelli\" \/>\n<meta property=\"article:publisher\" content=\"https:\/\/www.facebook.com\/pages\/Majestic-Toscanelli-Hotel\/114599601894384\" \/>\n<meta property=\"article:modified_time\" content=\"2024-10-22T14:05:05+00:00\" \/>\n<meta name=\"twitter:card\" content=\"summary_large_image\" \/>\n<meta name=\"twitter:label1\" content=\"Gesch\u00e4tzte Lesezeit\" \/>\n\t<meta name=\"twitter:data1\" content=\"1 Minute\" \/>\n<script type=\"application\/ld+json\" class=\"yoast-schema-graph\">{\"@context\":\"https:\/\/schema.org\",\"@graph\":[{\"@type\":\"WebPage\",\"@id\":\"https:\/\/www.toscanelli.com\/de\/leistungen\/\",\"url\":\"https:\/\/www.toscanelli.com\/de\/leistungen\/\",\"name\":\"Leistungen &#183; Hotel Majestic Toscanelli &#183;\",\"isPartOf\":{\"@id\":\"https:\/\/www.toscanelli.com\/de\/#website\"},\"datePublished\":\"2024-05-08T11:34:17+00:00\",\"dateModified\":\"2024-10-22T14:05:05+00:00\",\"description\":\"Das Hotel Majestic Toscanelli bietet allen Komfort, um Ihren Aufenthalt zu einem unvergesslichen Erlebnis zu machen, und unser Personal setzt sich mit gro\u00dfem Engagement in seinem jeweiligen Zust\u00e4ndigkeitsbereich daf\u00fcr ein, jeden Augenblick in unserem Hotel in eine emotionale Erinnerung zu verwandeln. Z\u00f6gern Sie nicht, unserem Personal Ihre Bed\u00fcrfnisse und W\u00fcnsche mitzuteilen, auch bis ins kleinste Detail, unser Team erf\u00fcllt Sie Ihnen gerne, und das nicht nur bei besonderen Anl\u00e4ssen!.\",\"breadcrumb\":{\"@id\":\"https:\/\/www.toscanelli.com\/de\/leistungen\/#breadcrumb\"},\"inLanguage\":\"de-DE\",\"potentialAction\":[{\"@type\":\"ReadAction\",\"target\":[\"https:\/\/www.toscanelli.com\/de\/leistungen\/\"]}]},{\"@type\":\"BreadcrumbList\",\"@id\":\"https:\/\/www.toscanelli.com\/de\/leistungen\/#breadcrumb\",\"itemListElement\":[{\"@type\":\"ListItem\",\"position\":1,\"name\":\"Home\",\"item\":\"https:\/\/www.toscanelli.com\/de\/\"},{\"@type\":\"ListItem\",\"position\":2,\"name\":\"Leistungen\"}]},{\"@type\":\"WebSite\",\"@id\":\"https:\/\/www.toscanelli.com\/de\/#website\",\"url\":\"https:\/\/www.toscanelli.com\/de\/\",\"name\":\"Hotel Majestic Toscanelli\",\"description\":\"\",\"potentialAction\":[{\"@type\":\"SearchAction\",\"target\":{\"@type\":\"EntryPoint\",\"urlTemplate\":\"https:\/\/www.toscanelli.com\/de\/?s={search_term_string}\"},\"query-input\":\"required name=search_term_string\"}],\"inLanguage\":\"de-DE\"}]}<\/script>\n<!-- \/ Yoast SEO plugin. -->","yoast_head_json":{"title":"Leistungen &#183; Hotel Majestic Toscanelli &#183;","description":"Das Hotel Majestic Toscanelli bietet allen Komfort, um Ihren Aufenthalt zu einem unvergesslichen Erlebnis zu machen, und unser Personal setzt sich mit gro\u00dfem Engagement in seinem jeweiligen Zust\u00e4ndigkeitsbereich daf\u00fcr ein, jeden Augenblick in unserem Hotel in eine emotionale Erinnerung zu verwandeln.  Z\u00f6gern Sie nicht, unserem Personal Ihre Bed\u00fcrfnisse und W\u00fcnsche mitzuteilen, auch bis ins kleinste Detail, unser Team erf\u00fcllt Sie Ihnen gerne, und das nicht nur bei besonderen Anl\u00e4ssen!.","robots":{"index":"index","follow":"follow","max-snippet":"max-snippet:-1","max-image-preview":"max-image-preview:large","max-video-preview":"max-video-preview:-1"},"canonical":"https:\/\/www.toscanelli.com\/de\/leistungen\/","og_locale":"de_DE","og_type":"article","og_title":"Leistungen &#183; Hotel Majestic Toscanelli &#183;","og_description":"Das Hotel Majestic Toscanelli bietet allen Komfort, um Ihren Aufenthalt zu einem unvergesslichen Erlebnis zu machen, und unser Personal setzt sich mit gro\u00dfem Engagement in seinem jeweiligen Zust\u00e4ndigkeitsbereich daf\u00fcr ein, jeden Augenblick in unserem Hotel in eine emotionale Erinnerung zu verwandeln.  Z\u00f6gern Sie nicht, unserem Personal Ihre Bed\u00fcrfnisse und W\u00fcnsche mitzuteilen, auch bis ins kleinste Detail, unser Team erf\u00fcllt Sie Ihnen gerne, und das nicht nur bei besonderen Anl\u00e4ssen!.","og_url":"https:\/\/www.toscanelli.com\/de\/leistungen\/","og_site_name":"Hotel Majestic Toscanelli","article_publisher":"https:\/\/www.facebook.com\/pages\/Majestic-Toscanelli-Hotel\/114599601894384","article_modified_time":"2024-10-22T14:05:05+00:00","twitter_card":"summary_large_image","twitter_misc":{"Gesch\u00e4tzte Lesezeit":"1 Minute"},"schema":{"@context":"https:\/\/schema.org","@graph":[{"@type":"WebPage","@id":"https:\/\/www.toscanelli.com\/de\/leistungen\/","url":"https:\/\/www.toscanelli.com\/de\/leistungen\/","name":"Leistungen &#183; Hotel Majestic Toscanelli &#183;","isPartOf":{"@id":"https:\/\/www.toscanelli.com\/de\/#website"},"datePublished":"2024-05-08T11:34:17+00:00","dateModified":"2024-10-22T14:05:05+00:00","description":"Das Hotel Majestic Toscanelli bietet allen Komfort, um Ihren Aufenthalt zu einem unvergesslichen Erlebnis zu machen, und unser Personal setzt sich mit gro\u00dfem Engagement in seinem jeweiligen Zust\u00e4ndigkeitsbereich daf\u00fcr ein, jeden Augenblick in unserem Hotel in eine emotionale Erinnerung zu verwandeln. Z\u00f6gern Sie nicht, unserem Personal Ihre Bed\u00fcrfnisse und W\u00fcnsche mitzuteilen, auch bis ins kleinste Detail, unser Team erf\u00fcllt Sie Ihnen gerne, und das nicht nur bei besonderen Anl\u00e4ssen!.","breadcrumb":{"@id":"https:\/\/www.toscanelli.com\/de\/leistungen\/#breadcrumb"},"inLanguage":"de-DE","potentialAction":[{"@type":"ReadAction","target":["https:\/\/www.toscanelli.com\/de\/leistungen\/"]}]},{"@type":"BreadcrumbList","@id":"https:\/\/www.toscanelli.com\/de\/leistungen\/#breadcrumb","itemListElement":[{"@type":"ListItem","position":1,"name":"Home","item":"https:\/\/www.toscanelli.com\/de\/"},{"@type":"ListItem","position":2,"name":"Leistungen"}]},{"@type":"WebSite","@id":"https:\/\/www.toscanelli.com\/de\/#website","url":"https:\/\/www.toscanelli.com\/de\/","name":"Hotel Majestic Toscanelli","description":"","potentialAction":[{"@type":"SearchAction","target":{"@type":"EntryPoint","urlTemplate":"https:\/\/www.toscanelli.com\/de\/?s={search_term_string}"},"query-input":"required name=search_term_string"}],"inLanguage":"de-DE"}]}},"acf":[],"_links":{"self":[{"href":"https:\/\/www.toscanelli.com\/de\/wp-json\/wp\/v2\/pages\/448"}],"collection":[{"href":"https:\/\/www.toscanelli.com\/de\/wp-json\/wp\/v2\/pages"}],"about":[{"href":"https:\/\/www.toscanelli.com\/de\/wp-json\/wp\/v2\/types\/page"}],"author":[{"embeddable":true,"href":"https:\/\/www.toscanelli.com\/de\/wp-json\/wp\/v2\/users\/26"}],"replies":[{"embeddable":true,"href":"https:\/\/www.toscanelli.com\/de\/wp-json\/wp\/v2\/comments?post=448"}],"version-history":[{"count":0,"href":"https:\/\/www.toscanelli.com\/de\/wp-json\/wp\/v2\/pages\/448\/revisions"}],"wp:attachment":[{"href":"https:\/\/www.toscanelli.com\/de\/wp-json\/wp\/v2\/media?parent=448"}],"curies":[{"name":"wp","href":"https:\/\/api.w.org\/{rel}","templated":true}]}}