{"id":434,"date":"2024-05-08T13:18:07","date_gmt":"2024-05-08T11:18:07","guid":{"rendered":"https:\/\/toscanelli.ms2.decms.eu\/?page_id=434"},"modified":"2024-10-22T15:26:41","modified_gmt":"2024-10-22T13:26:41","slug":"suite","status":"publish","type":"page","link":"https:\/\/www.toscanelli.com\/de\/zimmer\/suite\/","title":{"rendered":"Suite"},"content":{"rendered":"<p>Die Suiten sind ca. 40 m<sup>2<\/sup> gro\u00df, haben alle die gleiche Raumaufteilung und bestehen aus drei R\u00e4umen:<\/p>\n<p>Schlafzimmer mit King Size Bett oder Doppelbett (eine Suite mit einem King Size Bett XL 180&#215;210 cm) und Fernseher.<\/p>\n<p>Kleines Wohnzimmer mit Sofa, Fernseher, Sesseln, Beistelltisch und Schreibtisch.<\/p>\n<p>Gro\u00dfes Bad mit Badewanne und separater Dusche.<\/p>\n<p>Das Schlafsofa l\u00e4sst sich in zwei bequeme Einzelbette verwandeln.<\/p>\n<p>Jede Suite ist unterschiedlich eingerichtet und dekoriert, mit handgemalten Trompe-l&#8217;\u0153il, bei denen es sich um Reproduktionen von Canova, Giotto und Leonardo handelt, von denen sich ihr Name ableitet.<\/p>\n<p>Diese Kunstwerke entfalten ihre ganze Sch\u00f6nheit im warmen Tageslicht, das durch die 5 (f\u00fcnf) Fenster in die R\u00e4ume f\u00e4llt, in einigen Suiten auch durch die Balkont\u00fcr.<\/p>\n","protected":false},"excerpt":{"rendered":"<p>Die Suiten sind ca. 40 m2 gro\u00df, haben alle die gleiche Raumaufteilung und bestehen aus drei R\u00e4umen: Schlafzimmer mit King Size Bett oder Doppelbett (eine Suite mit einem King Size Bett XL 180&#215;210 cm) und Fernseher. Kleines Wohnzimmer mit Sofa, Fernseher, Sesseln, Beistelltisch und Schreibtisch. Gro\u00dfes Bad mit Badewanne und separater Dusche. Das Schlafsofa l\u00e4sst [&hellip;]<\/p>\n","protected":false},"author":26,"featured_media":0,"parent":414,"menu_order":50,"comment_status":"closed","ping_status":"closed","template":"template-single-room.php","meta":{"footnotes":""},"class_list":["post-434","page","type-page","status-publish","hentry"],"yoast_head":"<!-- This site is optimized with the Yoast SEO plugin v27.3 - https:\/\/yoast.com\/product\/yoast-seo-wordpress\/ -->\n<title>Suite &#183; Hotel Majestic Toscanelli &#183;<\/title>\n<meta name=\"description\" content=\"Die Suiten sind ca. 40 m2 gro\u00df, haben alle die gleiche Raumaufteilung und bestehen aus drei R\u00e4umen:  Schlafzimmer mit King Size Bett oder Doppelbett (eine Suite mit einem King Size Bett XL 180x210 cm) und Fernseher.  Kleines Wohnzimmer mit Sofa, Fernseher, Sesseln, Beistelltisch und Schreibtisch.  Gro\u00dfes Bad mit Badewanne und separater Dusche.  Das Schlafsofa l\u00e4sst sich in zwei bequeme Einzelbette verwandeln.  Jede Suite ist unterschiedlich eingerichtet und dekoriert, mit handgemalten Trompe-l&#039;\u0153il, bei denen es sich um Reproduktionen von Canova, Giotto und Leonardo handelt, von denen sich ihr Name ableitet.  Diese Kunstwerke entfalten ihre ganze Sch\u00f6nheit im warmen Tageslicht, das durch die 5 (f\u00fcnf) Fenster in die R\u00e4ume f\u00e4llt, in einigen Suiten auch durch die Balkont\u00fcr.\" \/>\n<meta name=\"robots\" content=\"index, follow, max-snippet:-1, max-image-preview:large, max-video-preview:-1\" \/>\n<link rel=\"canonical\" href=\"https:\/\/www.toscanelli.com\/de\/zimmer\/suite\/\" \/>\n<meta property=\"og:locale\" content=\"de_DE\" \/>\n<meta property=\"og:type\" content=\"article\" \/>\n<meta property=\"og:title\" content=\"Suite &#183; Hotel Majestic Toscanelli &#183;\" \/>\n<meta property=\"og:description\" content=\"Die Suiten sind ca. 40 m2 gro\u00df, haben alle die gleiche Raumaufteilung und bestehen aus drei R\u00e4umen:  Schlafzimmer mit King Size Bett oder Doppelbett (eine Suite mit einem King Size Bett XL 180x210 cm) und Fernseher.  Kleines Wohnzimmer mit Sofa, Fernseher, Sesseln, Beistelltisch und Schreibtisch.  Gro\u00dfes Bad mit Badewanne und separater Dusche.  Das Schlafsofa l\u00e4sst sich in zwei bequeme Einzelbette verwandeln.  Jede Suite ist unterschiedlich eingerichtet und dekoriert, mit handgemalten Trompe-l&#039;\u0153il, bei denen es sich um Reproduktionen von Canova, Giotto und Leonardo handelt, von denen sich ihr Name ableitet.  Diese Kunstwerke entfalten ihre ganze Sch\u00f6nheit im warmen Tageslicht, das durch die 5 (f\u00fcnf) Fenster in die R\u00e4ume f\u00e4llt, in einigen Suiten auch durch die Balkont\u00fcr.\" \/>\n<meta property=\"og:url\" content=\"https:\/\/www.toscanelli.com\/de\/zimmer\/suite\/\" \/>\n<meta property=\"og:site_name\" content=\"Hotel Majestic Toscanelli\" \/>\n<meta property=\"article:publisher\" content=\"https:\/\/www.facebook.com\/pages\/Majestic-Toscanelli-Hotel\/114599601894384\" \/>\n<meta property=\"article:modified_time\" content=\"2024-10-22T13:26:41+00:00\" \/>\n<meta name=\"twitter:card\" content=\"summary_large_image\" \/>\n<meta name=\"twitter:label1\" content=\"Gesch\u00e4tzte Lesezeit\" \/>\n\t<meta name=\"twitter:data1\" content=\"1 Minute\" \/>\n<script type=\"application\/ld+json\" class=\"yoast-schema-graph\">{\"@context\":\"https:\\\/\\\/schema.org\",\"@graph\":[{\"@type\":\"WebPage\",\"@id\":\"https:\\\/\\\/www.toscanelli.com\\\/de\\\/zimmer\\\/suite\\\/\",\"url\":\"https:\\\/\\\/www.toscanelli.com\\\/de\\\/zimmer\\\/suite\\\/\",\"name\":\"Suite &#183; Hotel Majestic Toscanelli &#183;\",\"isPartOf\":{\"@id\":\"https:\\\/\\\/www.toscanelli.com\\\/de\\\/#website\"},\"datePublished\":\"2024-05-08T11:18:07+00:00\",\"dateModified\":\"2024-10-22T13:26:41+00:00\",\"description\":\"Die Suiten sind ca. 40 m2 gro\u00df, haben alle die gleiche Raumaufteilung und bestehen aus drei R\u00e4umen: Schlafzimmer mit King Size Bett oder Doppelbett (eine Suite mit einem King Size Bett XL 180x210 cm) und Fernseher. Kleines Wohnzimmer mit Sofa, Fernseher, Sesseln, Beistelltisch und Schreibtisch. Gro\u00dfes Bad mit Badewanne und separater Dusche. Das Schlafsofa l\u00e4sst sich in zwei bequeme Einzelbette verwandeln. Jede Suite ist unterschiedlich eingerichtet und dekoriert, mit handgemalten Trompe-l'\u0153il, bei denen es sich um Reproduktionen von Canova, Giotto und Leonardo handelt, von denen sich ihr Name ableitet. Diese Kunstwerke entfalten ihre ganze Sch\u00f6nheit im warmen Tageslicht, das durch die 5 (f\u00fcnf) Fenster in die R\u00e4ume f\u00e4llt, in einigen Suiten auch durch die Balkont\u00fcr.\",\"breadcrumb\":{\"@id\":\"https:\\\/\\\/www.toscanelli.com\\\/de\\\/zimmer\\\/suite\\\/#breadcrumb\"},\"inLanguage\":\"de-DE\",\"potentialAction\":[{\"@type\":\"ReadAction\",\"target\":[\"https:\\\/\\\/www.toscanelli.com\\\/de\\\/zimmer\\\/suite\\\/\"]}]},{\"@type\":\"BreadcrumbList\",\"@id\":\"https:\\\/\\\/www.toscanelli.com\\\/de\\\/zimmer\\\/suite\\\/#breadcrumb\",\"itemListElement\":[{\"@type\":\"ListItem\",\"position\":1,\"name\":\"Home\",\"item\":\"https:\\\/\\\/www.toscanelli.com\\\/de\\\/\"},{\"@type\":\"ListItem\",\"position\":2,\"name\":\"Zimmer\",\"item\":\"https:\\\/\\\/www.toscanelli.com\\\/de\\\/camere\\\/\"},{\"@type\":\"ListItem\",\"position\":3,\"name\":\"Suite\"}]},{\"@type\":\"WebSite\",\"@id\":\"https:\\\/\\\/www.toscanelli.com\\\/de\\\/#website\",\"url\":\"https:\\\/\\\/www.toscanelli.com\\\/de\\\/\",\"name\":\"Hotel Majestic Toscanelli\",\"description\":\"\",\"potentialAction\":[{\"@type\":\"SearchAction\",\"target\":{\"@type\":\"EntryPoint\",\"urlTemplate\":\"https:\\\/\\\/www.toscanelli.com\\\/de\\\/?s={search_term_string}\"},\"query-input\":{\"@type\":\"PropertyValueSpecification\",\"valueRequired\":true,\"valueName\":\"search_term_string\"}}],\"inLanguage\":\"de-DE\"}]}<\/script>\n<!-- \/ Yoast SEO plugin. -->","yoast_head_json":{"title":"Suite &#183; Hotel Majestic Toscanelli &#183;","description":"Die Suiten sind ca. 40 m2 gro\u00df, haben alle die gleiche Raumaufteilung und bestehen aus drei R\u00e4umen:  Schlafzimmer mit King Size Bett oder Doppelbett (eine Suite mit einem King Size Bett XL 180x210 cm) und Fernseher.  Kleines Wohnzimmer mit Sofa, Fernseher, Sesseln, Beistelltisch und Schreibtisch.  Gro\u00dfes Bad mit Badewanne und separater Dusche.  Das Schlafsofa l\u00e4sst sich in zwei bequeme Einzelbette verwandeln.  Jede Suite ist unterschiedlich eingerichtet und dekoriert, mit handgemalten Trompe-l'\u0153il, bei denen es sich um Reproduktionen von Canova, Giotto und Leonardo handelt, von denen sich ihr Name ableitet.  Diese Kunstwerke entfalten ihre ganze Sch\u00f6nheit im warmen Tageslicht, das durch die 5 (f\u00fcnf) Fenster in die R\u00e4ume f\u00e4llt, in einigen Suiten auch durch die Balkont\u00fcr.","robots":{"index":"index","follow":"follow","max-snippet":"max-snippet:-1","max-image-preview":"max-image-preview:large","max-video-preview":"max-video-preview:-1"},"canonical":"https:\/\/www.toscanelli.com\/de\/zimmer\/suite\/","og_locale":"de_DE","og_type":"article","og_title":"Suite &#183; Hotel Majestic Toscanelli &#183;","og_description":"Die Suiten sind ca. 40 m2 gro\u00df, haben alle die gleiche Raumaufteilung und bestehen aus drei R\u00e4umen:  Schlafzimmer mit King Size Bett oder Doppelbett (eine Suite mit einem King Size Bett XL 180x210 cm) und Fernseher.  Kleines Wohnzimmer mit Sofa, Fernseher, Sesseln, Beistelltisch und Schreibtisch.  Gro\u00dfes Bad mit Badewanne und separater Dusche.  Das Schlafsofa l\u00e4sst sich in zwei bequeme Einzelbette verwandeln.  Jede Suite ist unterschiedlich eingerichtet und dekoriert, mit handgemalten Trompe-l'\u0153il, bei denen es sich um Reproduktionen von Canova, Giotto und Leonardo handelt, von denen sich ihr Name ableitet.  Diese Kunstwerke entfalten ihre ganze Sch\u00f6nheit im warmen Tageslicht, das durch die 5 (f\u00fcnf) Fenster in die R\u00e4ume f\u00e4llt, in einigen Suiten auch durch die Balkont\u00fcr.","og_url":"https:\/\/www.toscanelli.com\/de\/zimmer\/suite\/","og_site_name":"Hotel Majestic Toscanelli","article_publisher":"https:\/\/www.facebook.com\/pages\/Majestic-Toscanelli-Hotel\/114599601894384","article_modified_time":"2024-10-22T13:26:41+00:00","twitter_card":"summary_large_image","twitter_misc":{"Gesch\u00e4tzte Lesezeit":"1 Minute"},"schema":{"@context":"https:\/\/schema.org","@graph":[{"@type":"WebPage","@id":"https:\/\/www.toscanelli.com\/de\/zimmer\/suite\/","url":"https:\/\/www.toscanelli.com\/de\/zimmer\/suite\/","name":"Suite &#183; Hotel Majestic Toscanelli &#183;","isPartOf":{"@id":"https:\/\/www.toscanelli.com\/de\/#website"},"datePublished":"2024-05-08T11:18:07+00:00","dateModified":"2024-10-22T13:26:41+00:00","description":"Die Suiten sind ca. 40 m2 gro\u00df, haben alle die gleiche Raumaufteilung und bestehen aus drei R\u00e4umen: Schlafzimmer mit King Size Bett oder Doppelbett (eine Suite mit einem King Size Bett XL 180x210 cm) und Fernseher. Kleines Wohnzimmer mit Sofa, Fernseher, Sesseln, Beistelltisch und Schreibtisch. Gro\u00dfes Bad mit Badewanne und separater Dusche. Das Schlafsofa l\u00e4sst sich in zwei bequeme Einzelbette verwandeln. Jede Suite ist unterschiedlich eingerichtet und dekoriert, mit handgemalten Trompe-l'\u0153il, bei denen es sich um Reproduktionen von Canova, Giotto und Leonardo handelt, von denen sich ihr Name ableitet. Diese Kunstwerke entfalten ihre ganze Sch\u00f6nheit im warmen Tageslicht, das durch die 5 (f\u00fcnf) Fenster in die R\u00e4ume f\u00e4llt, in einigen Suiten auch durch die Balkont\u00fcr.","breadcrumb":{"@id":"https:\/\/www.toscanelli.com\/de\/zimmer\/suite\/#breadcrumb"},"inLanguage":"de-DE","potentialAction":[{"@type":"ReadAction","target":["https:\/\/www.toscanelli.com\/de\/zimmer\/suite\/"]}]},{"@type":"BreadcrumbList","@id":"https:\/\/www.toscanelli.com\/de\/zimmer\/suite\/#breadcrumb","itemListElement":[{"@type":"ListItem","position":1,"name":"Home","item":"https:\/\/www.toscanelli.com\/de\/"},{"@type":"ListItem","position":2,"name":"Zimmer","item":"https:\/\/www.toscanelli.com\/de\/camere\/"},{"@type":"ListItem","position":3,"name":"Suite"}]},{"@type":"WebSite","@id":"https:\/\/www.toscanelli.com\/de\/#website","url":"https:\/\/www.toscanelli.com\/de\/","name":"Hotel Majestic Toscanelli","description":"","potentialAction":[{"@type":"SearchAction","target":{"@type":"EntryPoint","urlTemplate":"https:\/\/www.toscanelli.com\/de\/?s={search_term_string}"},"query-input":{"@type":"PropertyValueSpecification","valueRequired":true,"valueName":"search_term_string"}}],"inLanguage":"de-DE"}]}},"acf":[],"_links":{"self":[{"href":"https:\/\/www.toscanelli.com\/de\/wp-json\/wp\/v2\/pages\/434","targetHints":{"allow":["GET"]}}],"collection":[{"href":"https:\/\/www.toscanelli.com\/de\/wp-json\/wp\/v2\/pages"}],"about":[{"href":"https:\/\/www.toscanelli.com\/de\/wp-json\/wp\/v2\/types\/page"}],"author":[{"embeddable":true,"href":"https:\/\/www.toscanelli.com\/de\/wp-json\/wp\/v2\/users\/26"}],"replies":[{"embeddable":true,"href":"https:\/\/www.toscanelli.com\/de\/wp-json\/wp\/v2\/comments?post=434"}],"version-history":[{"count":0,"href":"https:\/\/www.toscanelli.com\/de\/wp-json\/wp\/v2\/pages\/434\/revisions"}],"up":[{"embeddable":true,"href":"https:\/\/www.toscanelli.com\/de\/wp-json\/wp\/v2\/pages\/414"}],"wp:attachment":[{"href":"https:\/\/www.toscanelli.com\/de\/wp-json\/wp\/v2\/media?parent=434"}],"curies":[{"name":"wp","href":"https:\/\/api.w.org\/{rel}","templated":true}]}}