{"id":414,"date":"2024-05-08T13:13:30","date_gmt":"2024-05-08T11:13:30","guid":{"rendered":"https:\/\/toscanelli.ms2.decms.eu\/?page_id=414"},"modified":"2024-11-07T17:53:03","modified_gmt":"2024-11-07T16:53:03","slug":"zimmer","status":"publish","type":"page","link":"https:\/\/www.toscanelli.com\/de\/zimmer\/","title":{"rendered":"Zimmer"},"content":{"rendered":"<p>Das Hotel ist in einem historischen Geb\u00e4ude untergebracht und in den Zimmern und B\u00e4dern ist die faszinierende Geschichte \u00fcberall sp\u00fcrbar. <strong>Auf Sie warten nicht die ger\u00e4umigen Zimmer der gro\u00dfen Hotelketten, sondern der Charme fr\u00fcherer Zeiten in einem liebevoll renovierten Boutique Hotel, bei dem gr\u00f6\u00dfter Wert auf jedes noch so kleine Detail gelegt wird.<\/strong><\/p>\n<p>Die 34 Zimmer des Majestic Hotel Toscanelli: 3 Suiten, 3 Junior Suiten und 28 Doppelzimmer in den Kategorien Comfort, Standard und Francesi, alle mit originaler Einrichtung und jedes Zimmer mit seiner eigenen Pers\u00f6nlichkeit.<\/p>\n<p>Einige Zimmer sind im englischen Stil des 19. Jahrhunderts eingerichtet, andere im venezianischen Barockstil, mit einer Eleganz und Zweckm\u00e4\u00dfigkeit, die h\u00f6chsten Komfort und herausragende Gastlichkeit bieten.<\/p>\n","protected":false},"excerpt":{"rendered":"<p>Das Hotel ist in einem historischen Geb\u00e4ude untergebracht und in den Zimmern und B\u00e4dern ist die faszinierende Geschichte \u00fcberall sp\u00fcrbar. Auf Sie warten nicht die ger\u00e4umigen Zimmer der gro\u00dfen Hotelketten, sondern der Charme fr\u00fcherer Zeiten in einem liebevoll renovierten Boutique Hotel, bei dem gr\u00f6\u00dfter Wert auf jedes noch so kleine Detail gelegt wird. Die 34 [&hellip;]<\/p>\n","protected":false},"author":26,"featured_media":0,"parent":0,"menu_order":20,"comment_status":"closed","ping_status":"closed","template":"template-rooms.php","meta":{"footnotes":""},"yoast_head":"<!-- This site is optimized with the Yoast SEO plugin v22.3 - https:\/\/yoast.com\/wordpress\/plugins\/seo\/ -->\n<title>Zimmer &#183; Hotel Majestic Toscanelli &#183;<\/title>\n<meta name=\"description\" content=\"Das Hotel ist in einem historischen Geb\u00e4ude untergebracht und in den Zimmern und B\u00e4dern ist die faszinierende Geschichte \u00fcberall sp\u00fcrbar. Auf Sie warten nicht die ger\u00e4umigen Zimmer der gro\u00dfen Hotelketten, sondern der Charme fr\u00fcherer Zeiten in einem liebevoll renovierten Boutique Hotel, bei dem gr\u00f6\u00dfter Wert auf jedes noch so kleine Detail gelegt wird.  Die 34 Zimmer des Majestic Hotel Toscanelli: 3 Suiten, 3 Junior Suiten und 28 Doppelzimmer in den Kategorien Comfort, Standard und Francesi, alle mit originaler Einrichtung und jedes Zimmer mit seiner eigenen Pers\u00f6nlichkeit.  Einige Zimmer sind im englischen Stil des 19\" \/>\n<meta name=\"robots\" content=\"index, follow, max-snippet:-1, max-image-preview:large, max-video-preview:-1\" \/>\n<link rel=\"canonical\" href=\"https:\/\/www.toscanelli.com\/de\/zimmer\/\" \/>\n<meta property=\"og:locale\" content=\"de_DE\" \/>\n<meta property=\"og:type\" content=\"article\" \/>\n<meta property=\"og:title\" content=\"Zimmer &#183; Hotel Majestic Toscanelli &#183;\" \/>\n<meta property=\"og:description\" content=\"Das Hotel ist in einem historischen Geb\u00e4ude untergebracht und in den Zimmern und B\u00e4dern ist die faszinierende Geschichte \u00fcberall sp\u00fcrbar. Auf Sie warten nicht die ger\u00e4umigen Zimmer der gro\u00dfen Hotelketten, sondern der Charme fr\u00fcherer Zeiten in einem liebevoll renovierten Boutique Hotel, bei dem gr\u00f6\u00dfter Wert auf jedes noch so kleine Detail gelegt wird.  Die 34 Zimmer des Majestic Hotel Toscanelli: 3 Suiten, 3 Junior Suiten und 28 Doppelzimmer in den Kategorien Comfort, Standard und Francesi, alle mit originaler Einrichtung und jedes Zimmer mit seiner eigenen Pers\u00f6nlichkeit.  Einige Zimmer sind im englischen Stil des 19\" \/>\n<meta property=\"og:url\" content=\"https:\/\/www.toscanelli.com\/de\/zimmer\/\" \/>\n<meta property=\"og:site_name\" content=\"Hotel Majestic Toscanelli\" \/>\n<meta property=\"article:publisher\" content=\"https:\/\/www.facebook.com\/pages\/Majestic-Toscanelli-Hotel\/114599601894384\" \/>\n<meta property=\"article:modified_time\" content=\"2024-11-07T16:53:03+00:00\" \/>\n<meta name=\"twitter:card\" content=\"summary_large_image\" \/>\n<meta name=\"twitter:label1\" content=\"Gesch\u00e4tzte Lesezeit\" \/>\n\t<meta name=\"twitter:data1\" content=\"1 Minute\" \/>\n<script type=\"application\/ld+json\" class=\"yoast-schema-graph\">{\"@context\":\"https:\/\/schema.org\",\"@graph\":[{\"@type\":\"WebPage\",\"@id\":\"https:\/\/www.toscanelli.com\/de\/zimmer\/\",\"url\":\"https:\/\/www.toscanelli.com\/de\/zimmer\/\",\"name\":\"Zimmer &#183; Hotel Majestic Toscanelli &#183;\",\"isPartOf\":{\"@id\":\"https:\/\/www.toscanelli.com\/de\/#website\"},\"datePublished\":\"2024-05-08T11:13:30+00:00\",\"dateModified\":\"2024-11-07T16:53:03+00:00\",\"description\":\"Das Hotel ist in einem historischen Geb\u00e4ude untergebracht und in den Zimmern und B\u00e4dern ist die faszinierende Geschichte \u00fcberall sp\u00fcrbar. Auf Sie warten nicht die ger\u00e4umigen Zimmer der gro\u00dfen Hotelketten, sondern der Charme fr\u00fcherer Zeiten in einem liebevoll renovierten Boutique Hotel, bei dem gr\u00f6\u00dfter Wert auf jedes noch so kleine Detail gelegt wird. Die 34 Zimmer des Majestic Hotel Toscanelli: 3 Suiten, 3 Junior Suiten und 28 Doppelzimmer in den Kategorien Comfort, Standard und Francesi, alle mit originaler Einrichtung und jedes Zimmer mit seiner eigenen Pers\u00f6nlichkeit. Einige Zimmer sind im englischen Stil des 19\",\"breadcrumb\":{\"@id\":\"https:\/\/www.toscanelli.com\/de\/zimmer\/#breadcrumb\"},\"inLanguage\":\"de-DE\",\"potentialAction\":[{\"@type\":\"ReadAction\",\"target\":[\"https:\/\/www.toscanelli.com\/de\/zimmer\/\"]}]},{\"@type\":\"BreadcrumbList\",\"@id\":\"https:\/\/www.toscanelli.com\/de\/zimmer\/#breadcrumb\",\"itemListElement\":[{\"@type\":\"ListItem\",\"position\":1,\"name\":\"Home\",\"item\":\"https:\/\/www.toscanelli.com\/de\/\"},{\"@type\":\"ListItem\",\"position\":2,\"name\":\"Zimmer\"}]},{\"@type\":\"WebSite\",\"@id\":\"https:\/\/www.toscanelli.com\/de\/#website\",\"url\":\"https:\/\/www.toscanelli.com\/de\/\",\"name\":\"Hotel Majestic Toscanelli\",\"description\":\"\",\"potentialAction\":[{\"@type\":\"SearchAction\",\"target\":{\"@type\":\"EntryPoint\",\"urlTemplate\":\"https:\/\/www.toscanelli.com\/de\/?s={search_term_string}\"},\"query-input\":\"required name=search_term_string\"}],\"inLanguage\":\"de-DE\"}]}<\/script>\n<!-- \/ Yoast SEO plugin. -->","yoast_head_json":{"title":"Zimmer &#183; Hotel Majestic Toscanelli &#183;","description":"Das Hotel ist in einem historischen Geb\u00e4ude untergebracht und in den Zimmern und B\u00e4dern ist die faszinierende Geschichte \u00fcberall sp\u00fcrbar. Auf Sie warten nicht die ger\u00e4umigen Zimmer der gro\u00dfen Hotelketten, sondern der Charme fr\u00fcherer Zeiten in einem liebevoll renovierten Boutique Hotel, bei dem gr\u00f6\u00dfter Wert auf jedes noch so kleine Detail gelegt wird.  Die 34 Zimmer des Majestic Hotel Toscanelli: 3 Suiten, 3 Junior Suiten und 28 Doppelzimmer in den Kategorien Comfort, Standard und Francesi, alle mit originaler Einrichtung und jedes Zimmer mit seiner eigenen Pers\u00f6nlichkeit.  Einige Zimmer sind im englischen Stil des 19","robots":{"index":"index","follow":"follow","max-snippet":"max-snippet:-1","max-image-preview":"max-image-preview:large","max-video-preview":"max-video-preview:-1"},"canonical":"https:\/\/www.toscanelli.com\/de\/zimmer\/","og_locale":"de_DE","og_type":"article","og_title":"Zimmer &#183; Hotel Majestic Toscanelli &#183;","og_description":"Das Hotel ist in einem historischen Geb\u00e4ude untergebracht und in den Zimmern und B\u00e4dern ist die faszinierende Geschichte \u00fcberall sp\u00fcrbar. Auf Sie warten nicht die ger\u00e4umigen Zimmer der gro\u00dfen Hotelketten, sondern der Charme fr\u00fcherer Zeiten in einem liebevoll renovierten Boutique Hotel, bei dem gr\u00f6\u00dfter Wert auf jedes noch so kleine Detail gelegt wird.  Die 34 Zimmer des Majestic Hotel Toscanelli: 3 Suiten, 3 Junior Suiten und 28 Doppelzimmer in den Kategorien Comfort, Standard und Francesi, alle mit originaler Einrichtung und jedes Zimmer mit seiner eigenen Pers\u00f6nlichkeit.  Einige Zimmer sind im englischen Stil des 19","og_url":"https:\/\/www.toscanelli.com\/de\/zimmer\/","og_site_name":"Hotel Majestic Toscanelli","article_publisher":"https:\/\/www.facebook.com\/pages\/Majestic-Toscanelli-Hotel\/114599601894384","article_modified_time":"2024-11-07T16:53:03+00:00","twitter_card":"summary_large_image","twitter_misc":{"Gesch\u00e4tzte Lesezeit":"1 Minute"},"schema":{"@context":"https:\/\/schema.org","@graph":[{"@type":"WebPage","@id":"https:\/\/www.toscanelli.com\/de\/zimmer\/","url":"https:\/\/www.toscanelli.com\/de\/zimmer\/","name":"Zimmer &#183; Hotel Majestic Toscanelli &#183;","isPartOf":{"@id":"https:\/\/www.toscanelli.com\/de\/#website"},"datePublished":"2024-05-08T11:13:30+00:00","dateModified":"2024-11-07T16:53:03+00:00","description":"Das Hotel ist in einem historischen Geb\u00e4ude untergebracht und in den Zimmern und B\u00e4dern ist die faszinierende Geschichte \u00fcberall sp\u00fcrbar. Auf Sie warten nicht die ger\u00e4umigen Zimmer der gro\u00dfen Hotelketten, sondern der Charme fr\u00fcherer Zeiten in einem liebevoll renovierten Boutique Hotel, bei dem gr\u00f6\u00dfter Wert auf jedes noch so kleine Detail gelegt wird. Die 34 Zimmer des Majestic Hotel Toscanelli: 3 Suiten, 3 Junior Suiten und 28 Doppelzimmer in den Kategorien Comfort, Standard und Francesi, alle mit originaler Einrichtung und jedes Zimmer mit seiner eigenen Pers\u00f6nlichkeit. Einige Zimmer sind im englischen Stil des 19","breadcrumb":{"@id":"https:\/\/www.toscanelli.com\/de\/zimmer\/#breadcrumb"},"inLanguage":"de-DE","potentialAction":[{"@type":"ReadAction","target":["https:\/\/www.toscanelli.com\/de\/zimmer\/"]}]},{"@type":"BreadcrumbList","@id":"https:\/\/www.toscanelli.com\/de\/zimmer\/#breadcrumb","itemListElement":[{"@type":"ListItem","position":1,"name":"Home","item":"https:\/\/www.toscanelli.com\/de\/"},{"@type":"ListItem","position":2,"name":"Zimmer"}]},{"@type":"WebSite","@id":"https:\/\/www.toscanelli.com\/de\/#website","url":"https:\/\/www.toscanelli.com\/de\/","name":"Hotel Majestic Toscanelli","description":"","potentialAction":[{"@type":"SearchAction","target":{"@type":"EntryPoint","urlTemplate":"https:\/\/www.toscanelli.com\/de\/?s={search_term_string}"},"query-input":"required name=search_term_string"}],"inLanguage":"de-DE"}]}},"acf":[],"_links":{"self":[{"href":"https:\/\/www.toscanelli.com\/de\/wp-json\/wp\/v2\/pages\/414"}],"collection":[{"href":"https:\/\/www.toscanelli.com\/de\/wp-json\/wp\/v2\/pages"}],"about":[{"href":"https:\/\/www.toscanelli.com\/de\/wp-json\/wp\/v2\/types\/page"}],"author":[{"embeddable":true,"href":"https:\/\/www.toscanelli.com\/de\/wp-json\/wp\/v2\/users\/26"}],"replies":[{"embeddable":true,"href":"https:\/\/www.toscanelli.com\/de\/wp-json\/wp\/v2\/comments?post=414"}],"version-history":[{"count":0,"href":"https:\/\/www.toscanelli.com\/de\/wp-json\/wp\/v2\/pages\/414\/revisions"}],"wp:attachment":[{"href":"https:\/\/www.toscanelli.com\/de\/wp-json\/wp\/v2\/media?parent=414"}],"curies":[{"name":"wp","href":"https:\/\/api.w.org\/{rel}","templated":true}]}}