{"id":289,"date":"2024-05-08T10:04:33","date_gmt":"2024-05-08T08:04:33","guid":{"rendered":"https:\/\/toscanelli.ms2.decms.eu\/?page_id=289"},"modified":"2024-10-22T17:20:47","modified_gmt":"2024-10-22T15:20:47","slug":"hotel-majestic-toscanelli","status":"publish","type":"page","link":"https:\/\/www.toscanelli.com\/de\/","title":{"rendered":"Hotel Majestic Toscanelli"},"content":{"rendered":"<p>Ein Urlaub im Majestic Hotel Toscanelli ist eine einzigartige Emotion, die man einfach erlebt haben muss. Das Hotel kann zu Recht als Boutique Hotel von Padua bezeichnet werden.<\/p>\n<p>Eine einzigartige Lage!<\/p>\n<p>Das Hotel Majestic Toscanelli ist das einzige Hotel, das sich im \u00e4ltesten Teil der historischen Altstadt befindet, dem &#8222;Ghetto&#8220; <strong>mit seinen charmanten Str\u00e4\u00dfchen und Gassen, die zu den beliebtesten Fotomotiven der Stadt z\u00e4hlen<\/strong>, nur wenige Schritte von den drei ber\u00fchmten Pl\u00e4tzen Piazza delle Erbe, Piazza della Frutta und Piazza dei Signori entfernt.<\/p>\n<p>Das Hotel ist in einem historischen Geb\u00e4ude aus dem 16. Jahrhundert untergebracht und in den Zimmern und B\u00e4dern ist die faszinierende Geschichte \u00fcberall sp\u00fcrbar.<\/p>\n<p><strong>Auf Sie warten nicht die ger\u00e4umigen Zimmer der gro\u00dfen Hotelketten, sondern der Charme fr\u00fcherer Zeiten in einem liebevoll renovierten Boutique Hotel, bei dem gr\u00f6\u00dfter Wert auf jedes noch so kleine Detail gelegt wird.<\/strong><\/p>\n<p>Das Hotel liegt in einer Zone mit beschr\u00e4nktem Verkehr, unsere G\u00e4ste haben aber kostenlos Zufahrt zum Hotel, wenn sie ihr Kennzeichen beim Check-In registrieren lassen.<\/p>\n","protected":false},"excerpt":{"rendered":"<p>Ein Urlaub im Majestic Hotel Toscanelli ist eine einzigartige Emotion, die man einfach erlebt haben muss. Das Hotel kann zu Recht als Boutique Hotel von Padua bezeichnet werden. Eine einzigartige Lage! Das Hotel Majestic Toscanelli ist das einzige Hotel, das sich im \u00e4ltesten Teil der historischen Altstadt befindet, dem &#8222;Ghetto&#8220; mit seinen charmanten Str\u00e4\u00dfchen und [&hellip;]<\/p>\n","protected":false},"author":26,"featured_media":0,"parent":0,"menu_order":10,"comment_status":"closed","ping_status":"closed","template":"","meta":{"footnotes":""},"class_list":["post-289","page","type-page","status-publish","hentry"],"yoast_head":"<!-- This site is optimized with the Yoast SEO plugin v27.3 - https:\/\/yoast.com\/product\/yoast-seo-wordpress\/ -->\n<title>Hotel Majestic Toscanelli &#183; Hotel Majestic Toscanelli &#183;<\/title>\n<meta name=\"description\" content=\"Ein Urlaub im Majestic Hotel Toscanelli ist eine einzigartige Emotion, die man einfach erlebt haben muss. Das Hotel kann zu Recht als Boutique Hotel von Padua bezeichnet werden.  Eine einzigartige Lage!  Das Hotel Majestic Toscanelli ist das einzige Hotel, das sich im \u00e4ltesten Teil der historischen Altstadt befindet, dem &quot;Ghetto&quot; mit seinen charmanten Str\u00e4\u00dfchen und Gassen, die zu den beliebtesten Fotomotiven der Stadt z\u00e4hlen, nur wenige Schritte von den drei ber\u00fchmten Pl\u00e4tzen Piazza delle Erbe, Piazza della Frutta und Piazza dei Signori entfernt.  Das Hotel ist in einem historischen Geb\u00e4ude aus dem 16\" \/>\n<meta name=\"robots\" content=\"index, follow, max-snippet:-1, max-image-preview:large, max-video-preview:-1\" \/>\n<link rel=\"canonical\" href=\"https:\/\/www.toscanelli.com\/de\/\" \/>\n<meta property=\"og:locale\" content=\"de_DE\" \/>\n<meta property=\"og:type\" content=\"article\" \/>\n<meta property=\"og:title\" content=\"Hotel Majestic Toscanelli &#183; Hotel Majestic Toscanelli &#183;\" \/>\n<meta property=\"og:description\" content=\"Ein Urlaub im Majestic Hotel Toscanelli ist eine einzigartige Emotion, die man einfach erlebt haben muss. Das Hotel kann zu Recht als Boutique Hotel von Padua bezeichnet werden.  Eine einzigartige Lage!  Das Hotel Majestic Toscanelli ist das einzige Hotel, das sich im \u00e4ltesten Teil der historischen Altstadt befindet, dem &quot;Ghetto&quot; mit seinen charmanten Str\u00e4\u00dfchen und Gassen, die zu den beliebtesten Fotomotiven der Stadt z\u00e4hlen, nur wenige Schritte von den drei ber\u00fchmten Pl\u00e4tzen Piazza delle Erbe, Piazza della Frutta und Piazza dei Signori entfernt.  Das Hotel ist in einem historischen Geb\u00e4ude aus dem 16\" \/>\n<meta property=\"og:url\" content=\"https:\/\/www.toscanelli.com\/de\/\" \/>\n<meta property=\"og:site_name\" content=\"Hotel Majestic Toscanelli\" \/>\n<meta property=\"article:publisher\" content=\"https:\/\/www.facebook.com\/pages\/Majestic-Toscanelli-Hotel\/114599601894384\" \/>\n<meta property=\"article:modified_time\" content=\"2024-10-22T15:20:47+00:00\" \/>\n<meta name=\"twitter:card\" content=\"summary_large_image\" \/>\n<meta name=\"twitter:label1\" content=\"Gesch\u00e4tzte Lesezeit\" \/>\n\t<meta name=\"twitter:data1\" content=\"1 Minute\" \/>\n<script type=\"application\/ld+json\" class=\"yoast-schema-graph\">{\"@context\":\"https:\\\/\\\/schema.org\",\"@graph\":[{\"@type\":\"WebPage\",\"@id\":\"https:\\\/\\\/www.toscanelli.com\\\/de\\\/\",\"url\":\"https:\\\/\\\/www.toscanelli.com\\\/de\\\/\",\"name\":\"Hotel Majestic Toscanelli &#183; Hotel Majestic Toscanelli &#183;\",\"isPartOf\":{\"@id\":\"https:\\\/\\\/www.toscanelli.com\\\/de\\\/#website\"},\"datePublished\":\"2024-05-08T08:04:33+00:00\",\"dateModified\":\"2024-10-22T15:20:47+00:00\",\"description\":\"Ein Urlaub im Majestic Hotel Toscanelli ist eine einzigartige Emotion, die man einfach erlebt haben muss. Das Hotel kann zu Recht als Boutique Hotel von Padua bezeichnet werden. Eine einzigartige Lage! Das Hotel Majestic Toscanelli ist das einzige Hotel, das sich im \u00e4ltesten Teil der historischen Altstadt befindet, dem \\\"Ghetto\\\" mit seinen charmanten Str\u00e4\u00dfchen und Gassen, die zu den beliebtesten Fotomotiven der Stadt z\u00e4hlen, nur wenige Schritte von den drei ber\u00fchmten Pl\u00e4tzen Piazza delle Erbe, Piazza della Frutta und Piazza dei Signori entfernt. Das Hotel ist in einem historischen Geb\u00e4ude aus dem 16\",\"breadcrumb\":{\"@id\":\"https:\\\/\\\/www.toscanelli.com\\\/de\\\/#breadcrumb\"},\"inLanguage\":\"de-DE\",\"potentialAction\":[{\"@type\":\"ReadAction\",\"target\":[\"https:\\\/\\\/www.toscanelli.com\\\/de\\\/\"]}]},{\"@type\":\"BreadcrumbList\",\"@id\":\"https:\\\/\\\/www.toscanelli.com\\\/de\\\/#breadcrumb\",\"itemListElement\":[{\"@type\":\"ListItem\",\"position\":1,\"name\":\"Home\",\"item\":\"https:\\\/\\\/www.toscanelli.com\\\/de\\\/\"},{\"@type\":\"ListItem\",\"position\":2,\"name\":\"Hotel Majestic Toscanelli\"}]},{\"@type\":\"WebSite\",\"@id\":\"https:\\\/\\\/www.toscanelli.com\\\/de\\\/#website\",\"url\":\"https:\\\/\\\/www.toscanelli.com\\\/de\\\/\",\"name\":\"Hotel Majestic Toscanelli\",\"description\":\"\",\"potentialAction\":[{\"@type\":\"SearchAction\",\"target\":{\"@type\":\"EntryPoint\",\"urlTemplate\":\"https:\\\/\\\/www.toscanelli.com\\\/de\\\/?s={search_term_string}\"},\"query-input\":{\"@type\":\"PropertyValueSpecification\",\"valueRequired\":true,\"valueName\":\"search_term_string\"}}],\"inLanguage\":\"de-DE\"}]}<\/script>\n<!-- \/ Yoast SEO plugin. -->","yoast_head_json":{"title":"Hotel Majestic Toscanelli &#183; Hotel Majestic Toscanelli &#183;","description":"Ein Urlaub im Majestic Hotel Toscanelli ist eine einzigartige Emotion, die man einfach erlebt haben muss. Das Hotel kann zu Recht als Boutique Hotel von Padua bezeichnet werden.  Eine einzigartige Lage!  Das Hotel Majestic Toscanelli ist das einzige Hotel, das sich im \u00e4ltesten Teil der historischen Altstadt befindet, dem \"Ghetto\" mit seinen charmanten Str\u00e4\u00dfchen und Gassen, die zu den beliebtesten Fotomotiven der Stadt z\u00e4hlen, nur wenige Schritte von den drei ber\u00fchmten Pl\u00e4tzen Piazza delle Erbe, Piazza della Frutta und Piazza dei Signori entfernt.  Das Hotel ist in einem historischen Geb\u00e4ude aus dem 16","robots":{"index":"index","follow":"follow","max-snippet":"max-snippet:-1","max-image-preview":"max-image-preview:large","max-video-preview":"max-video-preview:-1"},"canonical":"https:\/\/www.toscanelli.com\/de\/","og_locale":"de_DE","og_type":"article","og_title":"Hotel Majestic Toscanelli &#183; Hotel Majestic Toscanelli &#183;","og_description":"Ein Urlaub im Majestic Hotel Toscanelli ist eine einzigartige Emotion, die man einfach erlebt haben muss. Das Hotel kann zu Recht als Boutique Hotel von Padua bezeichnet werden.  Eine einzigartige Lage!  Das Hotel Majestic Toscanelli ist das einzige Hotel, das sich im \u00e4ltesten Teil der historischen Altstadt befindet, dem \"Ghetto\" mit seinen charmanten Str\u00e4\u00dfchen und Gassen, die zu den beliebtesten Fotomotiven der Stadt z\u00e4hlen, nur wenige Schritte von den drei ber\u00fchmten Pl\u00e4tzen Piazza delle Erbe, Piazza della Frutta und Piazza dei Signori entfernt.  Das Hotel ist in einem historischen Geb\u00e4ude aus dem 16","og_url":"https:\/\/www.toscanelli.com\/de\/","og_site_name":"Hotel Majestic Toscanelli","article_publisher":"https:\/\/www.facebook.com\/pages\/Majestic-Toscanelli-Hotel\/114599601894384","article_modified_time":"2024-10-22T15:20:47+00:00","twitter_card":"summary_large_image","twitter_misc":{"Gesch\u00e4tzte Lesezeit":"1 Minute"},"schema":{"@context":"https:\/\/schema.org","@graph":[{"@type":"WebPage","@id":"https:\/\/www.toscanelli.com\/de\/","url":"https:\/\/www.toscanelli.com\/de\/","name":"Hotel Majestic Toscanelli &#183; Hotel Majestic Toscanelli &#183;","isPartOf":{"@id":"https:\/\/www.toscanelli.com\/de\/#website"},"datePublished":"2024-05-08T08:04:33+00:00","dateModified":"2024-10-22T15:20:47+00:00","description":"Ein Urlaub im Majestic Hotel Toscanelli ist eine einzigartige Emotion, die man einfach erlebt haben muss. Das Hotel kann zu Recht als Boutique Hotel von Padua bezeichnet werden. Eine einzigartige Lage! Das Hotel Majestic Toscanelli ist das einzige Hotel, das sich im \u00e4ltesten Teil der historischen Altstadt befindet, dem \"Ghetto\" mit seinen charmanten Str\u00e4\u00dfchen und Gassen, die zu den beliebtesten Fotomotiven der Stadt z\u00e4hlen, nur wenige Schritte von den drei ber\u00fchmten Pl\u00e4tzen Piazza delle Erbe, Piazza della Frutta und Piazza dei Signori entfernt. Das Hotel ist in einem historischen Geb\u00e4ude aus dem 16","breadcrumb":{"@id":"https:\/\/www.toscanelli.com\/de\/#breadcrumb"},"inLanguage":"de-DE","potentialAction":[{"@type":"ReadAction","target":["https:\/\/www.toscanelli.com\/de\/"]}]},{"@type":"BreadcrumbList","@id":"https:\/\/www.toscanelli.com\/de\/#breadcrumb","itemListElement":[{"@type":"ListItem","position":1,"name":"Home","item":"https:\/\/www.toscanelli.com\/de\/"},{"@type":"ListItem","position":2,"name":"Hotel Majestic Toscanelli"}]},{"@type":"WebSite","@id":"https:\/\/www.toscanelli.com\/de\/#website","url":"https:\/\/www.toscanelli.com\/de\/","name":"Hotel Majestic Toscanelli","description":"","potentialAction":[{"@type":"SearchAction","target":{"@type":"EntryPoint","urlTemplate":"https:\/\/www.toscanelli.com\/de\/?s={search_term_string}"},"query-input":{"@type":"PropertyValueSpecification","valueRequired":true,"valueName":"search_term_string"}}],"inLanguage":"de-DE"}]}},"acf":[],"_links":{"self":[{"href":"https:\/\/www.toscanelli.com\/de\/wp-json\/wp\/v2\/pages\/289","targetHints":{"allow":["GET"]}}],"collection":[{"href":"https:\/\/www.toscanelli.com\/de\/wp-json\/wp\/v2\/pages"}],"about":[{"href":"https:\/\/www.toscanelli.com\/de\/wp-json\/wp\/v2\/types\/page"}],"author":[{"embeddable":true,"href":"https:\/\/www.toscanelli.com\/de\/wp-json\/wp\/v2\/users\/26"}],"replies":[{"embeddable":true,"href":"https:\/\/www.toscanelli.com\/de\/wp-json\/wp\/v2\/comments?post=289"}],"version-history":[{"count":0,"href":"https:\/\/www.toscanelli.com\/de\/wp-json\/wp\/v2\/pages\/289\/revisions"}],"wp:attachment":[{"href":"https:\/\/www.toscanelli.com\/de\/wp-json\/wp\/v2\/media?parent=289"}],"curies":[{"name":"wp","href":"https:\/\/api.w.org\/{rel}","templated":true}]}}